{"id":104184,"date":"2022-02-01T16:13:38","date_gmt":"2022-02-01T16:13:37","guid":{"rendered":"https:\/\/bngrealshoes.com\/?post_type=product&#038;p=104184"},"modified":"2024-02-21T14:06:09","modified_gmt":"2024-02-21T14:06:09","slug":"u1901t-o-9a-la-militare-canvas","status":"publish","type":"product","link":"https:\/\/bngrealshoes.com\/it\/prodotto\/u1901t-o-9a-la-militare-canvas\/","title":{"rendered":"U1901T\/O-9A &#8211; LA MILITARE Canvas"},"content":{"rendered":"<p>La Militare Canvas \u00e8 uno sneakers in stile Basket, realizzato in morbidissima pelle e tessuto Canvas colorati a mano. Successivamente lavorato e invecchiato a mano per dare un aspetto vintage. La fodera \u00e8 in pelle che dona un effetto di totale traspirabilit\u00e0. Il piede \u00e8 completamente avvolto in materiale naturale e salutare. La suola \u00e8 in leggerissima EVA fresato su misura.<br \/>\nInteramente fatto a mano in Veneto &#8211; Italia<\/p>\n","protected":false},"excerpt":{"rendered":"<p>La Militare Canvas \u00e8 uno sneakers in stile Basket, realizzato in morbidissima pelle e tessuto Canvas colorati a mano. Successivamente lavorato e invecchiato a mano per dare un aspetto vintage. La fodera \u00e8 in pelle che dona un effetto di totale traspirabilit\u00e0. Il piede \u00e8 completamente avvolto in materiale naturale e salutare. La suola \u00e8 in leggerissima EVA fresato su misura.<br \/>\nInteramente fatto a mano in Veneto &#8211; Italia<\/p>\n","protected":false},"featured_media":104189,"template":"","meta":{"_acf_changed":false,"inline_featured_image":false},"product_cat":[214,218,219],"product_tag":[246,247,250,253,255,257,242,243,244,245],"class_list":{"0":"post-104184","1":"product","2":"type-product","3":"status-publish","4":"has-post-thumbnail","6":"product_cat-all-seasons-it","7":"product_cat-low-profile-it","8":"product_cat-men-shoes-it","9":"product_tag-sneakers-it","10":"product_tag-fatto-a-mano-it-2","11":"product_tag-artigianato-it","12":"product_tag-fashion-it","13":"product_tag-biker-boot-it","14":"product_tag-made-in-italy-it","15":"product_tag-scarpe-it","16":"product_tag-scarpe-uomo-it-2","17":"product_tag-men-shoes-it","18":"product_tag-scarpe-fatte-a-mano","19":"pa_size-39-it","20":"pa_size-40-it","21":"pa_size-41-it","22":"pa_size-42-it","23":"pa_size-43-it","24":"pa_size-44-it","25":"pa_size-45-it","26":"pa_size-46-it","27":"pa_size-47-it","29":"first","30":"instock","31":"shipping-taxable","32":"purchasable","33":"product-type-variable"},"acf":[],"yoast_head":"<!-- This site is optimized with the Yoast SEO plugin v24.1 - https:\/\/yoast.com\/wordpress\/plugins\/seo\/ -->\n<title>U1901T\/O-9A - LA MILITARE Canvas | BnGRS<\/title>\n<meta name=\"description\" content=\"La Militare Canvas \u00e8 uno sneakers in stile Basket, realizzato in morbidissima pelle e tessuto Canvas colorati a mano. Successivamente lavorato e invecchiato a mano per dare un aspetto vintage. La fodera \u00e8 in pelle che dona un effetto di totale traspirabilit\u00e0. Il piede \u00e8 completamente avvolto in materiale naturale e salutare. La suola \u00e8 in leggerissima EVA fresato su misura.Interamente fatto a mano in Veneto - Italia\" \/>\n<meta name=\"robots\" content=\"index, follow, max-snippet:-1, max-image-preview:large, max-video-preview:-1\" \/>\n<link rel=\"canonical\" href=\"https:\/\/bngrealshoes.com\/it\/prodotto\/u1901t-o-9a-la-militare-canvas\/\" \/>\n<meta property=\"og:locale\" content=\"it_IT\" \/>\n<meta property=\"og:type\" content=\"article\" \/>\n<meta property=\"og:title\" content=\"U1901T\/O-9A - LA MILITARE Canvas | BnGRS\" \/>\n<meta property=\"og:description\" content=\"La Militare Canvas \u00e8 uno sneakers in stile Basket, realizzato in morbidissima pelle e tessuto Canvas colorati a mano. Successivamente lavorato e invecchiato a mano per dare un aspetto vintage. La fodera \u00e8 in pelle che dona un effetto di totale traspirabilit\u00e0. Il piede \u00e8 completamente avvolto in materiale naturale e salutare. La suola \u00e8 in leggerissima EVA fresato su misura.Interamente fatto a mano in Veneto - Italia\" \/>\n<meta property=\"og:url\" content=\"https:\/\/bngrealshoes.com\/it\/prodotto\/u1901t-o-9a-la-militare-canvas\/\" \/>\n<meta property=\"og:site_name\" content=\"BnGRS\" \/>\n<meta property=\"article:publisher\" content=\"https:\/\/www.facebook.com\/BnGRealShoes\/\" \/>\n<meta property=\"article:modified_time\" content=\"2024-02-21T14:06:09+00:00\" \/>\n<meta property=\"og:image\" content=\"https:\/\/bngrealshoes.com\/wp-content\/uploads\/2022\/02\/LA-MILITARE-CANVAS-1.jpg\" \/>\n\t<meta property=\"og:image:width\" content=\"640\" \/>\n\t<meta property=\"og:image:height\" content=\"426\" \/>\n\t<meta property=\"og:image:type\" content=\"image\/jpeg\" \/>\n<meta name=\"twitter:card\" content=\"summary_large_image\" \/>\n<meta name=\"twitter:label1\" content=\"Tempo di lettura stimato\" \/>\n\t<meta name=\"twitter:data1\" content=\"1 minuto\" \/>\n<script type=\"application\/ld+json\" class=\"yoast-schema-graph\">{\"@context\":\"https:\/\/schema.org\",\"@graph\":[{\"@type\":\"WebPage\",\"@id\":\"https:\/\/bngrealshoes.com\/it\/prodotto\/u1901t-o-9a-la-militare-canvas\/\",\"url\":\"https:\/\/bngrealshoes.com\/it\/prodotto\/u1901t-o-9a-la-militare-canvas\/\",\"name\":\"U1901T\/O-9A - LA MILITARE Canvas | BnGRS\",\"isPartOf\":{\"@id\":\"https:\/\/bngrealshoes.com\/it\/#website\"},\"primaryImageOfPage\":{\"@id\":\"https:\/\/bngrealshoes.com\/it\/prodotto\/u1901t-o-9a-la-militare-canvas\/#primaryimage\"},\"image\":{\"@id\":\"https:\/\/bngrealshoes.com\/it\/prodotto\/u1901t-o-9a-la-militare-canvas\/#primaryimage\"},\"thumbnailUrl\":\"https:\/\/bngrealshoes.com\/wp-content\/uploads\/2022\/02\/LA-MILITARE-CANVAS-1.jpg\",\"datePublished\":\"2022-02-01T16:13:37+00:00\",\"dateModified\":\"2024-02-21T14:06:09+00:00\",\"description\":\"La Militare Canvas \u00e8 uno sneakers in stile Basket, realizzato in morbidissima pelle e tessuto Canvas colorati a mano. Successivamente lavorato e invecchiato a mano per dare un aspetto vintage. La fodera \u00e8 in pelle che dona un effetto di totale traspirabilit\u00e0. Il piede \u00e8 completamente avvolto in materiale naturale e salutare. La suola \u00e8 in leggerissima EVA fresato su misura.Interamente fatto a mano in Veneto - Italia\",\"breadcrumb\":{\"@id\":\"https:\/\/bngrealshoes.com\/it\/prodotto\/u1901t-o-9a-la-militare-canvas\/#breadcrumb\"},\"inLanguage\":\"it-IT\",\"potentialAction\":[{\"@type\":\"ReadAction\",\"target\":[\"https:\/\/bngrealshoes.com\/it\/prodotto\/u1901t-o-9a-la-militare-canvas\/\"]}]},{\"@type\":\"ImageObject\",\"inLanguage\":\"it-IT\",\"@id\":\"https:\/\/bngrealshoes.com\/it\/prodotto\/u1901t-o-9a-la-militare-canvas\/#primaryimage\",\"url\":\"https:\/\/bngrealshoes.com\/wp-content\/uploads\/2022\/02\/LA-MILITARE-CANVAS-1.jpg\",\"contentUrl\":\"https:\/\/bngrealshoes.com\/wp-content\/uploads\/2022\/02\/LA-MILITARE-CANVAS-1.jpg\",\"width\":640,\"height\":426},{\"@type\":\"BreadcrumbList\",\"@id\":\"https:\/\/bngrealshoes.com\/it\/prodotto\/u1901t-o-9a-la-militare-canvas\/#breadcrumb\",\"itemListElement\":[{\"@type\":\"ListItem\",\"position\":1,\"name\":\"Home\",\"item\":\"https:\/\/bngrealshoes.com\/it\/\"},{\"@type\":\"ListItem\",\"position\":2,\"name\":\"Shop\",\"item\":\"https:\/\/bngrealshoes.com\/it\/shop\/\"},{\"@type\":\"ListItem\",\"position\":3,\"name\":\"U1901T\/O-9A &#8211; LA MILITARE Canvas\"}]},{\"@type\":\"WebSite\",\"@id\":\"https:\/\/bngrealshoes.com\/it\/#website\",\"url\":\"https:\/\/bngrealshoes.com\/it\/\",\"name\":\"BnGRS\",\"description\":\"Real materials for real people.\",\"publisher\":{\"@id\":\"https:\/\/bngrealshoes.com\/it\/#organization\"},\"potentialAction\":[{\"@type\":\"SearchAction\",\"target\":{\"@type\":\"EntryPoint\",\"urlTemplate\":\"https:\/\/bngrealshoes.com\/it\/?s={search_term_string}\"},\"query-input\":{\"@type\":\"PropertyValueSpecification\",\"valueRequired\":true,\"valueName\":\"search_term_string\"}}],\"inLanguage\":\"it-IT\"},{\"@type\":\"Organization\",\"@id\":\"https:\/\/bngrealshoes.com\/it\/#organization\",\"name\":\"BnGRS\",\"url\":\"https:\/\/bngrealshoes.com\/it\/\",\"logo\":{\"@type\":\"ImageObject\",\"inLanguage\":\"it-IT\",\"@id\":\"https:\/\/bngrealshoes.com\/it\/#\/schema\/logo\/image\/\",\"url\":\"https:\/\/bngrealshoes.com\/wp-content\/uploads\/2020\/12\/4Risorsa-1.png\",\"contentUrl\":\"https:\/\/bngrealshoes.com\/wp-content\/uploads\/2020\/12\/4Risorsa-1.png\",\"width\":573,\"height\":541,\"caption\":\"BnGRS\"},\"image\":{\"@id\":\"https:\/\/bngrealshoes.com\/it\/#\/schema\/logo\/image\/\"},\"sameAs\":[\"https:\/\/www.facebook.com\/BnGRealShoes\/\",\"https:\/\/www.instagram.com\/bng_real_shoes\/\"]}]}<\/script>\n<!-- \/ Yoast SEO plugin. -->","yoast_head_json":{"title":"U1901T\/O-9A - LA MILITARE Canvas | BnGRS","description":"La Militare Canvas \u00e8 uno sneakers in stile Basket, realizzato in morbidissima pelle e tessuto Canvas colorati a mano. Successivamente lavorato e invecchiato a mano per dare un aspetto vintage. La fodera \u00e8 in pelle che dona un effetto di totale traspirabilit\u00e0. Il piede \u00e8 completamente avvolto in materiale naturale e salutare. La suola \u00e8 in leggerissima EVA fresato su misura.Interamente fatto a mano in Veneto - Italia","robots":{"index":"index","follow":"follow","max-snippet":"max-snippet:-1","max-image-preview":"max-image-preview:large","max-video-preview":"max-video-preview:-1"},"canonical":"https:\/\/bngrealshoes.com\/it\/prodotto\/u1901t-o-9a-la-militare-canvas\/","og_locale":"it_IT","og_type":"article","og_title":"U1901T\/O-9A - LA MILITARE Canvas | BnGRS","og_description":"La Militare Canvas \u00e8 uno sneakers in stile Basket, realizzato in morbidissima pelle e tessuto Canvas colorati a mano. Successivamente lavorato e invecchiato a mano per dare un aspetto vintage. La fodera \u00e8 in pelle che dona un effetto di totale traspirabilit\u00e0. Il piede \u00e8 completamente avvolto in materiale naturale e salutare. La suola \u00e8 in leggerissima EVA fresato su misura.Interamente fatto a mano in Veneto - Italia","og_url":"https:\/\/bngrealshoes.com\/it\/prodotto\/u1901t-o-9a-la-militare-canvas\/","og_site_name":"BnGRS","article_publisher":"https:\/\/www.facebook.com\/BnGRealShoes\/","article_modified_time":"2024-02-21T14:06:09+00:00","og_image":[{"width":640,"height":426,"url":"https:\/\/bngrealshoes.com\/wp-content\/uploads\/2022\/02\/LA-MILITARE-CANVAS-1.jpg","type":"image\/jpeg"}],"twitter_card":"summary_large_image","twitter_misc":{"Tempo di lettura stimato":"1 minuto"},"schema":{"@context":"https:\/\/schema.org","@graph":[{"@type":"WebPage","@id":"https:\/\/bngrealshoes.com\/it\/prodotto\/u1901t-o-9a-la-militare-canvas\/","url":"https:\/\/bngrealshoes.com\/it\/prodotto\/u1901t-o-9a-la-militare-canvas\/","name":"U1901T\/O-9A - LA MILITARE Canvas | BnGRS","isPartOf":{"@id":"https:\/\/bngrealshoes.com\/it\/#website"},"primaryImageOfPage":{"@id":"https:\/\/bngrealshoes.com\/it\/prodotto\/u1901t-o-9a-la-militare-canvas\/#primaryimage"},"image":{"@id":"https:\/\/bngrealshoes.com\/it\/prodotto\/u1901t-o-9a-la-militare-canvas\/#primaryimage"},"thumbnailUrl":"https:\/\/bngrealshoes.com\/wp-content\/uploads\/2022\/02\/LA-MILITARE-CANVAS-1.jpg","datePublished":"2022-02-01T16:13:37+00:00","dateModified":"2024-02-21T14:06:09+00:00","description":"La Militare Canvas \u00e8 uno sneakers in stile Basket, realizzato in morbidissima pelle e tessuto Canvas colorati a mano. Successivamente lavorato e invecchiato a mano per dare un aspetto vintage. La fodera \u00e8 in pelle che dona un effetto di totale traspirabilit\u00e0. Il piede \u00e8 completamente avvolto in materiale naturale e salutare. La suola \u00e8 in leggerissima EVA fresato su misura.Interamente fatto a mano in Veneto - Italia","breadcrumb":{"@id":"https:\/\/bngrealshoes.com\/it\/prodotto\/u1901t-o-9a-la-militare-canvas\/#breadcrumb"},"inLanguage":"it-IT","potentialAction":[{"@type":"ReadAction","target":["https:\/\/bngrealshoes.com\/it\/prodotto\/u1901t-o-9a-la-militare-canvas\/"]}]},{"@type":"ImageObject","inLanguage":"it-IT","@id":"https:\/\/bngrealshoes.com\/it\/prodotto\/u1901t-o-9a-la-militare-canvas\/#primaryimage","url":"https:\/\/bngrealshoes.com\/wp-content\/uploads\/2022\/02\/LA-MILITARE-CANVAS-1.jpg","contentUrl":"https:\/\/bngrealshoes.com\/wp-content\/uploads\/2022\/02\/LA-MILITARE-CANVAS-1.jpg","width":640,"height":426},{"@type":"BreadcrumbList","@id":"https:\/\/bngrealshoes.com\/it\/prodotto\/u1901t-o-9a-la-militare-canvas\/#breadcrumb","itemListElement":[{"@type":"ListItem","position":1,"name":"Home","item":"https:\/\/bngrealshoes.com\/it\/"},{"@type":"ListItem","position":2,"name":"Shop","item":"https:\/\/bngrealshoes.com\/it\/shop\/"},{"@type":"ListItem","position":3,"name":"U1901T\/O-9A &#8211; LA MILITARE Canvas"}]},{"@type":"WebSite","@id":"https:\/\/bngrealshoes.com\/it\/#website","url":"https:\/\/bngrealshoes.com\/it\/","name":"BnGRS","description":"Real materials for real people.","publisher":{"@id":"https:\/\/bngrealshoes.com\/it\/#organization"},"potentialAction":[{"@type":"SearchAction","target":{"@type":"EntryPoint","urlTemplate":"https:\/\/bngrealshoes.com\/it\/?s={search_term_string}"},"query-input":{"@type":"PropertyValueSpecification","valueRequired":true,"valueName":"search_term_string"}}],"inLanguage":"it-IT"},{"@type":"Organization","@id":"https:\/\/bngrealshoes.com\/it\/#organization","name":"BnGRS","url":"https:\/\/bngrealshoes.com\/it\/","logo":{"@type":"ImageObject","inLanguage":"it-IT","@id":"https:\/\/bngrealshoes.com\/it\/#\/schema\/logo\/image\/","url":"https:\/\/bngrealshoes.com\/wp-content\/uploads\/2020\/12\/4Risorsa-1.png","contentUrl":"https:\/\/bngrealshoes.com\/wp-content\/uploads\/2020\/12\/4Risorsa-1.png","width":573,"height":541,"caption":"BnGRS"},"image":{"@id":"https:\/\/bngrealshoes.com\/it\/#\/schema\/logo\/image\/"},"sameAs":["https:\/\/www.facebook.com\/BnGRealShoes\/","https:\/\/www.instagram.com\/bng_real_shoes\/"]}]}},"_links":{"self":[{"href":"https:\/\/bngrealshoes.com\/it\/wp-json\/wp\/v2\/product\/104184","targetHints":{"allow":["GET"]}}],"collection":[{"href":"https:\/\/bngrealshoes.com\/it\/wp-json\/wp\/v2\/product"}],"about":[{"href":"https:\/\/bngrealshoes.com\/it\/wp-json\/wp\/v2\/types\/product"}],"wp:featuredmedia":[{"embeddable":true,"href":"https:\/\/bngrealshoes.com\/it\/wp-json\/wp\/v2\/media\/104189"}],"wp:attachment":[{"href":"https:\/\/bngrealshoes.com\/it\/wp-json\/wp\/v2\/media?parent=104184"}],"wp:term":[{"taxonomy":"product_cat","embeddable":true,"href":"https:\/\/bngrealshoes.com\/it\/wp-json\/wp\/v2\/product_cat?post=104184"},{"taxonomy":"product_tag","embeddable":true,"href":"https:\/\/bngrealshoes.com\/it\/wp-json\/wp\/v2\/product_tag?post=104184"}],"curies":[{"name":"wp","href":"https:\/\/api.w.org\/{rel}","templated":true}]}}