{"id":105772,"date":"2022-07-25T08:02:25","date_gmt":"2022-07-25T08:02:26","guid":{"rendered":"https:\/\/bngrealshoes.com\/?post_type=product&#038;p=105772"},"modified":"2022-07-27T06:12:38","modified_gmt":"2022-07-27T06:12:38","slug":"d2214-10ayh-divina","status":"publish","type":"product","link":"https:\/\/bngrealshoes.com\/it\/prodotto\/d2214-10ayh-divina\/","title":{"rendered":"D2214-10AYH &#8211; LA DIVINA"},"content":{"rendered":"","protected":false},"excerpt":{"rendered":"","protected":false},"featured_media":105760,"template":"","meta":{"_acf_changed":false,"inline_featured_image":false},"product_cat":[216,224,214],"product_tag":[245,246,247,248,249,250,251,252,253,254,255,257,242],"class_list":{"0":"post-105772","1":"product","2":"type-product","3":"status-publish","4":"has-post-thumbnail","6":"product_cat-high-profile-it","7":"product_cat-woman-shoes-it","8":"product_cat-all-seasons-it","9":"product_tag-scarpe-fatte-a-mano","10":"product_tag-sneakers-it","11":"product_tag-fatto-a-mano-it-2","12":"product_tag-scarpe-italiane-it-2","13":"product_tag-scarpe-artigianali-it-2","14":"product_tag-artigianato-it","15":"product_tag-scarpe-donna-it","16":"product_tag-woman-shoes-it","17":"product_tag-fashion-it","18":"product_tag-stivali-bikers-it","19":"product_tag-biker-boot-it","20":"product_tag-made-in-italy-it","21":"product_tag-scarpe-it","22":"pa_size-36-it","23":"pa_size-37-it","24":"pa_size-38-it","25":"pa_size-39-it","26":"pa_size-40-it","27":"pa_size-41-it","29":"first","30":"outofstock","31":"shipping-taxable","32":"purchasable","33":"product-type-variable"},"acf":[],"yoast_head":"<!-- This site is optimized with the Yoast SEO plugin v24.1 - https:\/\/yoast.com\/wordpress\/plugins\/seo\/ -->\n<title>D2214-10AYH - LA DIVINA | BnGRS<\/title>\n<meta name=\"description\" content=\"\u201cLa Pop\u201d is a Bikers-style boot with internal zip for easy wearing, made of very soft calf worked and aged by hand to give a vintage look. The laces are in black cotton. In tutte le nostre scarpe le solette interne, realizzate in memory foam rivestite in pelle di vitello, in caso di necessit\u00e0 sono estraibili aumentando la calzata. Il bordo perimetrale della pelle \u00e8 tinto a mano in color cuoio naturale in tono con la fodera. La fodera \u00e8 in pelle di vitello scoperta che da un effetto di traspirabilit\u00e0 totale. Il piede \u00e8 completamente avvolto in materiale naturale e salutare. La suola \u00e8 un sandwich in leggerissimo EVA fresato su misura con battistrada in gomma. Interamente fatto a mano in Veneto \u2013 Italia Despite being a structured and important boot, it is incredibly comfortable to use every day. Interamente fatte a mano in Veneto - Italia\" \/>\n<meta name=\"robots\" content=\"index, follow, max-snippet:-1, max-image-preview:large, max-video-preview:-1\" \/>\n<link rel=\"canonical\" href=\"https:\/\/bngrealshoes.com\/it\/prodotto\/d2214-10ayh-divina\/\" \/>\n<meta property=\"og:locale\" content=\"it_IT\" \/>\n<meta property=\"og:type\" content=\"article\" \/>\n<meta property=\"og:title\" content=\"D2214-10AYH - LA DIVINA | BnGRS\" \/>\n<meta property=\"og:description\" content=\"\u201cLa Pop\u201d is a Bikers-style boot with internal zip for easy wearing, made of very soft calf worked and aged by hand to give a vintage look. The laces are in black cotton. In tutte le nostre scarpe le solette interne, realizzate in memory foam rivestite in pelle di vitello, in caso di necessit\u00e0 sono estraibili aumentando la calzata. Il bordo perimetrale della pelle \u00e8 tinto a mano in color cuoio naturale in tono con la fodera. La fodera \u00e8 in pelle di vitello scoperta che da un effetto di traspirabilit\u00e0 totale. Il piede \u00e8 completamente avvolto in materiale naturale e salutare. La suola \u00e8 un sandwich in leggerissimo EVA fresato su misura con battistrada in gomma. Interamente fatto a mano in Veneto \u2013 Italia Despite being a structured and important boot, it is incredibly comfortable to use every day. Interamente fatte a mano in Veneto - Italia\" \/>\n<meta property=\"og:url\" content=\"https:\/\/bngrealshoes.com\/it\/prodotto\/d2214-10ayh-divina\/\" \/>\n<meta property=\"og:site_name\" content=\"BnGRS\" \/>\n<meta property=\"article:publisher\" content=\"https:\/\/www.facebook.com\/BnGRealShoes\/\" \/>\n<meta property=\"article:modified_time\" content=\"2022-07-27T06:12:38+00:00\" \/>\n<meta property=\"og:image\" content=\"https:\/\/bngrealshoes.com\/wp-content\/uploads\/2022\/07\/LA-DIVINA-1.jpg\" \/>\n\t<meta property=\"og:image:width\" content=\"640\" \/>\n\t<meta property=\"og:image:height\" content=\"426\" \/>\n\t<meta property=\"og:image:type\" content=\"image\/jpeg\" \/>\n<meta name=\"twitter:card\" content=\"summary_large_image\" \/>\n<script type=\"application\/ld+json\" class=\"yoast-schema-graph\">{\"@context\":\"https:\/\/schema.org\",\"@graph\":[{\"@type\":\"WebPage\",\"@id\":\"https:\/\/bngrealshoes.com\/it\/prodotto\/d2214-10ayh-divina\/\",\"url\":\"https:\/\/bngrealshoes.com\/it\/prodotto\/d2214-10ayh-divina\/\",\"name\":\"D2214-10AYH - LA DIVINA | BnGRS\",\"isPartOf\":{\"@id\":\"https:\/\/bngrealshoes.com\/it\/#website\"},\"primaryImageOfPage\":{\"@id\":\"https:\/\/bngrealshoes.com\/it\/prodotto\/d2214-10ayh-divina\/#primaryimage\"},\"image\":{\"@id\":\"https:\/\/bngrealshoes.com\/it\/prodotto\/d2214-10ayh-divina\/#primaryimage\"},\"thumbnailUrl\":\"https:\/\/bngrealshoes.com\/wp-content\/uploads\/2022\/07\/LA-DIVINA-1.jpg\",\"datePublished\":\"2022-07-25T08:02:26+00:00\",\"dateModified\":\"2022-07-27T06:12:38+00:00\",\"description\":\"\u201cLa Pop\u201d is a Bikers-style boot with internal zip for easy wearing, made of very soft calf worked and aged by hand to give a vintage look. The laces are in black cotton. In tutte le nostre scarpe le solette interne, realizzate in memory foam rivestite in pelle di vitello, in caso di necessit\u00e0 sono estraibili aumentando la calzata. Il bordo perimetrale della pelle \u00e8 tinto a mano in color cuoio naturale in tono con la fodera. La fodera \u00e8 in pelle di vitello scoperta che da un effetto di traspirabilit\u00e0 totale. Il piede \u00e8 completamente avvolto in materiale naturale e salutare. La suola \u00e8 un sandwich in leggerissimo EVA fresato su misura con battistrada in gomma. Interamente fatto a mano in Veneto \u2013 Italia Despite being a structured and important boot, it is incredibly comfortable to use every day. Interamente fatte a mano in Veneto - Italia\",\"breadcrumb\":{\"@id\":\"https:\/\/bngrealshoes.com\/it\/prodotto\/d2214-10ayh-divina\/#breadcrumb\"},\"inLanguage\":\"it-IT\",\"potentialAction\":[{\"@type\":\"ReadAction\",\"target\":[\"https:\/\/bngrealshoes.com\/it\/prodotto\/d2214-10ayh-divina\/\"]}]},{\"@type\":\"ImageObject\",\"inLanguage\":\"it-IT\",\"@id\":\"https:\/\/bngrealshoes.com\/it\/prodotto\/d2214-10ayh-divina\/#primaryimage\",\"url\":\"https:\/\/bngrealshoes.com\/wp-content\/uploads\/2022\/07\/LA-DIVINA-1.jpg\",\"contentUrl\":\"https:\/\/bngrealshoes.com\/wp-content\/uploads\/2022\/07\/LA-DIVINA-1.jpg\",\"width\":640,\"height\":426},{\"@type\":\"BreadcrumbList\",\"@id\":\"https:\/\/bngrealshoes.com\/it\/prodotto\/d2214-10ayh-divina\/#breadcrumb\",\"itemListElement\":[{\"@type\":\"ListItem\",\"position\":1,\"name\":\"Home\",\"item\":\"https:\/\/bngrealshoes.com\/it\/\"},{\"@type\":\"ListItem\",\"position\":2,\"name\":\"Shop\",\"item\":\"https:\/\/bngrealshoes.com\/it\/shop\/\"},{\"@type\":\"ListItem\",\"position\":3,\"name\":\"D2214-10AYH &#8211; LA DIVINA\"}]},{\"@type\":\"WebSite\",\"@id\":\"https:\/\/bngrealshoes.com\/it\/#website\",\"url\":\"https:\/\/bngrealshoes.com\/it\/\",\"name\":\"BnGRS\",\"description\":\"Real materials for real people.\",\"publisher\":{\"@id\":\"https:\/\/bngrealshoes.com\/it\/#organization\"},\"potentialAction\":[{\"@type\":\"SearchAction\",\"target\":{\"@type\":\"EntryPoint\",\"urlTemplate\":\"https:\/\/bngrealshoes.com\/it\/?s={search_term_string}\"},\"query-input\":{\"@type\":\"PropertyValueSpecification\",\"valueRequired\":true,\"valueName\":\"search_term_string\"}}],\"inLanguage\":\"it-IT\"},{\"@type\":\"Organization\",\"@id\":\"https:\/\/bngrealshoes.com\/it\/#organization\",\"name\":\"BnGRS\",\"url\":\"https:\/\/bngrealshoes.com\/it\/\",\"logo\":{\"@type\":\"ImageObject\",\"inLanguage\":\"it-IT\",\"@id\":\"https:\/\/bngrealshoes.com\/it\/#\/schema\/logo\/image\/\",\"url\":\"https:\/\/bngrealshoes.com\/wp-content\/uploads\/2020\/12\/4Risorsa-1.png\",\"contentUrl\":\"https:\/\/bngrealshoes.com\/wp-content\/uploads\/2020\/12\/4Risorsa-1.png\",\"width\":573,\"height\":541,\"caption\":\"BnGRS\"},\"image\":{\"@id\":\"https:\/\/bngrealshoes.com\/it\/#\/schema\/logo\/image\/\"},\"sameAs\":[\"https:\/\/www.facebook.com\/BnGRealShoes\/\",\"https:\/\/www.instagram.com\/bng_real_shoes\/\"]}]}<\/script>\n<!-- \/ Yoast SEO plugin. -->","yoast_head_json":{"title":"D2214-10AYH - LA DIVINA | BnGRS","description":"\u201cLa Pop\u201d is a Bikers-style boot with internal zip for easy wearing, made of very soft calf worked and aged by hand to give a vintage look. The laces are in black cotton. In tutte le nostre scarpe le solette interne, realizzate in memory foam rivestite in pelle di vitello, in caso di necessit\u00e0 sono estraibili aumentando la calzata. Il bordo perimetrale della pelle \u00e8 tinto a mano in color cuoio naturale in tono con la fodera. La fodera \u00e8 in pelle di vitello scoperta che da un effetto di traspirabilit\u00e0 totale. Il piede \u00e8 completamente avvolto in materiale naturale e salutare. La suola \u00e8 un sandwich in leggerissimo EVA fresato su misura con battistrada in gomma. Interamente fatto a mano in Veneto \u2013 Italia Despite being a structured and important boot, it is incredibly comfortable to use every day. Interamente fatte a mano in Veneto - Italia","robots":{"index":"index","follow":"follow","max-snippet":"max-snippet:-1","max-image-preview":"max-image-preview:large","max-video-preview":"max-video-preview:-1"},"canonical":"https:\/\/bngrealshoes.com\/it\/prodotto\/d2214-10ayh-divina\/","og_locale":"it_IT","og_type":"article","og_title":"D2214-10AYH - LA DIVINA | BnGRS","og_description":"\u201cLa Pop\u201d is a Bikers-style boot with internal zip for easy wearing, made of very soft calf worked and aged by hand to give a vintage look. The laces are in black cotton. In tutte le nostre scarpe le solette interne, realizzate in memory foam rivestite in pelle di vitello, in caso di necessit\u00e0 sono estraibili aumentando la calzata. Il bordo perimetrale della pelle \u00e8 tinto a mano in color cuoio naturale in tono con la fodera. La fodera \u00e8 in pelle di vitello scoperta che da un effetto di traspirabilit\u00e0 totale. Il piede \u00e8 completamente avvolto in materiale naturale e salutare. La suola \u00e8 un sandwich in leggerissimo EVA fresato su misura con battistrada in gomma. Interamente fatto a mano in Veneto \u2013 Italia Despite being a structured and important boot, it is incredibly comfortable to use every day. Interamente fatte a mano in Veneto - Italia","og_url":"https:\/\/bngrealshoes.com\/it\/prodotto\/d2214-10ayh-divina\/","og_site_name":"BnGRS","article_publisher":"https:\/\/www.facebook.com\/BnGRealShoes\/","article_modified_time":"2022-07-27T06:12:38+00:00","og_image":[{"width":640,"height":426,"url":"https:\/\/bngrealshoes.com\/wp-content\/uploads\/2022\/07\/LA-DIVINA-1.jpg","type":"image\/jpeg"}],"twitter_card":"summary_large_image","schema":{"@context":"https:\/\/schema.org","@graph":[{"@type":"WebPage","@id":"https:\/\/bngrealshoes.com\/it\/prodotto\/d2214-10ayh-divina\/","url":"https:\/\/bngrealshoes.com\/it\/prodotto\/d2214-10ayh-divina\/","name":"D2214-10AYH - LA DIVINA | BnGRS","isPartOf":{"@id":"https:\/\/bngrealshoes.com\/it\/#website"},"primaryImageOfPage":{"@id":"https:\/\/bngrealshoes.com\/it\/prodotto\/d2214-10ayh-divina\/#primaryimage"},"image":{"@id":"https:\/\/bngrealshoes.com\/it\/prodotto\/d2214-10ayh-divina\/#primaryimage"},"thumbnailUrl":"https:\/\/bngrealshoes.com\/wp-content\/uploads\/2022\/07\/LA-DIVINA-1.jpg","datePublished":"2022-07-25T08:02:26+00:00","dateModified":"2022-07-27T06:12:38+00:00","description":"\u201cLa Pop\u201d is a Bikers-style boot with internal zip for easy wearing, made of very soft calf worked and aged by hand to give a vintage look. The laces are in black cotton. In tutte le nostre scarpe le solette interne, realizzate in memory foam rivestite in pelle di vitello, in caso di necessit\u00e0 sono estraibili aumentando la calzata. Il bordo perimetrale della pelle \u00e8 tinto a mano in color cuoio naturale in tono con la fodera. La fodera \u00e8 in pelle di vitello scoperta che da un effetto di traspirabilit\u00e0 totale. Il piede \u00e8 completamente avvolto in materiale naturale e salutare. La suola \u00e8 un sandwich in leggerissimo EVA fresato su misura con battistrada in gomma. Interamente fatto a mano in Veneto \u2013 Italia Despite being a structured and important boot, it is incredibly comfortable to use every day. Interamente fatte a mano in Veneto - Italia","breadcrumb":{"@id":"https:\/\/bngrealshoes.com\/it\/prodotto\/d2214-10ayh-divina\/#breadcrumb"},"inLanguage":"it-IT","potentialAction":[{"@type":"ReadAction","target":["https:\/\/bngrealshoes.com\/it\/prodotto\/d2214-10ayh-divina\/"]}]},{"@type":"ImageObject","inLanguage":"it-IT","@id":"https:\/\/bngrealshoes.com\/it\/prodotto\/d2214-10ayh-divina\/#primaryimage","url":"https:\/\/bngrealshoes.com\/wp-content\/uploads\/2022\/07\/LA-DIVINA-1.jpg","contentUrl":"https:\/\/bngrealshoes.com\/wp-content\/uploads\/2022\/07\/LA-DIVINA-1.jpg","width":640,"height":426},{"@type":"BreadcrumbList","@id":"https:\/\/bngrealshoes.com\/it\/prodotto\/d2214-10ayh-divina\/#breadcrumb","itemListElement":[{"@type":"ListItem","position":1,"name":"Home","item":"https:\/\/bngrealshoes.com\/it\/"},{"@type":"ListItem","position":2,"name":"Shop","item":"https:\/\/bngrealshoes.com\/it\/shop\/"},{"@type":"ListItem","position":3,"name":"D2214-10AYH &#8211; LA DIVINA"}]},{"@type":"WebSite","@id":"https:\/\/bngrealshoes.com\/it\/#website","url":"https:\/\/bngrealshoes.com\/it\/","name":"BnGRS","description":"Real materials for real people.","publisher":{"@id":"https:\/\/bngrealshoes.com\/it\/#organization"},"potentialAction":[{"@type":"SearchAction","target":{"@type":"EntryPoint","urlTemplate":"https:\/\/bngrealshoes.com\/it\/?s={search_term_string}"},"query-input":{"@type":"PropertyValueSpecification","valueRequired":true,"valueName":"search_term_string"}}],"inLanguage":"it-IT"},{"@type":"Organization","@id":"https:\/\/bngrealshoes.com\/it\/#organization","name":"BnGRS","url":"https:\/\/bngrealshoes.com\/it\/","logo":{"@type":"ImageObject","inLanguage":"it-IT","@id":"https:\/\/bngrealshoes.com\/it\/#\/schema\/logo\/image\/","url":"https:\/\/bngrealshoes.com\/wp-content\/uploads\/2020\/12\/4Risorsa-1.png","contentUrl":"https:\/\/bngrealshoes.com\/wp-content\/uploads\/2020\/12\/4Risorsa-1.png","width":573,"height":541,"caption":"BnGRS"},"image":{"@id":"https:\/\/bngrealshoes.com\/it\/#\/schema\/logo\/image\/"},"sameAs":["https:\/\/www.facebook.com\/BnGRealShoes\/","https:\/\/www.instagram.com\/bng_real_shoes\/"]}]}},"_links":{"self":[{"href":"https:\/\/bngrealshoes.com\/it\/wp-json\/wp\/v2\/product\/105772","targetHints":{"allow":["GET"]}}],"collection":[{"href":"https:\/\/bngrealshoes.com\/it\/wp-json\/wp\/v2\/product"}],"about":[{"href":"https:\/\/bngrealshoes.com\/it\/wp-json\/wp\/v2\/types\/product"}],"wp:featuredmedia":[{"embeddable":true,"href":"https:\/\/bngrealshoes.com\/it\/wp-json\/wp\/v2\/media\/105760"}],"wp:attachment":[{"href":"https:\/\/bngrealshoes.com\/it\/wp-json\/wp\/v2\/media?parent=105772"}],"wp:term":[{"taxonomy":"product_cat","embeddable":true,"href":"https:\/\/bngrealshoes.com\/it\/wp-json\/wp\/v2\/product_cat?post=105772"},{"taxonomy":"product_tag","embeddable":true,"href":"https:\/\/bngrealshoes.com\/it\/wp-json\/wp\/v2\/product_tag?post=105772"}],"curies":[{"name":"wp","href":"https:\/\/api.w.org\/{rel}","templated":true}]}}