{"id":106429,"date":"2023-08-03T06:11:42","date_gmt":"2023-08-03T06:11:43","guid":{"rendered":"https:\/\/bngrealshoes.com\/?post_type=product&#038;p=106429"},"modified":"2024-02-20T10:54:12","modified_gmt":"2024-02-20T10:54:12","slug":"d2204-11djm-la-dinamica-arancio","status":"publish","type":"product","link":"https:\/\/bngrealshoes.com\/it\/prodotto\/d2204-11djm-la-dinamica-arancio\/","title":{"rendered":"D2204-11DJM &#8211; LA DINAMICA Arancio"},"content":{"rendered":"<p>&#8220;La Dinamica Arancio&#8221; \u00e8 uno polacchino stile Basket, realizzato in morbidissima pelle naturale. I lacci sono in cotone. Il bordo perimetrale della pelle \u00e8 tinto a mano in colore naturale in tinta con la fodera. La fodera \u00e8 in pelle naturale e dona un effetto di totale traspirabilit\u00e0. In tutte le nostre scarpe le solette interne, realizzate in memory foam rivestite in pelle, possono essere rimosse all\u2019occorrenza aumentando la calzata. Il piede \u00e8 completamente avvolto in materiale naturale e salutare. La suola \u00e8 realizzata in leggero EVA fresato su misura. <strong>Interamente fatto a mano in Veneto \u2013 Italia<\/strong><\/p>\n","protected":false},"excerpt":{"rendered":"<p>&#8220;La Dinamica Arancio&#8221; \u00e8 uno polacchino stile Basket, realizzato in morbidissima pelle naturale. I lacci sono in cotone. Il bordo perimetrale della pelle \u00e8 tinto a mano in colore naturale in tinta con la fodera. La fodera \u00e8 in pelle naturale e dona un effetto di totale traspirabilit\u00e0. In tutte le nostre scarpe le solette interne, realizzate in memory foam rivestite in pelle, possono essere rimosse all\u2019occorrenza aumentando la calzata. Il piede \u00e8 completamente avvolto in materiale naturale e salutare. La suola \u00e8 realizzata in leggero EVA fresato su misura. <strong>Interamente fatto a mano in Veneto \u2013 Italia<\/strong><\/p>\n","protected":false},"featured_media":106432,"template":"","meta":{"_acf_changed":false,"inline_featured_image":false},"product_cat":[214,216,224],"product_tag":[265,244,245,246,247,248,250,252,253,255,257,264],"class_list":{"0":"post-106429","1":"product","2":"type-product","3":"status-publish","4":"has-post-thumbnail","6":"product_cat-all-seasons-it","7":"product_cat-high-profile-it","8":"product_cat-woman-shoes-it","9":"product_tag-hand-made-it","10":"product_tag-men-shoes-it","11":"product_tag-scarpe-fatte-a-mano","12":"product_tag-sneakers-it","13":"product_tag-fatto-a-mano-it-2","14":"product_tag-scarpe-italiane-it-2","15":"product_tag-artigianato-it","16":"product_tag-woman-shoes-it","17":"product_tag-fashion-it","18":"product_tag-biker-boot-it","19":"product_tag-made-in-italy-it","20":"product_tag-calzarture-made-in-italy-it","21":"pa_size-36-it","22":"pa_size-37-it","23":"pa_size-38-it","24":"pa_size-39-it","25":"pa_size-40-it","26":"pa_size-41-it","28":"first","29":"outofstock","30":"shipping-taxable","31":"purchasable","32":"product-type-variable"},"acf":[],"yoast_head":"<!-- This site is optimized with the Yoast SEO plugin v24.1 - https:\/\/yoast.com\/wordpress\/plugins\/seo\/ -->\n<title>D2204-11DJM - LA DINAMICA Arancio | BnGRS<\/title>\n<meta name=\"description\" content=\"&quot;La Dinamica Arancio&quot; \u00e8 uno polacchino stile Basket, realizzato in morbidissima pelle naturale. I lacci sono in cotone. Il bordo perimetrale della pelle \u00e8 tinto a mano in colore naturale in tinta con la fodera. La fodera \u00e8 in pelle naturale e dona un effetto di totale traspirabilit\u00e0. In tutte le nostre scarpe le solette interne, realizzate in memory foam rivestite in pelle, possono essere rimosse all\u2019occorrenza aumentando la calzata. Il piede \u00e8 completamente avvolto in materiale naturale e salutare. La suola \u00e8 realizzata in leggero EVA fresato su misura. Interamente fatto a mano in Veneto \u2013 Italia\" \/>\n<meta name=\"robots\" content=\"index, follow, max-snippet:-1, max-image-preview:large, max-video-preview:-1\" \/>\n<link rel=\"canonical\" href=\"https:\/\/bngrealshoes.com\/it\/prodotto\/d2204-11djm-la-dinamica-arancio\/\" \/>\n<meta property=\"og:locale\" content=\"it_IT\" \/>\n<meta property=\"og:type\" content=\"article\" \/>\n<meta property=\"og:title\" content=\"D2204-11DJM - LA DINAMICA Arancio | BnGRS\" \/>\n<meta property=\"og:description\" content=\"&quot;La Dinamica Arancio&quot; \u00e8 uno polacchino stile Basket, realizzato in morbidissima pelle naturale. I lacci sono in cotone. Il bordo perimetrale della pelle \u00e8 tinto a mano in colore naturale in tinta con la fodera. La fodera \u00e8 in pelle naturale e dona un effetto di totale traspirabilit\u00e0. In tutte le nostre scarpe le solette interne, realizzate in memory foam rivestite in pelle, possono essere rimosse all\u2019occorrenza aumentando la calzata. Il piede \u00e8 completamente avvolto in materiale naturale e salutare. La suola \u00e8 realizzata in leggero EVA fresato su misura. Interamente fatto a mano in Veneto \u2013 Italia\" \/>\n<meta property=\"og:url\" content=\"https:\/\/bngrealshoes.com\/it\/prodotto\/d2204-11djm-la-dinamica-arancio\/\" \/>\n<meta property=\"og:site_name\" content=\"BnGRS\" \/>\n<meta property=\"article:publisher\" content=\"https:\/\/www.facebook.com\/BnGRealShoes\/\" \/>\n<meta property=\"article:modified_time\" content=\"2024-02-20T10:54:12+00:00\" \/>\n<meta property=\"og:image\" content=\"https:\/\/bngrealshoes.com\/wp-content\/uploads\/2023\/08\/LA-DINAMICA-ARANCIO-1-.jpg\" \/>\n\t<meta property=\"og:image:width\" content=\"640\" \/>\n\t<meta property=\"og:image:height\" content=\"452\" \/>\n\t<meta property=\"og:image:type\" content=\"image\/jpeg\" \/>\n<meta name=\"twitter:card\" content=\"summary_large_image\" \/>\n<meta name=\"twitter:label1\" content=\"Tempo di lettura stimato\" \/>\n\t<meta name=\"twitter:data1\" content=\"1 minuto\" \/>\n<script type=\"application\/ld+json\" class=\"yoast-schema-graph\">{\"@context\":\"https:\/\/schema.org\",\"@graph\":[{\"@type\":\"WebPage\",\"@id\":\"https:\/\/bngrealshoes.com\/it\/prodotto\/d2204-11djm-la-dinamica-arancio\/\",\"url\":\"https:\/\/bngrealshoes.com\/it\/prodotto\/d2204-11djm-la-dinamica-arancio\/\",\"name\":\"D2204-11DJM - LA DINAMICA Arancio | BnGRS\",\"isPartOf\":{\"@id\":\"https:\/\/bngrealshoes.com\/it\/#website\"},\"primaryImageOfPage\":{\"@id\":\"https:\/\/bngrealshoes.com\/it\/prodotto\/d2204-11djm-la-dinamica-arancio\/#primaryimage\"},\"image\":{\"@id\":\"https:\/\/bngrealshoes.com\/it\/prodotto\/d2204-11djm-la-dinamica-arancio\/#primaryimage\"},\"thumbnailUrl\":\"https:\/\/bngrealshoes.com\/wp-content\/uploads\/2023\/08\/LA-DINAMICA-ARANCIO-1-.jpg\",\"datePublished\":\"2023-08-03T06:11:43+00:00\",\"dateModified\":\"2024-02-20T10:54:12+00:00\",\"description\":\"\\\"La Dinamica Arancio\\\" \u00e8 uno polacchino stile Basket, realizzato in morbidissima pelle naturale. I lacci sono in cotone. Il bordo perimetrale della pelle \u00e8 tinto a mano in colore naturale in tinta con la fodera. La fodera \u00e8 in pelle naturale e dona un effetto di totale traspirabilit\u00e0. In tutte le nostre scarpe le solette interne, realizzate in memory foam rivestite in pelle, possono essere rimosse all\u2019occorrenza aumentando la calzata. Il piede \u00e8 completamente avvolto in materiale naturale e salutare. La suola \u00e8 realizzata in leggero EVA fresato su misura. Interamente fatto a mano in Veneto \u2013 Italia\",\"breadcrumb\":{\"@id\":\"https:\/\/bngrealshoes.com\/it\/prodotto\/d2204-11djm-la-dinamica-arancio\/#breadcrumb\"},\"inLanguage\":\"it-IT\",\"potentialAction\":[{\"@type\":\"ReadAction\",\"target\":[\"https:\/\/bngrealshoes.com\/it\/prodotto\/d2204-11djm-la-dinamica-arancio\/\"]}]},{\"@type\":\"ImageObject\",\"inLanguage\":\"it-IT\",\"@id\":\"https:\/\/bngrealshoes.com\/it\/prodotto\/d2204-11djm-la-dinamica-arancio\/#primaryimage\",\"url\":\"https:\/\/bngrealshoes.com\/wp-content\/uploads\/2023\/08\/LA-DINAMICA-ARANCIO-1-.jpg\",\"contentUrl\":\"https:\/\/bngrealshoes.com\/wp-content\/uploads\/2023\/08\/LA-DINAMICA-ARANCIO-1-.jpg\",\"width\":640,\"height\":452},{\"@type\":\"BreadcrumbList\",\"@id\":\"https:\/\/bngrealshoes.com\/it\/prodotto\/d2204-11djm-la-dinamica-arancio\/#breadcrumb\",\"itemListElement\":[{\"@type\":\"ListItem\",\"position\":1,\"name\":\"Home\",\"item\":\"https:\/\/bngrealshoes.com\/it\/\"},{\"@type\":\"ListItem\",\"position\":2,\"name\":\"Shop\",\"item\":\"https:\/\/bngrealshoes.com\/it\/shop\/\"},{\"@type\":\"ListItem\",\"position\":3,\"name\":\"D2204-11DJM &#8211; LA DINAMICA Arancio\"}]},{\"@type\":\"WebSite\",\"@id\":\"https:\/\/bngrealshoes.com\/it\/#website\",\"url\":\"https:\/\/bngrealshoes.com\/it\/\",\"name\":\"BnGRS\",\"description\":\"Real materials for real people.\",\"publisher\":{\"@id\":\"https:\/\/bngrealshoes.com\/it\/#organization\"},\"potentialAction\":[{\"@type\":\"SearchAction\",\"target\":{\"@type\":\"EntryPoint\",\"urlTemplate\":\"https:\/\/bngrealshoes.com\/it\/?s={search_term_string}\"},\"query-input\":{\"@type\":\"PropertyValueSpecification\",\"valueRequired\":true,\"valueName\":\"search_term_string\"}}],\"inLanguage\":\"it-IT\"},{\"@type\":\"Organization\",\"@id\":\"https:\/\/bngrealshoes.com\/it\/#organization\",\"name\":\"BnGRS\",\"url\":\"https:\/\/bngrealshoes.com\/it\/\",\"logo\":{\"@type\":\"ImageObject\",\"inLanguage\":\"it-IT\",\"@id\":\"https:\/\/bngrealshoes.com\/it\/#\/schema\/logo\/image\/\",\"url\":\"https:\/\/bngrealshoes.com\/wp-content\/uploads\/2020\/12\/4Risorsa-1.png\",\"contentUrl\":\"https:\/\/bngrealshoes.com\/wp-content\/uploads\/2020\/12\/4Risorsa-1.png\",\"width\":573,\"height\":541,\"caption\":\"BnGRS\"},\"image\":{\"@id\":\"https:\/\/bngrealshoes.com\/it\/#\/schema\/logo\/image\/\"},\"sameAs\":[\"https:\/\/www.facebook.com\/BnGRealShoes\/\",\"https:\/\/www.instagram.com\/bng_real_shoes\/\"]}]}<\/script>\n<!-- \/ Yoast SEO plugin. -->","yoast_head_json":{"title":"D2204-11DJM - LA DINAMICA Arancio | BnGRS","description":"\"La Dinamica Arancio\" \u00e8 uno polacchino stile Basket, realizzato in morbidissima pelle naturale. I lacci sono in cotone. Il bordo perimetrale della pelle \u00e8 tinto a mano in colore naturale in tinta con la fodera. La fodera \u00e8 in pelle naturale e dona un effetto di totale traspirabilit\u00e0. In tutte le nostre scarpe le solette interne, realizzate in memory foam rivestite in pelle, possono essere rimosse all\u2019occorrenza aumentando la calzata. Il piede \u00e8 completamente avvolto in materiale naturale e salutare. La suola \u00e8 realizzata in leggero EVA fresato su misura. Interamente fatto a mano in Veneto \u2013 Italia","robots":{"index":"index","follow":"follow","max-snippet":"max-snippet:-1","max-image-preview":"max-image-preview:large","max-video-preview":"max-video-preview:-1"},"canonical":"https:\/\/bngrealshoes.com\/it\/prodotto\/d2204-11djm-la-dinamica-arancio\/","og_locale":"it_IT","og_type":"article","og_title":"D2204-11DJM - LA DINAMICA Arancio | BnGRS","og_description":"\"La Dinamica Arancio\" \u00e8 uno polacchino stile Basket, realizzato in morbidissima pelle naturale. I lacci sono in cotone. Il bordo perimetrale della pelle \u00e8 tinto a mano in colore naturale in tinta con la fodera. La fodera \u00e8 in pelle naturale e dona un effetto di totale traspirabilit\u00e0. In tutte le nostre scarpe le solette interne, realizzate in memory foam rivestite in pelle, possono essere rimosse all\u2019occorrenza aumentando la calzata. Il piede \u00e8 completamente avvolto in materiale naturale e salutare. La suola \u00e8 realizzata in leggero EVA fresato su misura. Interamente fatto a mano in Veneto \u2013 Italia","og_url":"https:\/\/bngrealshoes.com\/it\/prodotto\/d2204-11djm-la-dinamica-arancio\/","og_site_name":"BnGRS","article_publisher":"https:\/\/www.facebook.com\/BnGRealShoes\/","article_modified_time":"2024-02-20T10:54:12+00:00","og_image":[{"width":640,"height":452,"url":"https:\/\/bngrealshoes.com\/wp-content\/uploads\/2023\/08\/LA-DINAMICA-ARANCIO-1-.jpg","type":"image\/jpeg"}],"twitter_card":"summary_large_image","twitter_misc":{"Tempo di lettura stimato":"1 minuto"},"schema":{"@context":"https:\/\/schema.org","@graph":[{"@type":"WebPage","@id":"https:\/\/bngrealshoes.com\/it\/prodotto\/d2204-11djm-la-dinamica-arancio\/","url":"https:\/\/bngrealshoes.com\/it\/prodotto\/d2204-11djm-la-dinamica-arancio\/","name":"D2204-11DJM - LA DINAMICA Arancio | BnGRS","isPartOf":{"@id":"https:\/\/bngrealshoes.com\/it\/#website"},"primaryImageOfPage":{"@id":"https:\/\/bngrealshoes.com\/it\/prodotto\/d2204-11djm-la-dinamica-arancio\/#primaryimage"},"image":{"@id":"https:\/\/bngrealshoes.com\/it\/prodotto\/d2204-11djm-la-dinamica-arancio\/#primaryimage"},"thumbnailUrl":"https:\/\/bngrealshoes.com\/wp-content\/uploads\/2023\/08\/LA-DINAMICA-ARANCIO-1-.jpg","datePublished":"2023-08-03T06:11:43+00:00","dateModified":"2024-02-20T10:54:12+00:00","description":"\"La Dinamica Arancio\" \u00e8 uno polacchino stile Basket, realizzato in morbidissima pelle naturale. I lacci sono in cotone. Il bordo perimetrale della pelle \u00e8 tinto a mano in colore naturale in tinta con la fodera. La fodera \u00e8 in pelle naturale e dona un effetto di totale traspirabilit\u00e0. In tutte le nostre scarpe le solette interne, realizzate in memory foam rivestite in pelle, possono essere rimosse all\u2019occorrenza aumentando la calzata. Il piede \u00e8 completamente avvolto in materiale naturale e salutare. La suola \u00e8 realizzata in leggero EVA fresato su misura. Interamente fatto a mano in Veneto \u2013 Italia","breadcrumb":{"@id":"https:\/\/bngrealshoes.com\/it\/prodotto\/d2204-11djm-la-dinamica-arancio\/#breadcrumb"},"inLanguage":"it-IT","potentialAction":[{"@type":"ReadAction","target":["https:\/\/bngrealshoes.com\/it\/prodotto\/d2204-11djm-la-dinamica-arancio\/"]}]},{"@type":"ImageObject","inLanguage":"it-IT","@id":"https:\/\/bngrealshoes.com\/it\/prodotto\/d2204-11djm-la-dinamica-arancio\/#primaryimage","url":"https:\/\/bngrealshoes.com\/wp-content\/uploads\/2023\/08\/LA-DINAMICA-ARANCIO-1-.jpg","contentUrl":"https:\/\/bngrealshoes.com\/wp-content\/uploads\/2023\/08\/LA-DINAMICA-ARANCIO-1-.jpg","width":640,"height":452},{"@type":"BreadcrumbList","@id":"https:\/\/bngrealshoes.com\/it\/prodotto\/d2204-11djm-la-dinamica-arancio\/#breadcrumb","itemListElement":[{"@type":"ListItem","position":1,"name":"Home","item":"https:\/\/bngrealshoes.com\/it\/"},{"@type":"ListItem","position":2,"name":"Shop","item":"https:\/\/bngrealshoes.com\/it\/shop\/"},{"@type":"ListItem","position":3,"name":"D2204-11DJM &#8211; LA DINAMICA Arancio"}]},{"@type":"WebSite","@id":"https:\/\/bngrealshoes.com\/it\/#website","url":"https:\/\/bngrealshoes.com\/it\/","name":"BnGRS","description":"Real materials for real people.","publisher":{"@id":"https:\/\/bngrealshoes.com\/it\/#organization"},"potentialAction":[{"@type":"SearchAction","target":{"@type":"EntryPoint","urlTemplate":"https:\/\/bngrealshoes.com\/it\/?s={search_term_string}"},"query-input":{"@type":"PropertyValueSpecification","valueRequired":true,"valueName":"search_term_string"}}],"inLanguage":"it-IT"},{"@type":"Organization","@id":"https:\/\/bngrealshoes.com\/it\/#organization","name":"BnGRS","url":"https:\/\/bngrealshoes.com\/it\/","logo":{"@type":"ImageObject","inLanguage":"it-IT","@id":"https:\/\/bngrealshoes.com\/it\/#\/schema\/logo\/image\/","url":"https:\/\/bngrealshoes.com\/wp-content\/uploads\/2020\/12\/4Risorsa-1.png","contentUrl":"https:\/\/bngrealshoes.com\/wp-content\/uploads\/2020\/12\/4Risorsa-1.png","width":573,"height":541,"caption":"BnGRS"},"image":{"@id":"https:\/\/bngrealshoes.com\/it\/#\/schema\/logo\/image\/"},"sameAs":["https:\/\/www.facebook.com\/BnGRealShoes\/","https:\/\/www.instagram.com\/bng_real_shoes\/"]}]}},"_links":{"self":[{"href":"https:\/\/bngrealshoes.com\/it\/wp-json\/wp\/v2\/product\/106429","targetHints":{"allow":["GET"]}}],"collection":[{"href":"https:\/\/bngrealshoes.com\/it\/wp-json\/wp\/v2\/product"}],"about":[{"href":"https:\/\/bngrealshoes.com\/it\/wp-json\/wp\/v2\/types\/product"}],"wp:featuredmedia":[{"embeddable":true,"href":"https:\/\/bngrealshoes.com\/it\/wp-json\/wp\/v2\/media\/106432"}],"wp:attachment":[{"href":"https:\/\/bngrealshoes.com\/it\/wp-json\/wp\/v2\/media?parent=106429"}],"wp:term":[{"taxonomy":"product_cat","embeddable":true,"href":"https:\/\/bngrealshoes.com\/it\/wp-json\/wp\/v2\/product_cat?post=106429"},{"taxonomy":"product_tag","embeddable":true,"href":"https:\/\/bngrealshoes.com\/it\/wp-json\/wp\/v2\/product_tag?post=106429"}],"curies":[{"name":"wp","href":"https:\/\/api.w.org\/{rel}","templated":true}]}}