{"id":106479,"date":"2023-08-03T10:41:54","date_gmt":"2023-08-03T10:41:53","guid":{"rendered":"https:\/\/bngrealshoes.com\/?post_type=product&#038;p=106479"},"modified":"2026-03-04T07:43:45","modified_gmt":"2026-03-04T07:43:45","slug":"d2234-10ayh-la-biker-caffelatte","status":"publish","type":"product","link":"https:\/\/bngrealshoes.com\/it\/prodotto\/d2234-10ayh-la-biker-caffelatte\/","title":{"rendered":"D2234-10AYH &#8211; LA BIKER Caffelatte"},"content":{"rendered":"<p>&#8220;La Biker&#8221; grinta e stile ispirati al mondo Biker. Questo stiletto rappresenta l&#8217;incontro perfetto tra lo spirito libero del mondo biker e l&#8217;artigianalit\u00e0 italiana. La Biker Arancio \u00e8 realizzata in pelle naturale colorata a mano, con dettagli che richiamano l&#8217;estetica robusta e audace degli stivali da motociclista.<\/p>\n<p>Il puntale rinforzato, ispirato ai classici stivali biker, non solo aggiunge un tocco distintivo al design, ma offre anche protezione e resistenza, garantendo la massima durata. Le tonalit\u00e0 arancioni e nere si uniscono per creare un look deciso e versatile, adatto a chi cerca stile e funzionalit\u00e0 in un&#8217;unica calzatura.<\/p>\n<p>La suola carrarmato in gomma, progettata per offrire stabilit\u00e0 e comfort, ti accompagna in ogni avventura, sia in citt\u00e0 che all&#8217;aperto. La Biker Arancio \u00e8 perfetta per l&#8217;uomo che vive la vita con grinta, portando con s\u00e9 lo spirito ribelle e l&#8217;audacia del mondo biker in ogni passo. 100% Made in Italy, realizzato per durare e farti distinguere.<\/p>\n","protected":false},"excerpt":{"rendered":"<p>&#8220;La Biker&#8221; grinta e stile ispirati al mondo Biker. Questo stiletto rappresenta l&#8217;incontro perfetto tra lo spirito libero del mondo biker e l&#8217;artigianalit\u00e0 italiana. La Biker Arancio \u00e8 realizzata in pelle naturale colorata a mano, con dettagli che richiamano l&#8217;estetica robusta e audace degli stivali da motociclista.<\/p>\n<p>Il puntale rinforzato, ispirato ai classici stivali biker, non solo aggiunge un tocco distintivo al design, ma offre anche protezione e resistenza, garantendo la massima durata. Le tonalit\u00e0 arancioni e nere si uniscono per creare un look deciso e versatile, adatto a chi cerca stile e funzionalit\u00e0 in un&#8217;unica calzatura.<\/p>\n<p>La suola carrarmato in gomma, progettata per offrire stabilit\u00e0 e comfort, ti accompagna in ogni avventura, sia in citt\u00e0 che all&#8217;aperto. La Biker Arancio \u00e8 perfetta per l&#8217;uomo che vive la vita con grinta, portando con s\u00e9 lo spirito ribelle e l&#8217;audacia del mondo biker in ogni passo. 100% Made in Italy, realizzato per durare e farti distinguere.<\/p>\n","protected":false},"featured_media":106484,"template":"","meta":{"_acf_changed":false,"inline_featured_image":false},"product_cat":[214,216,224],"product_tag":[251,252,253,254,255,257,242,245,246,247,248,249,250],"class_list":{"0":"post-106479","1":"product","2":"type-product","3":"status-publish","4":"has-post-thumbnail","6":"product_cat-all-seasons-it","7":"product_cat-high-profile-it","8":"product_cat-woman-shoes-it","9":"product_tag-scarpe-donna-it","10":"product_tag-woman-shoes-it","11":"product_tag-fashion-it","12":"product_tag-stivali-bikers-it","13":"product_tag-biker-boot-it","14":"product_tag-made-in-italy-it","15":"product_tag-scarpe-it","16":"product_tag-scarpe-fatte-a-mano","17":"product_tag-sneakers-it","18":"product_tag-fatto-a-mano-it-2","19":"product_tag-scarpe-italiane-it-2","20":"product_tag-scarpe-artigianali-it-2","21":"product_tag-artigianato-it","22":"pa_size-36-it","23":"pa_size-37-it","24":"pa_size-38-it","25":"pa_size-39-it","26":"pa_size-40-it","27":"pa_size-41-it","29":"first","30":"outofstock","31":"shipping-taxable","32":"purchasable","33":"product-type-variable"},"acf":[],"yoast_head":"<!-- This site is optimized with the Yoast SEO plugin v24.1 - https:\/\/yoast.com\/wordpress\/plugins\/seo\/ -->\n<title>D2234-10AYH - LA BIKER Caffelatte | BnGRS<\/title>\n<meta name=\"robots\" content=\"index, follow, max-snippet:-1, max-image-preview:large, max-video-preview:-1\" \/>\n<link rel=\"canonical\" href=\"https:\/\/bngrealshoes.com\/it\/prodotto\/d2234-10ayh-la-biker-caffelatte\/\" \/>\n<meta property=\"og:locale\" content=\"it_IT\" \/>\n<meta property=\"og:type\" content=\"article\" \/>\n<meta property=\"og:title\" content=\"D2234-10AYH - LA BIKER Caffelatte | BnGRS\" \/>\n<meta property=\"og:description\" content=\"&quot;La Biker&quot; grinta e stile ispirati al mondo Biker. Questo stiletto rappresenta l&#039;incontro perfetto tra lo spirito libero del mondo biker e l&#039;artigianalit\u00e0 italiana. La Biker Arancio \u00e8 realizzata in pelle naturale colorata a mano, con dettagli che richiamano l&#039;estetica robusta e audace degli stivali da motociclista. Il puntale rinforzato, ispirato ai classici stivali biker, non solo aggiunge un tocco distintivo al design, ma offre anche protezione e resistenza, garantendo la massima durata. Le tonalit\u00e0 arancioni e nere si uniscono per creare un look deciso e versatile, adatto a chi cerca stile e funzionalit\u00e0 in un&#039;unica calzatura. La suola carrarmato in gomma, progettata per offrire stabilit\u00e0 e comfort, ti accompagna in ogni avventura, sia in citt\u00e0 che all&#039;aperto. La Biker Arancio \u00e8 perfetta per l&#039;uomo che vive la vita con grinta, portando con s\u00e9 lo spirito ribelle e l&#039;audacia del mondo biker in ogni passo. 100% Made in Italy, realizzato per durare e farti distinguere.\" \/>\n<meta property=\"og:url\" content=\"https:\/\/bngrealshoes.com\/it\/prodotto\/d2234-10ayh-la-biker-caffelatte\/\" \/>\n<meta property=\"og:site_name\" content=\"BnGRS\" \/>\n<meta property=\"article:publisher\" content=\"https:\/\/www.facebook.com\/BnGRealShoes\/\" \/>\n<meta property=\"article:modified_time\" content=\"2026-03-04T07:43:45+00:00\" \/>\n<meta property=\"og:image\" content=\"https:\/\/bngrealshoes.com\/wp-content\/uploads\/2023\/08\/LA-BIKER-NERA-CAFFELATTE-1-.jpg\" \/>\n\t<meta property=\"og:image:width\" content=\"640\" \/>\n\t<meta property=\"og:image:height\" content=\"452\" \/>\n\t<meta property=\"og:image:type\" content=\"image\/jpeg\" \/>\n<meta name=\"twitter:card\" content=\"summary_large_image\" \/>\n<script type=\"application\/ld+json\" class=\"yoast-schema-graph\">{\"@context\":\"https:\/\/schema.org\",\"@graph\":[{\"@type\":\"WebPage\",\"@id\":\"https:\/\/bngrealshoes.com\/it\/prodotto\/d2234-10ayh-la-biker-caffelatte\/\",\"url\":\"https:\/\/bngrealshoes.com\/it\/prodotto\/d2234-10ayh-la-biker-caffelatte\/\",\"name\":\"D2234-10AYH - LA BIKER Caffelatte | BnGRS\",\"isPartOf\":{\"@id\":\"https:\/\/bngrealshoes.com\/it\/#website\"},\"primaryImageOfPage\":{\"@id\":\"https:\/\/bngrealshoes.com\/it\/prodotto\/d2234-10ayh-la-biker-caffelatte\/#primaryimage\"},\"image\":{\"@id\":\"https:\/\/bngrealshoes.com\/it\/prodotto\/d2234-10ayh-la-biker-caffelatte\/#primaryimage\"},\"thumbnailUrl\":\"https:\/\/bngrealshoes.com\/wp-content\/uploads\/2023\/08\/LA-BIKER-NERA-CAFFELATTE-1-.jpg\",\"datePublished\":\"2023-08-03T10:41:53+00:00\",\"dateModified\":\"2026-03-04T07:43:45+00:00\",\"breadcrumb\":{\"@id\":\"https:\/\/bngrealshoes.com\/it\/prodotto\/d2234-10ayh-la-biker-caffelatte\/#breadcrumb\"},\"inLanguage\":\"it-IT\",\"potentialAction\":[{\"@type\":\"ReadAction\",\"target\":[\"https:\/\/bngrealshoes.com\/it\/prodotto\/d2234-10ayh-la-biker-caffelatte\/\"]}]},{\"@type\":\"ImageObject\",\"inLanguage\":\"it-IT\",\"@id\":\"https:\/\/bngrealshoes.com\/it\/prodotto\/d2234-10ayh-la-biker-caffelatte\/#primaryimage\",\"url\":\"https:\/\/bngrealshoes.com\/wp-content\/uploads\/2023\/08\/LA-BIKER-NERA-CAFFELATTE-1-.jpg\",\"contentUrl\":\"https:\/\/bngrealshoes.com\/wp-content\/uploads\/2023\/08\/LA-BIKER-NERA-CAFFELATTE-1-.jpg\",\"width\":640,\"height\":452},{\"@type\":\"BreadcrumbList\",\"@id\":\"https:\/\/bngrealshoes.com\/it\/prodotto\/d2234-10ayh-la-biker-caffelatte\/#breadcrumb\",\"itemListElement\":[{\"@type\":\"ListItem\",\"position\":1,\"name\":\"Home\",\"item\":\"https:\/\/bngrealshoes.com\/it\/\"},{\"@type\":\"ListItem\",\"position\":2,\"name\":\"Shop\",\"item\":\"https:\/\/bngrealshoes.com\/it\/shop\/\"},{\"@type\":\"ListItem\",\"position\":3,\"name\":\"D2234-10AYH &#8211; LA BIKER Caffelatte\"}]},{\"@type\":\"WebSite\",\"@id\":\"https:\/\/bngrealshoes.com\/it\/#website\",\"url\":\"https:\/\/bngrealshoes.com\/it\/\",\"name\":\"BnGRS\",\"description\":\"Real materials for real people.\",\"publisher\":{\"@id\":\"https:\/\/bngrealshoes.com\/it\/#organization\"},\"potentialAction\":[{\"@type\":\"SearchAction\",\"target\":{\"@type\":\"EntryPoint\",\"urlTemplate\":\"https:\/\/bngrealshoes.com\/it\/?s={search_term_string}\"},\"query-input\":{\"@type\":\"PropertyValueSpecification\",\"valueRequired\":true,\"valueName\":\"search_term_string\"}}],\"inLanguage\":\"it-IT\"},{\"@type\":\"Organization\",\"@id\":\"https:\/\/bngrealshoes.com\/it\/#organization\",\"name\":\"BnGRS\",\"url\":\"https:\/\/bngrealshoes.com\/it\/\",\"logo\":{\"@type\":\"ImageObject\",\"inLanguage\":\"it-IT\",\"@id\":\"https:\/\/bngrealshoes.com\/it\/#\/schema\/logo\/image\/\",\"url\":\"https:\/\/bngrealshoes.com\/wp-content\/uploads\/2020\/12\/4Risorsa-1.png\",\"contentUrl\":\"https:\/\/bngrealshoes.com\/wp-content\/uploads\/2020\/12\/4Risorsa-1.png\",\"width\":573,\"height\":541,\"caption\":\"BnGRS\"},\"image\":{\"@id\":\"https:\/\/bngrealshoes.com\/it\/#\/schema\/logo\/image\/\"},\"sameAs\":[\"https:\/\/www.facebook.com\/BnGRealShoes\/\",\"https:\/\/www.instagram.com\/bng_real_shoes\/\"]}]}<\/script>\n<!-- \/ Yoast SEO plugin. -->","yoast_head_json":{"title":"D2234-10AYH - LA BIKER Caffelatte | BnGRS","robots":{"index":"index","follow":"follow","max-snippet":"max-snippet:-1","max-image-preview":"max-image-preview:large","max-video-preview":"max-video-preview:-1"},"canonical":"https:\/\/bngrealshoes.com\/it\/prodotto\/d2234-10ayh-la-biker-caffelatte\/","og_locale":"it_IT","og_type":"article","og_title":"D2234-10AYH - LA BIKER Caffelatte | BnGRS","og_description":"\"La Biker\" grinta e stile ispirati al mondo Biker. Questo stiletto rappresenta l'incontro perfetto tra lo spirito libero del mondo biker e l'artigianalit\u00e0 italiana. La Biker Arancio \u00e8 realizzata in pelle naturale colorata a mano, con dettagli che richiamano l'estetica robusta e audace degli stivali da motociclista. Il puntale rinforzato, ispirato ai classici stivali biker, non solo aggiunge un tocco distintivo al design, ma offre anche protezione e resistenza, garantendo la massima durata. Le tonalit\u00e0 arancioni e nere si uniscono per creare un look deciso e versatile, adatto a chi cerca stile e funzionalit\u00e0 in un'unica calzatura. La suola carrarmato in gomma, progettata per offrire stabilit\u00e0 e comfort, ti accompagna in ogni avventura, sia in citt\u00e0 che all'aperto. La Biker Arancio \u00e8 perfetta per l'uomo che vive la vita con grinta, portando con s\u00e9 lo spirito ribelle e l'audacia del mondo biker in ogni passo. 100% Made in Italy, realizzato per durare e farti distinguere.","og_url":"https:\/\/bngrealshoes.com\/it\/prodotto\/d2234-10ayh-la-biker-caffelatte\/","og_site_name":"BnGRS","article_publisher":"https:\/\/www.facebook.com\/BnGRealShoes\/","article_modified_time":"2026-03-04T07:43:45+00:00","og_image":[{"width":640,"height":452,"url":"https:\/\/bngrealshoes.com\/wp-content\/uploads\/2023\/08\/LA-BIKER-NERA-CAFFELATTE-1-.jpg","type":"image\/jpeg"}],"twitter_card":"summary_large_image","schema":{"@context":"https:\/\/schema.org","@graph":[{"@type":"WebPage","@id":"https:\/\/bngrealshoes.com\/it\/prodotto\/d2234-10ayh-la-biker-caffelatte\/","url":"https:\/\/bngrealshoes.com\/it\/prodotto\/d2234-10ayh-la-biker-caffelatte\/","name":"D2234-10AYH - LA BIKER Caffelatte | BnGRS","isPartOf":{"@id":"https:\/\/bngrealshoes.com\/it\/#website"},"primaryImageOfPage":{"@id":"https:\/\/bngrealshoes.com\/it\/prodotto\/d2234-10ayh-la-biker-caffelatte\/#primaryimage"},"image":{"@id":"https:\/\/bngrealshoes.com\/it\/prodotto\/d2234-10ayh-la-biker-caffelatte\/#primaryimage"},"thumbnailUrl":"https:\/\/bngrealshoes.com\/wp-content\/uploads\/2023\/08\/LA-BIKER-NERA-CAFFELATTE-1-.jpg","datePublished":"2023-08-03T10:41:53+00:00","dateModified":"2026-03-04T07:43:45+00:00","breadcrumb":{"@id":"https:\/\/bngrealshoes.com\/it\/prodotto\/d2234-10ayh-la-biker-caffelatte\/#breadcrumb"},"inLanguage":"it-IT","potentialAction":[{"@type":"ReadAction","target":["https:\/\/bngrealshoes.com\/it\/prodotto\/d2234-10ayh-la-biker-caffelatte\/"]}]},{"@type":"ImageObject","inLanguage":"it-IT","@id":"https:\/\/bngrealshoes.com\/it\/prodotto\/d2234-10ayh-la-biker-caffelatte\/#primaryimage","url":"https:\/\/bngrealshoes.com\/wp-content\/uploads\/2023\/08\/LA-BIKER-NERA-CAFFELATTE-1-.jpg","contentUrl":"https:\/\/bngrealshoes.com\/wp-content\/uploads\/2023\/08\/LA-BIKER-NERA-CAFFELATTE-1-.jpg","width":640,"height":452},{"@type":"BreadcrumbList","@id":"https:\/\/bngrealshoes.com\/it\/prodotto\/d2234-10ayh-la-biker-caffelatte\/#breadcrumb","itemListElement":[{"@type":"ListItem","position":1,"name":"Home","item":"https:\/\/bngrealshoes.com\/it\/"},{"@type":"ListItem","position":2,"name":"Shop","item":"https:\/\/bngrealshoes.com\/it\/shop\/"},{"@type":"ListItem","position":3,"name":"D2234-10AYH &#8211; LA BIKER Caffelatte"}]},{"@type":"WebSite","@id":"https:\/\/bngrealshoes.com\/it\/#website","url":"https:\/\/bngrealshoes.com\/it\/","name":"BnGRS","description":"Real materials for real people.","publisher":{"@id":"https:\/\/bngrealshoes.com\/it\/#organization"},"potentialAction":[{"@type":"SearchAction","target":{"@type":"EntryPoint","urlTemplate":"https:\/\/bngrealshoes.com\/it\/?s={search_term_string}"},"query-input":{"@type":"PropertyValueSpecification","valueRequired":true,"valueName":"search_term_string"}}],"inLanguage":"it-IT"},{"@type":"Organization","@id":"https:\/\/bngrealshoes.com\/it\/#organization","name":"BnGRS","url":"https:\/\/bngrealshoes.com\/it\/","logo":{"@type":"ImageObject","inLanguage":"it-IT","@id":"https:\/\/bngrealshoes.com\/it\/#\/schema\/logo\/image\/","url":"https:\/\/bngrealshoes.com\/wp-content\/uploads\/2020\/12\/4Risorsa-1.png","contentUrl":"https:\/\/bngrealshoes.com\/wp-content\/uploads\/2020\/12\/4Risorsa-1.png","width":573,"height":541,"caption":"BnGRS"},"image":{"@id":"https:\/\/bngrealshoes.com\/it\/#\/schema\/logo\/image\/"},"sameAs":["https:\/\/www.facebook.com\/BnGRealShoes\/","https:\/\/www.instagram.com\/bng_real_shoes\/"]}]}},"_links":{"self":[{"href":"https:\/\/bngrealshoes.com\/it\/wp-json\/wp\/v2\/product\/106479","targetHints":{"allow":["GET"]}}],"collection":[{"href":"https:\/\/bngrealshoes.com\/it\/wp-json\/wp\/v2\/product"}],"about":[{"href":"https:\/\/bngrealshoes.com\/it\/wp-json\/wp\/v2\/types\/product"}],"wp:featuredmedia":[{"embeddable":true,"href":"https:\/\/bngrealshoes.com\/it\/wp-json\/wp\/v2\/media\/106484"}],"wp:attachment":[{"href":"https:\/\/bngrealshoes.com\/it\/wp-json\/wp\/v2\/media?parent=106479"}],"wp:term":[{"taxonomy":"product_cat","embeddable":true,"href":"https:\/\/bngrealshoes.com\/it\/wp-json\/wp\/v2\/product_cat?post=106479"},{"taxonomy":"product_tag","embeddable":true,"href":"https:\/\/bngrealshoes.com\/it\/wp-json\/wp\/v2\/product_tag?post=106479"}],"curies":[{"name":"wp","href":"https:\/\/api.w.org\/{rel}","templated":true}]}}