{"id":107550,"date":"2024-04-10T13:56:33","date_gmt":"2024-04-10T13:56:35","guid":{"rendered":"https:\/\/bngrealshoes.com\/?post_type=product&#038;p=107550"},"modified":"2024-04-10T14:07:08","modified_gmt":"2024-04-10T14:07:08","slug":"u2202-9a-la-clementina-canvas-high","status":"publish","type":"product","link":"https:\/\/bngrealshoes.com\/it\/prodotto\/u2202-9a-la-clementina-canvas-high\/","title":{"rendered":"U2202-9A &#8211; LA CLEMENTINA Canvas High"},"content":{"rendered":"<p>\u201c<strong>La Clementina Canvas<\/strong>\u201d \u00e8 un polacchino Stile Basket, realizzato in morbidissima pelle e tessuto Canvas. Successivamente lavorata e invecchiata a mano per dare un aspetto vintage. In tutte le nostre scarpe le solette interne, realizzate in memory foam rivestite in pelle di vitello, in caso di necessit\u00e0 sono estraibili aumentando la calzata. La fodera \u00e8 in pelle di e da un effetto di traspirabilit\u00e0 totale. Il piede \u00e8 avvolto completamente da materiale naturale e sano. La suola \u00e8 un sandwich in leggerissima EVA fresata su misura. Prodotto interamente a mano in Veneto \u2013 Italia<\/p>\n","protected":false},"excerpt":{"rendered":"<p>\u201c<strong>La Clementina Canvas<\/strong>\u201d \u00e8 un polacchino Stile Basket, realizzato in morbidissima pelle e tessuto Canvas. Successivamente lavorata e invecchiata a mano per dare un aspetto vintage. In tutte le nostre scarpe le solette interne, realizzate in memory foam rivestite in pelle di vitello, in caso di necessit\u00e0 sono estraibili aumentando la calzata. La fodera \u00e8 in pelle di e da un effetto di traspirabilit\u00e0 totale. Il piede \u00e8 avvolto completamente da materiale naturale e sano. La suola \u00e8 un sandwich in leggerissima EVA fresata su misura. Prodotto interamente a mano in Veneto \u2013 Italia<\/p>\n","protected":false},"featured_media":107590,"template":"","meta":{"_acf_changed":false,"inline_featured_image":false},"product_cat":[214,216,219],"product_tag":[255,242,243,244,245,246,247,248,249,250,253,254],"class_list":{"0":"post-107550","1":"product","2":"type-product","3":"status-publish","4":"has-post-thumbnail","6":"product_cat-all-seasons-it","7":"product_cat-high-profile-it","8":"product_cat-men-shoes-it","9":"product_tag-biker-boot-it","10":"product_tag-scarpe-it","11":"product_tag-scarpe-uomo-it-2","12":"product_tag-men-shoes-it","13":"product_tag-scarpe-fatte-a-mano","14":"product_tag-sneakers-it","15":"product_tag-fatto-a-mano-it-2","16":"product_tag-scarpe-italiane-it-2","17":"product_tag-scarpe-artigianali-it-2","18":"product_tag-artigianato-it","19":"product_tag-fashion-it","20":"product_tag-stivali-bikers-it","21":"pa_size-39-it","22":"pa_size-40-it","23":"pa_size-41-it","24":"pa_size-42-it","25":"pa_size-43-it","26":"pa_size-44-it","27":"pa_size-45-it","28":"pa_size-46-it","30":"first","31":"instock","32":"shipping-taxable","33":"purchasable","34":"product-type-variable"},"acf":[],"yoast_head":"<!-- This site is optimized with the Yoast SEO plugin v24.1 - https:\/\/yoast.com\/wordpress\/plugins\/seo\/ -->\n<title>U2202-9A - LA CLEMENTINA Canvas High | BnGRS<\/title>\n<meta name=\"description\" content=\"\u201cLa Clementina Canvas\u201d \u00e8 un polacchino Stile Basket, realizzato in morbidissima pelle e tessuto Canvas. Successivamente lavorata e invecchiata a mano per dare un aspetto vintage. In tutte le nostre scarpe le solette interne, realizzate in memory foam rivestite in pelle di vitello, in caso di necessit\u00e0 sono estraibili aumentando la calzata. La fodera \u00e8 in pelle di e da un effetto di traspirabilit\u00e0 totale. Il piede \u00e8 avvolto completamente da materiale naturale e sano. La suola \u00e8 un sandwich in leggerissima EVA fresata su misura. Prodotto interamente a mano in Veneto \u2013 Italia\" \/>\n<meta name=\"robots\" content=\"index, follow, max-snippet:-1, max-image-preview:large, max-video-preview:-1\" \/>\n<link rel=\"canonical\" href=\"https:\/\/bngrealshoes.com\/it\/prodotto\/u2202-9a-la-clementina-canvas-high\/\" \/>\n<meta property=\"og:locale\" content=\"it_IT\" \/>\n<meta property=\"og:type\" content=\"article\" \/>\n<meta property=\"og:title\" content=\"U2202-9A - LA CLEMENTINA Canvas High | BnGRS\" \/>\n<meta property=\"og:description\" content=\"\u201cLa Clementina Canvas\u201d \u00e8 un polacchino Stile Basket, realizzato in morbidissima pelle e tessuto Canvas. Successivamente lavorata e invecchiata a mano per dare un aspetto vintage. In tutte le nostre scarpe le solette interne, realizzate in memory foam rivestite in pelle di vitello, in caso di necessit\u00e0 sono estraibili aumentando la calzata. La fodera \u00e8 in pelle di e da un effetto di traspirabilit\u00e0 totale. Il piede \u00e8 avvolto completamente da materiale naturale e sano. La suola \u00e8 un sandwich in leggerissima EVA fresata su misura. Prodotto interamente a mano in Veneto \u2013 Italia\" \/>\n<meta property=\"og:url\" content=\"https:\/\/bngrealshoes.com\/it\/prodotto\/u2202-9a-la-clementina-canvas-high\/\" \/>\n<meta property=\"og:site_name\" content=\"BnGRS\" \/>\n<meta property=\"article:publisher\" content=\"https:\/\/www.facebook.com\/BnGRealShoes\/\" \/>\n<meta property=\"article:modified_time\" content=\"2024-04-10T14:07:08+00:00\" \/>\n<meta property=\"og:image\" content=\"https:\/\/bngrealshoes.com\/wp-content\/uploads\/2024\/04\/LA-CLEMENTINA-CANVAS-HIGH-1-1-1.jpg\" \/>\n\t<meta property=\"og:image:width\" content=\"640\" \/>\n\t<meta property=\"og:image:height\" content=\"452\" \/>\n\t<meta property=\"og:image:type\" content=\"image\/jpeg\" \/>\n<meta name=\"twitter:card\" content=\"summary_large_image\" \/>\n<meta name=\"twitter:label1\" content=\"Tempo di lettura stimato\" \/>\n\t<meta name=\"twitter:data1\" content=\"1 minuto\" \/>\n<script type=\"application\/ld+json\" class=\"yoast-schema-graph\">{\"@context\":\"https:\/\/schema.org\",\"@graph\":[{\"@type\":\"WebPage\",\"@id\":\"https:\/\/bngrealshoes.com\/it\/prodotto\/u2202-9a-la-clementina-canvas-high\/\",\"url\":\"https:\/\/bngrealshoes.com\/it\/prodotto\/u2202-9a-la-clementina-canvas-high\/\",\"name\":\"U2202-9A - LA CLEMENTINA Canvas High | BnGRS\",\"isPartOf\":{\"@id\":\"https:\/\/bngrealshoes.com\/it\/#website\"},\"primaryImageOfPage\":{\"@id\":\"https:\/\/bngrealshoes.com\/it\/prodotto\/u2202-9a-la-clementina-canvas-high\/#primaryimage\"},\"image\":{\"@id\":\"https:\/\/bngrealshoes.com\/it\/prodotto\/u2202-9a-la-clementina-canvas-high\/#primaryimage\"},\"thumbnailUrl\":\"https:\/\/bngrealshoes.com\/wp-content\/uploads\/2024\/04\/LA-CLEMENTINA-CANVAS-HIGH-1-1-1.jpg\",\"datePublished\":\"2024-04-10T13:56:35+00:00\",\"dateModified\":\"2024-04-10T14:07:08+00:00\",\"description\":\"\u201cLa Clementina Canvas\u201d \u00e8 un polacchino Stile Basket, realizzato in morbidissima pelle e tessuto Canvas. Successivamente lavorata e invecchiata a mano per dare un aspetto vintage. In tutte le nostre scarpe le solette interne, realizzate in memory foam rivestite in pelle di vitello, in caso di necessit\u00e0 sono estraibili aumentando la calzata. La fodera \u00e8 in pelle di e da un effetto di traspirabilit\u00e0 totale. Il piede \u00e8 avvolto completamente da materiale naturale e sano. La suola \u00e8 un sandwich in leggerissima EVA fresata su misura. Prodotto interamente a mano in Veneto \u2013 Italia\",\"breadcrumb\":{\"@id\":\"https:\/\/bngrealshoes.com\/it\/prodotto\/u2202-9a-la-clementina-canvas-high\/#breadcrumb\"},\"inLanguage\":\"it-IT\",\"potentialAction\":[{\"@type\":\"ReadAction\",\"target\":[\"https:\/\/bngrealshoes.com\/it\/prodotto\/u2202-9a-la-clementina-canvas-high\/\"]}]},{\"@type\":\"ImageObject\",\"inLanguage\":\"it-IT\",\"@id\":\"https:\/\/bngrealshoes.com\/it\/prodotto\/u2202-9a-la-clementina-canvas-high\/#primaryimage\",\"url\":\"https:\/\/bngrealshoes.com\/wp-content\/uploads\/2024\/04\/LA-CLEMENTINA-CANVAS-HIGH-1-1-1.jpg\",\"contentUrl\":\"https:\/\/bngrealshoes.com\/wp-content\/uploads\/2024\/04\/LA-CLEMENTINA-CANVAS-HIGH-1-1-1.jpg\",\"width\":640,\"height\":452},{\"@type\":\"BreadcrumbList\",\"@id\":\"https:\/\/bngrealshoes.com\/it\/prodotto\/u2202-9a-la-clementina-canvas-high\/#breadcrumb\",\"itemListElement\":[{\"@type\":\"ListItem\",\"position\":1,\"name\":\"Home\",\"item\":\"https:\/\/bngrealshoes.com\/it\/\"},{\"@type\":\"ListItem\",\"position\":2,\"name\":\"Shop\",\"item\":\"https:\/\/bngrealshoes.com\/it\/shop\/\"},{\"@type\":\"ListItem\",\"position\":3,\"name\":\"U2202-9A &#8211; LA CLEMENTINA Canvas High\"}]},{\"@type\":\"WebSite\",\"@id\":\"https:\/\/bngrealshoes.com\/it\/#website\",\"url\":\"https:\/\/bngrealshoes.com\/it\/\",\"name\":\"BnGRS\",\"description\":\"Real materials for real people.\",\"publisher\":{\"@id\":\"https:\/\/bngrealshoes.com\/it\/#organization\"},\"potentialAction\":[{\"@type\":\"SearchAction\",\"target\":{\"@type\":\"EntryPoint\",\"urlTemplate\":\"https:\/\/bngrealshoes.com\/it\/?s={search_term_string}\"},\"query-input\":{\"@type\":\"PropertyValueSpecification\",\"valueRequired\":true,\"valueName\":\"search_term_string\"}}],\"inLanguage\":\"it-IT\"},{\"@type\":\"Organization\",\"@id\":\"https:\/\/bngrealshoes.com\/it\/#organization\",\"name\":\"BnGRS\",\"url\":\"https:\/\/bngrealshoes.com\/it\/\",\"logo\":{\"@type\":\"ImageObject\",\"inLanguage\":\"it-IT\",\"@id\":\"https:\/\/bngrealshoes.com\/it\/#\/schema\/logo\/image\/\",\"url\":\"https:\/\/bngrealshoes.com\/wp-content\/uploads\/2020\/12\/4Risorsa-1.png\",\"contentUrl\":\"https:\/\/bngrealshoes.com\/wp-content\/uploads\/2020\/12\/4Risorsa-1.png\",\"width\":573,\"height\":541,\"caption\":\"BnGRS\"},\"image\":{\"@id\":\"https:\/\/bngrealshoes.com\/it\/#\/schema\/logo\/image\/\"},\"sameAs\":[\"https:\/\/www.facebook.com\/BnGRealShoes\/\",\"https:\/\/www.instagram.com\/bng_real_shoes\/\"]}]}<\/script>\n<!-- \/ Yoast SEO plugin. -->","yoast_head_json":{"title":"U2202-9A - LA CLEMENTINA Canvas High | BnGRS","description":"\u201cLa Clementina Canvas\u201d \u00e8 un polacchino Stile Basket, realizzato in morbidissima pelle e tessuto Canvas. Successivamente lavorata e invecchiata a mano per dare un aspetto vintage. In tutte le nostre scarpe le solette interne, realizzate in memory foam rivestite in pelle di vitello, in caso di necessit\u00e0 sono estraibili aumentando la calzata. La fodera \u00e8 in pelle di e da un effetto di traspirabilit\u00e0 totale. Il piede \u00e8 avvolto completamente da materiale naturale e sano. La suola \u00e8 un sandwich in leggerissima EVA fresata su misura. Prodotto interamente a mano in Veneto \u2013 Italia","robots":{"index":"index","follow":"follow","max-snippet":"max-snippet:-1","max-image-preview":"max-image-preview:large","max-video-preview":"max-video-preview:-1"},"canonical":"https:\/\/bngrealshoes.com\/it\/prodotto\/u2202-9a-la-clementina-canvas-high\/","og_locale":"it_IT","og_type":"article","og_title":"U2202-9A - LA CLEMENTINA Canvas High | BnGRS","og_description":"\u201cLa Clementina Canvas\u201d \u00e8 un polacchino Stile Basket, realizzato in morbidissima pelle e tessuto Canvas. Successivamente lavorata e invecchiata a mano per dare un aspetto vintage. In tutte le nostre scarpe le solette interne, realizzate in memory foam rivestite in pelle di vitello, in caso di necessit\u00e0 sono estraibili aumentando la calzata. La fodera \u00e8 in pelle di e da un effetto di traspirabilit\u00e0 totale. Il piede \u00e8 avvolto completamente da materiale naturale e sano. La suola \u00e8 un sandwich in leggerissima EVA fresata su misura. Prodotto interamente a mano in Veneto \u2013 Italia","og_url":"https:\/\/bngrealshoes.com\/it\/prodotto\/u2202-9a-la-clementina-canvas-high\/","og_site_name":"BnGRS","article_publisher":"https:\/\/www.facebook.com\/BnGRealShoes\/","article_modified_time":"2024-04-10T14:07:08+00:00","og_image":[{"width":640,"height":452,"url":"https:\/\/bngrealshoes.com\/wp-content\/uploads\/2024\/04\/LA-CLEMENTINA-CANVAS-HIGH-1-1-1.jpg","type":"image\/jpeg"}],"twitter_card":"summary_large_image","twitter_misc":{"Tempo di lettura stimato":"1 minuto"},"schema":{"@context":"https:\/\/schema.org","@graph":[{"@type":"WebPage","@id":"https:\/\/bngrealshoes.com\/it\/prodotto\/u2202-9a-la-clementina-canvas-high\/","url":"https:\/\/bngrealshoes.com\/it\/prodotto\/u2202-9a-la-clementina-canvas-high\/","name":"U2202-9A - LA CLEMENTINA Canvas High | BnGRS","isPartOf":{"@id":"https:\/\/bngrealshoes.com\/it\/#website"},"primaryImageOfPage":{"@id":"https:\/\/bngrealshoes.com\/it\/prodotto\/u2202-9a-la-clementina-canvas-high\/#primaryimage"},"image":{"@id":"https:\/\/bngrealshoes.com\/it\/prodotto\/u2202-9a-la-clementina-canvas-high\/#primaryimage"},"thumbnailUrl":"https:\/\/bngrealshoes.com\/wp-content\/uploads\/2024\/04\/LA-CLEMENTINA-CANVAS-HIGH-1-1-1.jpg","datePublished":"2024-04-10T13:56:35+00:00","dateModified":"2024-04-10T14:07:08+00:00","description":"\u201cLa Clementina Canvas\u201d \u00e8 un polacchino Stile Basket, realizzato in morbidissima pelle e tessuto Canvas. Successivamente lavorata e invecchiata a mano per dare un aspetto vintage. In tutte le nostre scarpe le solette interne, realizzate in memory foam rivestite in pelle di vitello, in caso di necessit\u00e0 sono estraibili aumentando la calzata. La fodera \u00e8 in pelle di e da un effetto di traspirabilit\u00e0 totale. Il piede \u00e8 avvolto completamente da materiale naturale e sano. La suola \u00e8 un sandwich in leggerissima EVA fresata su misura. Prodotto interamente a mano in Veneto \u2013 Italia","breadcrumb":{"@id":"https:\/\/bngrealshoes.com\/it\/prodotto\/u2202-9a-la-clementina-canvas-high\/#breadcrumb"},"inLanguage":"it-IT","potentialAction":[{"@type":"ReadAction","target":["https:\/\/bngrealshoes.com\/it\/prodotto\/u2202-9a-la-clementina-canvas-high\/"]}]},{"@type":"ImageObject","inLanguage":"it-IT","@id":"https:\/\/bngrealshoes.com\/it\/prodotto\/u2202-9a-la-clementina-canvas-high\/#primaryimage","url":"https:\/\/bngrealshoes.com\/wp-content\/uploads\/2024\/04\/LA-CLEMENTINA-CANVAS-HIGH-1-1-1.jpg","contentUrl":"https:\/\/bngrealshoes.com\/wp-content\/uploads\/2024\/04\/LA-CLEMENTINA-CANVAS-HIGH-1-1-1.jpg","width":640,"height":452},{"@type":"BreadcrumbList","@id":"https:\/\/bngrealshoes.com\/it\/prodotto\/u2202-9a-la-clementina-canvas-high\/#breadcrumb","itemListElement":[{"@type":"ListItem","position":1,"name":"Home","item":"https:\/\/bngrealshoes.com\/it\/"},{"@type":"ListItem","position":2,"name":"Shop","item":"https:\/\/bngrealshoes.com\/it\/shop\/"},{"@type":"ListItem","position":3,"name":"U2202-9A &#8211; LA CLEMENTINA Canvas High"}]},{"@type":"WebSite","@id":"https:\/\/bngrealshoes.com\/it\/#website","url":"https:\/\/bngrealshoes.com\/it\/","name":"BnGRS","description":"Real materials for real people.","publisher":{"@id":"https:\/\/bngrealshoes.com\/it\/#organization"},"potentialAction":[{"@type":"SearchAction","target":{"@type":"EntryPoint","urlTemplate":"https:\/\/bngrealshoes.com\/it\/?s={search_term_string}"},"query-input":{"@type":"PropertyValueSpecification","valueRequired":true,"valueName":"search_term_string"}}],"inLanguage":"it-IT"},{"@type":"Organization","@id":"https:\/\/bngrealshoes.com\/it\/#organization","name":"BnGRS","url":"https:\/\/bngrealshoes.com\/it\/","logo":{"@type":"ImageObject","inLanguage":"it-IT","@id":"https:\/\/bngrealshoes.com\/it\/#\/schema\/logo\/image\/","url":"https:\/\/bngrealshoes.com\/wp-content\/uploads\/2020\/12\/4Risorsa-1.png","contentUrl":"https:\/\/bngrealshoes.com\/wp-content\/uploads\/2020\/12\/4Risorsa-1.png","width":573,"height":541,"caption":"BnGRS"},"image":{"@id":"https:\/\/bngrealshoes.com\/it\/#\/schema\/logo\/image\/"},"sameAs":["https:\/\/www.facebook.com\/BnGRealShoes\/","https:\/\/www.instagram.com\/bng_real_shoes\/"]}]}},"_links":{"self":[{"href":"https:\/\/bngrealshoes.com\/it\/wp-json\/wp\/v2\/product\/107550","targetHints":{"allow":["GET"]}}],"collection":[{"href":"https:\/\/bngrealshoes.com\/it\/wp-json\/wp\/v2\/product"}],"about":[{"href":"https:\/\/bngrealshoes.com\/it\/wp-json\/wp\/v2\/types\/product"}],"wp:featuredmedia":[{"embeddable":true,"href":"https:\/\/bngrealshoes.com\/it\/wp-json\/wp\/v2\/media\/107590"}],"wp:attachment":[{"href":"https:\/\/bngrealshoes.com\/it\/wp-json\/wp\/v2\/media?parent=107550"}],"wp:term":[{"taxonomy":"product_cat","embeddable":true,"href":"https:\/\/bngrealshoes.com\/it\/wp-json\/wp\/v2\/product_cat?post=107550"},{"taxonomy":"product_tag","embeddable":true,"href":"https:\/\/bngrealshoes.com\/it\/wp-json\/wp\/v2\/product_tag?post=107550"}],"curies":[{"name":"wp","href":"https:\/\/api.w.org\/{rel}","templated":true}]}}