{"id":108448,"date":"2026-02-25T10:19:45","date_gmt":"2026-02-25T10:19:45","guid":{"rendered":"https:\/\/bngrealshoes.com\/?post_type=product&#038;p=108448"},"modified":"2026-03-04T07:47:08","modified_gmt":"2026-03-04T07:47:08","slug":"u2021-14a-la-sneaker-bianca","status":"publish","type":"product","link":"https:\/\/bngrealshoes.com\/it\/prodotto\/u2021-14a-la-sneaker-bianca\/","title":{"rendered":"U2021-14A LA SNEAKER BIANCA"},"content":{"rendered":"<p>\u201cLa Sneaker Bianca\u201d \u00e8 una Sneakers Casual, realizzata in morbidissima pelle naturale. Successivamente lavorato e invecchiato a mano per conferire un aspetto vintage.\u00a0 La fodera \u00e8 in pelle naturale per un effetto traspirante totale. In tutte le nostre scarpe le solette interne, realizzate in memory foam rivestito in pelle, possono essere rimosse in caso di necessit\u00e0, aumentandone la calzata. Il piede \u00e8 completamente avvolto in materiale naturale e sano. La suola \u00e8 realizzata in EVA leggera fresata su misura. Interamente fatto a mano in Veneto &#8211; Italia<\/p>\n","protected":false},"excerpt":{"rendered":"<p>\u201cLa Sneaker Bianca\u201d \u00e8 una Sneakers Casual, realizzata in morbidissima pelle naturale. Successivamente lavorato e invecchiato a mano per conferire un aspetto vintage.\u00a0 La fodera \u00e8 in pelle naturale per un effetto traspirante totale. In tutte le nostre scarpe le solette interne, realizzate in memory foam rivestito in pelle, possono essere rimosse in caso di necessit\u00e0, aumentandone la calzata. Il piede \u00e8 completamente avvolto in materiale naturale e sano. La suola \u00e8 realizzata in EVA leggera fresata su misura. Interamente fatto a mano in Veneto &#8211; Italia<\/p>\n","protected":false},"featured_media":108455,"template":"","meta":{"_acf_changed":false,"inline_featured_image":false},"product_cat":[214,218,219],"product_tag":[255,257,242,243,244,245,246,247,248,249,250,253],"class_list":{"0":"post-108448","1":"product","2":"type-product","3":"status-publish","4":"has-post-thumbnail","6":"product_cat-all-seasons-it","7":"product_cat-low-profile-it","8":"product_cat-men-shoes-it","9":"product_tag-biker-boot-it","10":"product_tag-made-in-italy-it","11":"product_tag-scarpe-it","12":"product_tag-scarpe-uomo-it-2","13":"product_tag-men-shoes-it","14":"product_tag-scarpe-fatte-a-mano","15":"product_tag-sneakers-it","16":"product_tag-fatto-a-mano-it-2","17":"product_tag-scarpe-italiane-it-2","18":"product_tag-scarpe-artigianali-it-2","19":"product_tag-artigianato-it","20":"product_tag-fashion-it","21":"pa_size-39-it","22":"pa_size-40-it","23":"pa_size-41-it","24":"pa_size-42-it","25":"pa_size-43-it","26":"pa_size-44-it","27":"pa_size-45-it","28":"pa_size-46-it","30":"first","31":"instock","32":"shipping-taxable","33":"purchasable","34":"product-type-variable"},"acf":[],"yoast_head":"<!-- This site is optimized with the Yoast SEO plugin v24.1 - https:\/\/yoast.com\/wordpress\/plugins\/seo\/ -->\n<title>U2021-14A LA SNEAKER BIANCA | BnGRS<\/title>\n<meta name=\"description\" content=\"\u201cLa Sneaker Bianca\u201d \u00e8 una Sneakers Casual, realizzata in morbidissima pelle naturale e tessuto di tela. Successivamente lavorato e invecchiato a mano per conferire un aspetto vintage.\u00a0 La fodera \u00e8 in pelle naturale per un effetto traspirante totale. In tutte le nostre scarpe le solette interne, realizzate in memory foam rivestito in pelle, possono essere rimosse in caso di necessit\u00e0, aumentandone la calzata. Il piede \u00e8 completamente avvolto in materiale naturale e sano. La suola \u00e8 realizzata in EVA leggera fresata su misura. Interamente fatto a mano in Veneto - Italia\" \/>\n<meta name=\"robots\" content=\"index, follow, max-snippet:-1, max-image-preview:large, max-video-preview:-1\" \/>\n<link rel=\"canonical\" href=\"https:\/\/bngrealshoes.com\/it\/prodotto\/u2021-14a-la-sneaker-bianca\/\" \/>\n<meta property=\"og:locale\" content=\"it_IT\" \/>\n<meta property=\"og:type\" content=\"article\" \/>\n<meta property=\"og:title\" content=\"U2021-14A LA SNEAKER BIANCA | BnGRS\" \/>\n<meta property=\"og:description\" content=\"\u201cLa Sneaker Bianca\u201d \u00e8 una Sneakers Casual, realizzata in morbidissima pelle naturale e tessuto di tela. Successivamente lavorato e invecchiato a mano per conferire un aspetto vintage.\u00a0 La fodera \u00e8 in pelle naturale per un effetto traspirante totale. In tutte le nostre scarpe le solette interne, realizzate in memory foam rivestito in pelle, possono essere rimosse in caso di necessit\u00e0, aumentandone la calzata. Il piede \u00e8 completamente avvolto in materiale naturale e sano. La suola \u00e8 realizzata in EVA leggera fresata su misura. Interamente fatto a mano in Veneto - Italia\" \/>\n<meta property=\"og:url\" content=\"https:\/\/bngrealshoes.com\/it\/prodotto\/u2021-14a-la-sneaker-bianca\/\" \/>\n<meta property=\"og:site_name\" content=\"BnGRS\" \/>\n<meta property=\"article:publisher\" content=\"https:\/\/www.facebook.com\/BnGRealShoes\/\" \/>\n<meta property=\"article:modified_time\" content=\"2026-03-04T07:47:08+00:00\" \/>\n<meta property=\"og:image\" content=\"https:\/\/bngrealshoes.com\/wp-content\/uploads\/2026\/02\/LA-SNEAKER-BIANCA-1-.jpg\" \/>\n\t<meta property=\"og:image:width\" content=\"640\" \/>\n\t<meta property=\"og:image:height\" content=\"452\" \/>\n\t<meta property=\"og:image:type\" content=\"image\/jpeg\" \/>\n<meta name=\"twitter:card\" content=\"summary_large_image\" \/>\n<meta name=\"twitter:label1\" content=\"Tempo di lettura stimato\" \/>\n\t<meta name=\"twitter:data1\" content=\"1 minuto\" \/>\n<script type=\"application\/ld+json\" class=\"yoast-schema-graph\">{\"@context\":\"https:\/\/schema.org\",\"@graph\":[{\"@type\":\"WebPage\",\"@id\":\"https:\/\/bngrealshoes.com\/it\/prodotto\/u2021-14a-la-sneaker-bianca\/\",\"url\":\"https:\/\/bngrealshoes.com\/it\/prodotto\/u2021-14a-la-sneaker-bianca\/\",\"name\":\"U2021-14A LA SNEAKER BIANCA | BnGRS\",\"isPartOf\":{\"@id\":\"https:\/\/bngrealshoes.com\/it\/#website\"},\"primaryImageOfPage\":{\"@id\":\"https:\/\/bngrealshoes.com\/it\/prodotto\/u2021-14a-la-sneaker-bianca\/#primaryimage\"},\"image\":{\"@id\":\"https:\/\/bngrealshoes.com\/it\/prodotto\/u2021-14a-la-sneaker-bianca\/#primaryimage\"},\"thumbnailUrl\":\"https:\/\/bngrealshoes.com\/wp-content\/uploads\/2026\/02\/LA-SNEAKER-BIANCA-1-.jpg\",\"datePublished\":\"2026-02-25T10:19:45+00:00\",\"dateModified\":\"2026-03-04T07:47:08+00:00\",\"description\":\"\u201cLa Sneaker Bianca\u201d \u00e8 una Sneakers Casual, realizzata in morbidissima pelle naturale e tessuto di tela. Successivamente lavorato e invecchiato a mano per conferire un aspetto vintage.\u00a0 La fodera \u00e8 in pelle naturale per un effetto traspirante totale. In tutte le nostre scarpe le solette interne, realizzate in memory foam rivestito in pelle, possono essere rimosse in caso di necessit\u00e0, aumentandone la calzata. Il piede \u00e8 completamente avvolto in materiale naturale e sano. La suola \u00e8 realizzata in EVA leggera fresata su misura. Interamente fatto a mano in Veneto - Italia\",\"breadcrumb\":{\"@id\":\"https:\/\/bngrealshoes.com\/it\/prodotto\/u2021-14a-la-sneaker-bianca\/#breadcrumb\"},\"inLanguage\":\"it-IT\",\"potentialAction\":[{\"@type\":\"ReadAction\",\"target\":[\"https:\/\/bngrealshoes.com\/it\/prodotto\/u2021-14a-la-sneaker-bianca\/\"]}]},{\"@type\":\"ImageObject\",\"inLanguage\":\"it-IT\",\"@id\":\"https:\/\/bngrealshoes.com\/it\/prodotto\/u2021-14a-la-sneaker-bianca\/#primaryimage\",\"url\":\"https:\/\/bngrealshoes.com\/wp-content\/uploads\/2026\/02\/LA-SNEAKER-BIANCA-1-.jpg\",\"contentUrl\":\"https:\/\/bngrealshoes.com\/wp-content\/uploads\/2026\/02\/LA-SNEAKER-BIANCA-1-.jpg\",\"width\":640,\"height\":452},{\"@type\":\"BreadcrumbList\",\"@id\":\"https:\/\/bngrealshoes.com\/it\/prodotto\/u2021-14a-la-sneaker-bianca\/#breadcrumb\",\"itemListElement\":[{\"@type\":\"ListItem\",\"position\":1,\"name\":\"Home\",\"item\":\"https:\/\/bngrealshoes.com\/it\/\"},{\"@type\":\"ListItem\",\"position\":2,\"name\":\"Shop\",\"item\":\"https:\/\/bngrealshoes.com\/it\/shop\/\"},{\"@type\":\"ListItem\",\"position\":3,\"name\":\"U2021-14A LA SNEAKER BIANCA\"}]},{\"@type\":\"WebSite\",\"@id\":\"https:\/\/bngrealshoes.com\/it\/#website\",\"url\":\"https:\/\/bngrealshoes.com\/it\/\",\"name\":\"BnGRS\",\"description\":\"Real materials for real people.\",\"publisher\":{\"@id\":\"https:\/\/bngrealshoes.com\/it\/#organization\"},\"potentialAction\":[{\"@type\":\"SearchAction\",\"target\":{\"@type\":\"EntryPoint\",\"urlTemplate\":\"https:\/\/bngrealshoes.com\/it\/?s={search_term_string}\"},\"query-input\":{\"@type\":\"PropertyValueSpecification\",\"valueRequired\":true,\"valueName\":\"search_term_string\"}}],\"inLanguage\":\"it-IT\"},{\"@type\":\"Organization\",\"@id\":\"https:\/\/bngrealshoes.com\/it\/#organization\",\"name\":\"BnGRS\",\"url\":\"https:\/\/bngrealshoes.com\/it\/\",\"logo\":{\"@type\":\"ImageObject\",\"inLanguage\":\"it-IT\",\"@id\":\"https:\/\/bngrealshoes.com\/it\/#\/schema\/logo\/image\/\",\"url\":\"https:\/\/bngrealshoes.com\/wp-content\/uploads\/2020\/12\/4Risorsa-1.png\",\"contentUrl\":\"https:\/\/bngrealshoes.com\/wp-content\/uploads\/2020\/12\/4Risorsa-1.png\",\"width\":573,\"height\":541,\"caption\":\"BnGRS\"},\"image\":{\"@id\":\"https:\/\/bngrealshoes.com\/it\/#\/schema\/logo\/image\/\"},\"sameAs\":[\"https:\/\/www.facebook.com\/BnGRealShoes\/\",\"https:\/\/www.instagram.com\/bng_real_shoes\/\"]}]}<\/script>\n<!-- \/ Yoast SEO plugin. -->","yoast_head_json":{"title":"U2021-14A LA SNEAKER BIANCA | BnGRS","description":"\u201cLa Sneaker Bianca\u201d \u00e8 una Sneakers Casual, realizzata in morbidissima pelle naturale e tessuto di tela. Successivamente lavorato e invecchiato a mano per conferire un aspetto vintage.\u00a0 La fodera \u00e8 in pelle naturale per un effetto traspirante totale. In tutte le nostre scarpe le solette interne, realizzate in memory foam rivestito in pelle, possono essere rimosse in caso di necessit\u00e0, aumentandone la calzata. Il piede \u00e8 completamente avvolto in materiale naturale e sano. La suola \u00e8 realizzata in EVA leggera fresata su misura. Interamente fatto a mano in Veneto - Italia","robots":{"index":"index","follow":"follow","max-snippet":"max-snippet:-1","max-image-preview":"max-image-preview:large","max-video-preview":"max-video-preview:-1"},"canonical":"https:\/\/bngrealshoes.com\/it\/prodotto\/u2021-14a-la-sneaker-bianca\/","og_locale":"it_IT","og_type":"article","og_title":"U2021-14A LA SNEAKER BIANCA | BnGRS","og_description":"\u201cLa Sneaker Bianca\u201d \u00e8 una Sneakers Casual, realizzata in morbidissima pelle naturale e tessuto di tela. Successivamente lavorato e invecchiato a mano per conferire un aspetto vintage.\u00a0 La fodera \u00e8 in pelle naturale per un effetto traspirante totale. In tutte le nostre scarpe le solette interne, realizzate in memory foam rivestito in pelle, possono essere rimosse in caso di necessit\u00e0, aumentandone la calzata. Il piede \u00e8 completamente avvolto in materiale naturale e sano. La suola \u00e8 realizzata in EVA leggera fresata su misura. Interamente fatto a mano in Veneto - Italia","og_url":"https:\/\/bngrealshoes.com\/it\/prodotto\/u2021-14a-la-sneaker-bianca\/","og_site_name":"BnGRS","article_publisher":"https:\/\/www.facebook.com\/BnGRealShoes\/","article_modified_time":"2026-03-04T07:47:08+00:00","og_image":[{"width":640,"height":452,"url":"https:\/\/bngrealshoes.com\/wp-content\/uploads\/2026\/02\/LA-SNEAKER-BIANCA-1-.jpg","type":"image\/jpeg"}],"twitter_card":"summary_large_image","twitter_misc":{"Tempo di lettura stimato":"1 minuto"},"schema":{"@context":"https:\/\/schema.org","@graph":[{"@type":"WebPage","@id":"https:\/\/bngrealshoes.com\/it\/prodotto\/u2021-14a-la-sneaker-bianca\/","url":"https:\/\/bngrealshoes.com\/it\/prodotto\/u2021-14a-la-sneaker-bianca\/","name":"U2021-14A LA SNEAKER BIANCA | BnGRS","isPartOf":{"@id":"https:\/\/bngrealshoes.com\/it\/#website"},"primaryImageOfPage":{"@id":"https:\/\/bngrealshoes.com\/it\/prodotto\/u2021-14a-la-sneaker-bianca\/#primaryimage"},"image":{"@id":"https:\/\/bngrealshoes.com\/it\/prodotto\/u2021-14a-la-sneaker-bianca\/#primaryimage"},"thumbnailUrl":"https:\/\/bngrealshoes.com\/wp-content\/uploads\/2026\/02\/LA-SNEAKER-BIANCA-1-.jpg","datePublished":"2026-02-25T10:19:45+00:00","dateModified":"2026-03-04T07:47:08+00:00","description":"\u201cLa Sneaker Bianca\u201d \u00e8 una Sneakers Casual, realizzata in morbidissima pelle naturale e tessuto di tela. Successivamente lavorato e invecchiato a mano per conferire un aspetto vintage.\u00a0 La fodera \u00e8 in pelle naturale per un effetto traspirante totale. In tutte le nostre scarpe le solette interne, realizzate in memory foam rivestito in pelle, possono essere rimosse in caso di necessit\u00e0, aumentandone la calzata. Il piede \u00e8 completamente avvolto in materiale naturale e sano. La suola \u00e8 realizzata in EVA leggera fresata su misura. Interamente fatto a mano in Veneto - Italia","breadcrumb":{"@id":"https:\/\/bngrealshoes.com\/it\/prodotto\/u2021-14a-la-sneaker-bianca\/#breadcrumb"},"inLanguage":"it-IT","potentialAction":[{"@type":"ReadAction","target":["https:\/\/bngrealshoes.com\/it\/prodotto\/u2021-14a-la-sneaker-bianca\/"]}]},{"@type":"ImageObject","inLanguage":"it-IT","@id":"https:\/\/bngrealshoes.com\/it\/prodotto\/u2021-14a-la-sneaker-bianca\/#primaryimage","url":"https:\/\/bngrealshoes.com\/wp-content\/uploads\/2026\/02\/LA-SNEAKER-BIANCA-1-.jpg","contentUrl":"https:\/\/bngrealshoes.com\/wp-content\/uploads\/2026\/02\/LA-SNEAKER-BIANCA-1-.jpg","width":640,"height":452},{"@type":"BreadcrumbList","@id":"https:\/\/bngrealshoes.com\/it\/prodotto\/u2021-14a-la-sneaker-bianca\/#breadcrumb","itemListElement":[{"@type":"ListItem","position":1,"name":"Home","item":"https:\/\/bngrealshoes.com\/it\/"},{"@type":"ListItem","position":2,"name":"Shop","item":"https:\/\/bngrealshoes.com\/it\/shop\/"},{"@type":"ListItem","position":3,"name":"U2021-14A LA SNEAKER BIANCA"}]},{"@type":"WebSite","@id":"https:\/\/bngrealshoes.com\/it\/#website","url":"https:\/\/bngrealshoes.com\/it\/","name":"BnGRS","description":"Real materials for real people.","publisher":{"@id":"https:\/\/bngrealshoes.com\/it\/#organization"},"potentialAction":[{"@type":"SearchAction","target":{"@type":"EntryPoint","urlTemplate":"https:\/\/bngrealshoes.com\/it\/?s={search_term_string}"},"query-input":{"@type":"PropertyValueSpecification","valueRequired":true,"valueName":"search_term_string"}}],"inLanguage":"it-IT"},{"@type":"Organization","@id":"https:\/\/bngrealshoes.com\/it\/#organization","name":"BnGRS","url":"https:\/\/bngrealshoes.com\/it\/","logo":{"@type":"ImageObject","inLanguage":"it-IT","@id":"https:\/\/bngrealshoes.com\/it\/#\/schema\/logo\/image\/","url":"https:\/\/bngrealshoes.com\/wp-content\/uploads\/2020\/12\/4Risorsa-1.png","contentUrl":"https:\/\/bngrealshoes.com\/wp-content\/uploads\/2020\/12\/4Risorsa-1.png","width":573,"height":541,"caption":"BnGRS"},"image":{"@id":"https:\/\/bngrealshoes.com\/it\/#\/schema\/logo\/image\/"},"sameAs":["https:\/\/www.facebook.com\/BnGRealShoes\/","https:\/\/www.instagram.com\/bng_real_shoes\/"]}]}},"_links":{"self":[{"href":"https:\/\/bngrealshoes.com\/it\/wp-json\/wp\/v2\/product\/108448","targetHints":{"allow":["GET"]}}],"collection":[{"href":"https:\/\/bngrealshoes.com\/it\/wp-json\/wp\/v2\/product"}],"about":[{"href":"https:\/\/bngrealshoes.com\/it\/wp-json\/wp\/v2\/types\/product"}],"wp:featuredmedia":[{"embeddable":true,"href":"https:\/\/bngrealshoes.com\/it\/wp-json\/wp\/v2\/media\/108455"}],"wp:attachment":[{"href":"https:\/\/bngrealshoes.com\/it\/wp-json\/wp\/v2\/media?parent=108448"}],"wp:term":[{"taxonomy":"product_cat","embeddable":true,"href":"https:\/\/bngrealshoes.com\/it\/wp-json\/wp\/v2\/product_cat?post=108448"},{"taxonomy":"product_tag","embeddable":true,"href":"https:\/\/bngrealshoes.com\/it\/wp-json\/wp\/v2\/product_tag?post=108448"}],"curies":[{"name":"wp","href":"https:\/\/api.w.org\/{rel}","templated":true}]}}