{"id":108543,"date":"2026-02-27T07:10:07","date_gmt":"2026-02-27T07:10:07","guid":{"rendered":"https:\/\/bngrealshoes.com\/?post_type=product&#038;p=108543"},"modified":"2026-03-03T09:35:08","modified_gmt":"2026-03-03T09:35:08","slug":"d2224-5al-la-leo-beige","status":"publish","type":"product","link":"https:\/\/bngrealshoes.com\/it\/prodotto\/d2224-5al-la-leo-beige\/","title":{"rendered":"D2224-5AL &#8211; LA LEO BEIGE"},"content":{"rendered":"<p>\u201cLa Leo Beige\u201d \u00e8 un polacchino Stile Basket, realizzato in morbidissima pelle e tessuto Canvas. Successivamente lavorata e invecchiata a mano per dare un aspetto vintage. In tutte le nostre scarpe le solette interne, realizzate in memory foam rivestite in pelle di vitello, in caso di necessit\u00e0 sono estraibili aumentando la calzata. La fodera \u00e8 in pelle di e da un effetto di traspirabilit\u00e0 totale. Il piede \u00e8 avvolto completamente da materiale naturale e sano. La suola \u00e8 un sandwich in leggerissima EVA fresata su misura. Prodotto interamente a mano in Veneto \u2013 Italia<\/p>\n","protected":false},"excerpt":{"rendered":"<p>\u201cLa Leo Beige\u201d \u00e8 un polacchino Stile Basket, realizzato in morbidissima pelle e tessuto Canvas. Successivamente lavorata e invecchiata a mano per dare un aspetto vintage.\u00a0 In tutte le nostre scarpe le solette interne, realizzate in memory foam rivestite in pelle di vitello, in caso di necessit\u00e0 sono estraibili aumentando la calzata. La fodera \u00e8 in pelle di e da un effetto di traspirabilit\u00e0 totale. Il piede \u00e8 avvolto completamente da materiale naturale e sano. La suola \u00e8 un sandwich in leggerissima EVA fresata su misura. Prodotto interamente a mano in Veneto \u2013 Italia<\/p>\n","protected":false},"featured_media":108548,"template":"","meta":{"_acf_changed":false,"inline_featured_image":false},"product_cat":[214,216,217,224],"product_tag":[248,249,250,251,252,253,254,255,242,243,244,245,246,247],"class_list":{"0":"post-108543","1":"product","2":"type-product","3":"status-publish","4":"has-post-thumbnail","6":"product_cat-all-seasons-it","7":"product_cat-high-profile-it","8":"product_cat-iconic-it","9":"product_cat-woman-shoes-it","10":"product_tag-scarpe-italiane-it-2","11":"product_tag-scarpe-artigianali-it-2","12":"product_tag-artigianato-it","13":"product_tag-scarpe-donna-it","14":"product_tag-woman-shoes-it","15":"product_tag-fashion-it","16":"product_tag-stivali-bikers-it","17":"product_tag-biker-boot-it","18":"product_tag-scarpe-it","19":"product_tag-scarpe-uomo-it-2","20":"product_tag-men-shoes-it","21":"product_tag-scarpe-fatte-a-mano","22":"product_tag-sneakers-it","23":"product_tag-fatto-a-mano-it-2","24":"pa_size-36-it","25":"pa_size-37-it","26":"pa_size-38-it","27":"pa_size-39-it","28":"pa_size-40-it","29":"pa_size-41-it","31":"first","32":"instock","33":"shipping-taxable","34":"purchasable","35":"product-type-variable"},"acf":[],"yoast_head":"<!-- This site is optimized with the Yoast SEO plugin v24.1 - https:\/\/yoast.com\/wordpress\/plugins\/seo\/ -->\n<title>D2224-5AL - LA LEO BEIGE | BnGRS<\/title>\n<meta name=\"description\" content=\"\u201cLa Leo Beige\u201d \u00e8 un polacchino Stile Basket, realizzato in morbidissima pelle e tessuto Canvas. Successivamente lavorata e invecchiata a mano per dare un aspetto vintage. Il canvas viene sfumato a mano paio per paio, rendendo ogni scarpa diversa dalle altre. In tutte le nostre scarpe le solette interne, realizzate in memory foam rivestite in pelle di vitello, in caso di necessit\u00e0 sono estraibili aumentando la calzata. La fodera \u00e8 in pelle di e da un effetto di traspirabilit\u00e0 totale. Il piede \u00e8 avvolto completamente da materiale naturale e sano. La suola \u00e8 un sandwich in leggerissima EVA fresata su misura. Prodotto interamente a mano in Veneto \u2013 Italia\" \/>\n<meta name=\"robots\" content=\"index, follow, max-snippet:-1, max-image-preview:large, max-video-preview:-1\" \/>\n<link rel=\"canonical\" href=\"https:\/\/bngrealshoes.com\/it\/prodotto\/d2224-5al-la-leo-beige\/\" \/>\n<meta property=\"og:locale\" content=\"it_IT\" \/>\n<meta property=\"og:type\" content=\"article\" \/>\n<meta property=\"og:title\" content=\"D2224-5AL - LA LEO BEIGE | BnGRS\" \/>\n<meta property=\"og:description\" content=\"\u201cLa Leo Beige\u201d \u00e8 un polacchino Stile Basket, realizzato in morbidissima pelle e tessuto Canvas. Successivamente lavorata e invecchiata a mano per dare un aspetto vintage. Il canvas viene sfumato a mano paio per paio, rendendo ogni scarpa diversa dalle altre. In tutte le nostre scarpe le solette interne, realizzate in memory foam rivestite in pelle di vitello, in caso di necessit\u00e0 sono estraibili aumentando la calzata. La fodera \u00e8 in pelle di e da un effetto di traspirabilit\u00e0 totale. Il piede \u00e8 avvolto completamente da materiale naturale e sano. La suola \u00e8 un sandwich in leggerissima EVA fresata su misura. Prodotto interamente a mano in Veneto \u2013 Italia\" \/>\n<meta property=\"og:url\" content=\"https:\/\/bngrealshoes.com\/it\/prodotto\/d2224-5al-la-leo-beige\/\" \/>\n<meta property=\"og:site_name\" content=\"BnGRS\" \/>\n<meta property=\"article:publisher\" content=\"https:\/\/www.facebook.com\/BnGRealShoes\/\" \/>\n<meta property=\"article:modified_time\" content=\"2026-03-03T09:35:08+00:00\" \/>\n<meta property=\"og:image\" content=\"https:\/\/bngrealshoes.com\/wp-content\/uploads\/2026\/02\/LA-LEO-BEIGE-1-.jpg\" \/>\n\t<meta property=\"og:image:width\" content=\"640\" \/>\n\t<meta property=\"og:image:height\" content=\"452\" \/>\n\t<meta property=\"og:image:type\" content=\"image\/jpeg\" \/>\n<meta name=\"twitter:card\" content=\"summary_large_image\" \/>\n<meta name=\"twitter:label1\" content=\"Tempo di lettura stimato\" \/>\n\t<meta name=\"twitter:data1\" content=\"1 minuto\" \/>\n<script type=\"application\/ld+json\" class=\"yoast-schema-graph\">{\"@context\":\"https:\/\/schema.org\",\"@graph\":[{\"@type\":\"WebPage\",\"@id\":\"https:\/\/bngrealshoes.com\/it\/prodotto\/d2224-5al-la-leo-beige\/\",\"url\":\"https:\/\/bngrealshoes.com\/it\/prodotto\/d2224-5al-la-leo-beige\/\",\"name\":\"D2224-5AL - LA LEO BEIGE | BnGRS\",\"isPartOf\":{\"@id\":\"https:\/\/bngrealshoes.com\/it\/#website\"},\"primaryImageOfPage\":{\"@id\":\"https:\/\/bngrealshoes.com\/it\/prodotto\/d2224-5al-la-leo-beige\/#primaryimage\"},\"image\":{\"@id\":\"https:\/\/bngrealshoes.com\/it\/prodotto\/d2224-5al-la-leo-beige\/#primaryimage\"},\"thumbnailUrl\":\"https:\/\/bngrealshoes.com\/wp-content\/uploads\/2026\/02\/LA-LEO-BEIGE-1-.jpg\",\"datePublished\":\"2026-02-27T07:10:07+00:00\",\"dateModified\":\"2026-03-03T09:35:08+00:00\",\"description\":\"\u201cLa Leo Beige\u201d \u00e8 un polacchino Stile Basket, realizzato in morbidissima pelle e tessuto Canvas. Successivamente lavorata e invecchiata a mano per dare un aspetto vintage. Il canvas viene sfumato a mano paio per paio, rendendo ogni scarpa diversa dalle altre. In tutte le nostre scarpe le solette interne, realizzate in memory foam rivestite in pelle di vitello, in caso di necessit\u00e0 sono estraibili aumentando la calzata. La fodera \u00e8 in pelle di e da un effetto di traspirabilit\u00e0 totale. Il piede \u00e8 avvolto completamente da materiale naturale e sano. La suola \u00e8 un sandwich in leggerissima EVA fresata su misura. Prodotto interamente a mano in Veneto \u2013 Italia\",\"breadcrumb\":{\"@id\":\"https:\/\/bngrealshoes.com\/it\/prodotto\/d2224-5al-la-leo-beige\/#breadcrumb\"},\"inLanguage\":\"it-IT\",\"potentialAction\":[{\"@type\":\"ReadAction\",\"target\":[\"https:\/\/bngrealshoes.com\/it\/prodotto\/d2224-5al-la-leo-beige\/\"]}]},{\"@type\":\"ImageObject\",\"inLanguage\":\"it-IT\",\"@id\":\"https:\/\/bngrealshoes.com\/it\/prodotto\/d2224-5al-la-leo-beige\/#primaryimage\",\"url\":\"https:\/\/bngrealshoes.com\/wp-content\/uploads\/2026\/02\/LA-LEO-BEIGE-1-.jpg\",\"contentUrl\":\"https:\/\/bngrealshoes.com\/wp-content\/uploads\/2026\/02\/LA-LEO-BEIGE-1-.jpg\",\"width\":640,\"height\":452},{\"@type\":\"BreadcrumbList\",\"@id\":\"https:\/\/bngrealshoes.com\/it\/prodotto\/d2224-5al-la-leo-beige\/#breadcrumb\",\"itemListElement\":[{\"@type\":\"ListItem\",\"position\":1,\"name\":\"Home\",\"item\":\"https:\/\/bngrealshoes.com\/it\/\"},{\"@type\":\"ListItem\",\"position\":2,\"name\":\"Shop\",\"item\":\"https:\/\/bngrealshoes.com\/it\/shop\/\"},{\"@type\":\"ListItem\",\"position\":3,\"name\":\"D2224-5AL &#8211; LA LEO BEIGE\"}]},{\"@type\":\"WebSite\",\"@id\":\"https:\/\/bngrealshoes.com\/it\/#website\",\"url\":\"https:\/\/bngrealshoes.com\/it\/\",\"name\":\"BnGRS\",\"description\":\"Real materials for real people.\",\"publisher\":{\"@id\":\"https:\/\/bngrealshoes.com\/it\/#organization\"},\"potentialAction\":[{\"@type\":\"SearchAction\",\"target\":{\"@type\":\"EntryPoint\",\"urlTemplate\":\"https:\/\/bngrealshoes.com\/it\/?s={search_term_string}\"},\"query-input\":{\"@type\":\"PropertyValueSpecification\",\"valueRequired\":true,\"valueName\":\"search_term_string\"}}],\"inLanguage\":\"it-IT\"},{\"@type\":\"Organization\",\"@id\":\"https:\/\/bngrealshoes.com\/it\/#organization\",\"name\":\"BnGRS\",\"url\":\"https:\/\/bngrealshoes.com\/it\/\",\"logo\":{\"@type\":\"ImageObject\",\"inLanguage\":\"it-IT\",\"@id\":\"https:\/\/bngrealshoes.com\/it\/#\/schema\/logo\/image\/\",\"url\":\"https:\/\/bngrealshoes.com\/wp-content\/uploads\/2020\/12\/4Risorsa-1.png\",\"contentUrl\":\"https:\/\/bngrealshoes.com\/wp-content\/uploads\/2020\/12\/4Risorsa-1.png\",\"width\":573,\"height\":541,\"caption\":\"BnGRS\"},\"image\":{\"@id\":\"https:\/\/bngrealshoes.com\/it\/#\/schema\/logo\/image\/\"},\"sameAs\":[\"https:\/\/www.facebook.com\/BnGRealShoes\/\",\"https:\/\/www.instagram.com\/bng_real_shoes\/\"]}]}<\/script>\n<!-- \/ Yoast SEO plugin. -->","yoast_head_json":{"title":"D2224-5AL - LA LEO BEIGE | BnGRS","description":"\u201cLa Leo Beige\u201d \u00e8 un polacchino Stile Basket, realizzato in morbidissima pelle e tessuto Canvas. Successivamente lavorata e invecchiata a mano per dare un aspetto vintage. Il canvas viene sfumato a mano paio per paio, rendendo ogni scarpa diversa dalle altre. In tutte le nostre scarpe le solette interne, realizzate in memory foam rivestite in pelle di vitello, in caso di necessit\u00e0 sono estraibili aumentando la calzata. La fodera \u00e8 in pelle di e da un effetto di traspirabilit\u00e0 totale. Il piede \u00e8 avvolto completamente da materiale naturale e sano. La suola \u00e8 un sandwich in leggerissima EVA fresata su misura. Prodotto interamente a mano in Veneto \u2013 Italia","robots":{"index":"index","follow":"follow","max-snippet":"max-snippet:-1","max-image-preview":"max-image-preview:large","max-video-preview":"max-video-preview:-1"},"canonical":"https:\/\/bngrealshoes.com\/it\/prodotto\/d2224-5al-la-leo-beige\/","og_locale":"it_IT","og_type":"article","og_title":"D2224-5AL - LA LEO BEIGE | BnGRS","og_description":"\u201cLa Leo Beige\u201d \u00e8 un polacchino Stile Basket, realizzato in morbidissima pelle e tessuto Canvas. Successivamente lavorata e invecchiata a mano per dare un aspetto vintage. Il canvas viene sfumato a mano paio per paio, rendendo ogni scarpa diversa dalle altre. In tutte le nostre scarpe le solette interne, realizzate in memory foam rivestite in pelle di vitello, in caso di necessit\u00e0 sono estraibili aumentando la calzata. La fodera \u00e8 in pelle di e da un effetto di traspirabilit\u00e0 totale. Il piede \u00e8 avvolto completamente da materiale naturale e sano. La suola \u00e8 un sandwich in leggerissima EVA fresata su misura. Prodotto interamente a mano in Veneto \u2013 Italia","og_url":"https:\/\/bngrealshoes.com\/it\/prodotto\/d2224-5al-la-leo-beige\/","og_site_name":"BnGRS","article_publisher":"https:\/\/www.facebook.com\/BnGRealShoes\/","article_modified_time":"2026-03-03T09:35:08+00:00","og_image":[{"width":640,"height":452,"url":"https:\/\/bngrealshoes.com\/wp-content\/uploads\/2026\/02\/LA-LEO-BEIGE-1-.jpg","type":"image\/jpeg"}],"twitter_card":"summary_large_image","twitter_misc":{"Tempo di lettura stimato":"1 minuto"},"schema":{"@context":"https:\/\/schema.org","@graph":[{"@type":"WebPage","@id":"https:\/\/bngrealshoes.com\/it\/prodotto\/d2224-5al-la-leo-beige\/","url":"https:\/\/bngrealshoes.com\/it\/prodotto\/d2224-5al-la-leo-beige\/","name":"D2224-5AL - LA LEO BEIGE | BnGRS","isPartOf":{"@id":"https:\/\/bngrealshoes.com\/it\/#website"},"primaryImageOfPage":{"@id":"https:\/\/bngrealshoes.com\/it\/prodotto\/d2224-5al-la-leo-beige\/#primaryimage"},"image":{"@id":"https:\/\/bngrealshoes.com\/it\/prodotto\/d2224-5al-la-leo-beige\/#primaryimage"},"thumbnailUrl":"https:\/\/bngrealshoes.com\/wp-content\/uploads\/2026\/02\/LA-LEO-BEIGE-1-.jpg","datePublished":"2026-02-27T07:10:07+00:00","dateModified":"2026-03-03T09:35:08+00:00","description":"\u201cLa Leo Beige\u201d \u00e8 un polacchino Stile Basket, realizzato in morbidissima pelle e tessuto Canvas. Successivamente lavorata e invecchiata a mano per dare un aspetto vintage. Il canvas viene sfumato a mano paio per paio, rendendo ogni scarpa diversa dalle altre. In tutte le nostre scarpe le solette interne, realizzate in memory foam rivestite in pelle di vitello, in caso di necessit\u00e0 sono estraibili aumentando la calzata. La fodera \u00e8 in pelle di e da un effetto di traspirabilit\u00e0 totale. Il piede \u00e8 avvolto completamente da materiale naturale e sano. La suola \u00e8 un sandwich in leggerissima EVA fresata su misura. Prodotto interamente a mano in Veneto \u2013 Italia","breadcrumb":{"@id":"https:\/\/bngrealshoes.com\/it\/prodotto\/d2224-5al-la-leo-beige\/#breadcrumb"},"inLanguage":"it-IT","potentialAction":[{"@type":"ReadAction","target":["https:\/\/bngrealshoes.com\/it\/prodotto\/d2224-5al-la-leo-beige\/"]}]},{"@type":"ImageObject","inLanguage":"it-IT","@id":"https:\/\/bngrealshoes.com\/it\/prodotto\/d2224-5al-la-leo-beige\/#primaryimage","url":"https:\/\/bngrealshoes.com\/wp-content\/uploads\/2026\/02\/LA-LEO-BEIGE-1-.jpg","contentUrl":"https:\/\/bngrealshoes.com\/wp-content\/uploads\/2026\/02\/LA-LEO-BEIGE-1-.jpg","width":640,"height":452},{"@type":"BreadcrumbList","@id":"https:\/\/bngrealshoes.com\/it\/prodotto\/d2224-5al-la-leo-beige\/#breadcrumb","itemListElement":[{"@type":"ListItem","position":1,"name":"Home","item":"https:\/\/bngrealshoes.com\/it\/"},{"@type":"ListItem","position":2,"name":"Shop","item":"https:\/\/bngrealshoes.com\/it\/shop\/"},{"@type":"ListItem","position":3,"name":"D2224-5AL &#8211; LA LEO BEIGE"}]},{"@type":"WebSite","@id":"https:\/\/bngrealshoes.com\/it\/#website","url":"https:\/\/bngrealshoes.com\/it\/","name":"BnGRS","description":"Real materials for real people.","publisher":{"@id":"https:\/\/bngrealshoes.com\/it\/#organization"},"potentialAction":[{"@type":"SearchAction","target":{"@type":"EntryPoint","urlTemplate":"https:\/\/bngrealshoes.com\/it\/?s={search_term_string}"},"query-input":{"@type":"PropertyValueSpecification","valueRequired":true,"valueName":"search_term_string"}}],"inLanguage":"it-IT"},{"@type":"Organization","@id":"https:\/\/bngrealshoes.com\/it\/#organization","name":"BnGRS","url":"https:\/\/bngrealshoes.com\/it\/","logo":{"@type":"ImageObject","inLanguage":"it-IT","@id":"https:\/\/bngrealshoes.com\/it\/#\/schema\/logo\/image\/","url":"https:\/\/bngrealshoes.com\/wp-content\/uploads\/2020\/12\/4Risorsa-1.png","contentUrl":"https:\/\/bngrealshoes.com\/wp-content\/uploads\/2020\/12\/4Risorsa-1.png","width":573,"height":541,"caption":"BnGRS"},"image":{"@id":"https:\/\/bngrealshoes.com\/it\/#\/schema\/logo\/image\/"},"sameAs":["https:\/\/www.facebook.com\/BnGRealShoes\/","https:\/\/www.instagram.com\/bng_real_shoes\/"]}]}},"_links":{"self":[{"href":"https:\/\/bngrealshoes.com\/it\/wp-json\/wp\/v2\/product\/108543","targetHints":{"allow":["GET"]}}],"collection":[{"href":"https:\/\/bngrealshoes.com\/it\/wp-json\/wp\/v2\/product"}],"about":[{"href":"https:\/\/bngrealshoes.com\/it\/wp-json\/wp\/v2\/types\/product"}],"wp:featuredmedia":[{"embeddable":true,"href":"https:\/\/bngrealshoes.com\/it\/wp-json\/wp\/v2\/media\/108548"}],"wp:attachment":[{"href":"https:\/\/bngrealshoes.com\/it\/wp-json\/wp\/v2\/media?parent=108543"}],"wp:term":[{"taxonomy":"product_cat","embeddable":true,"href":"https:\/\/bngrealshoes.com\/it\/wp-json\/wp\/v2\/product_cat?post=108543"},{"taxonomy":"product_tag","embeddable":true,"href":"https:\/\/bngrealshoes.com\/it\/wp-json\/wp\/v2\/product_tag?post=108543"}],"curies":[{"name":"wp","href":"https:\/\/api.w.org\/{rel}","templated":true}]}}