{"id":5390,"date":"2020-02-18T12:36:20","date_gmt":"2020-02-18T12:36:21","guid":{"rendered":"https:\/\/bngrealshoes.com\/?post_type=product&#038;p=5390"},"modified":"2024-02-19T16:27:14","modified_gmt":"2024-02-19T16:27:14","slug":"d2004-t-4axh-la-papaya","status":"publish","type":"product","link":"https:\/\/bngrealshoes.com\/it\/prodotto\/d2004-t-4axh-la-papaya\/","title":{"rendered":"D1904T-4AXH &#8211; LA PAPAYA"},"content":{"rendered":"<p>\u201cLa Papaya\u201d \u00e8 un polacco in stile Basket, realizzato in morbidissima pelle e tessuto con un effetto stropicciato dipinto con la tecnica cosiddetta \u201ca mano\u201d. Successivamente lavorato e invecchiato a mano per dare un aspetto vintage. La fodera \u00e8 in pelle che dona un effetto di totale traspirabilit\u00e0. Il piede \u00e8 avvolto completamente da materiale naturale e sano. La suola \u00e8 un sandwich in leggerissimo EVA fresato su misura con battistrada in gomma. Interamente fatto a mano in Veneto \u2013 Italia<br \/>\nInteramente fatte a mano in Veneto &#8211; Italia<\/p>\n","protected":false},"excerpt":{"rendered":"<p>\u201cLa Papaya\u201d \u00e8 un polacco in stile Basket, realizzato in morbidissima pelle e tessuto con un effetto stropicciato dipinto con la tecnica cosiddetta \u201ca mano\u201d. Successivamente lavorato e invecchiato a mano per dare un aspetto vintage. La fodera \u00e8 in pelle che dona un effetto di totale traspirabilit\u00e0. Il piede \u00e8 avvolto completamente da materiale naturale e sano. La suola \u00e8 un sandwich in leggerissimo EVA fresato su misura con battistrada in gomma. Interamente fatto a mano in Veneto \u2013 Italia<br \/>\nInteramente fatte a mano in Veneto &#8211; Italia<\/p>\n","protected":false},"featured_media":104715,"template":"","meta":{"_acf_changed":false,"inline_featured_image":false},"product_cat":[214,216,221,224],"product_tag":[],"class_list":{"0":"post-5390","1":"product","2":"type-product","3":"status-publish","4":"has-post-thumbnail","6":"product_cat-all-seasons-it","7":"product_cat-high-profile-it","8":"product_cat-special-price-it","9":"product_cat-woman-shoes-it","10":"pa_size-36-it","11":"pa_size-37-it","12":"pa_size-38-it","13":"pa_size-39-it","14":"pa_size-40-it","15":"pa_size-41-it","17":"first","18":"instock","19":"sale","20":"shipping-taxable","21":"purchasable","22":"product-type-variable"},"acf":[],"yoast_head":"<!-- This site is optimized with the Yoast SEO plugin v24.1 - https:\/\/yoast.com\/wordpress\/plugins\/seo\/ -->\n<title>D1904T-4AXH - LA PAPAYA | BnGRS<\/title>\n<meta name=\"description\" content=\"\u201cLa Papaya\u201d \u00e8 un polacco in stile Basket, realizzato in morbidissima pelle e tessuto con un effetto stropicciato dipinto con la tecnica cosiddetta \u201ca mano\u201d. Successivamente lavorato e invecchiato a mano per dare un aspetto vintage. La fodera \u00e8 in pelle che dona un effetto di totale traspirabilit\u00e0. Il piede \u00e8 completamente avvolto in materiale naturale e salutare. La suola \u00e8 un sandwich in leggerissimo EVA fresato su misura con battistrada in gomma. Interamente fatto a mano in Veneto \u2013 Italia\" \/>\n<meta name=\"robots\" content=\"index, follow, max-snippet:-1, max-image-preview:large, max-video-preview:-1\" \/>\n<link rel=\"canonical\" href=\"https:\/\/bngrealshoes.com\/it\/prodotto\/d2004-t-4axh-la-papaya\/\" \/>\n<meta property=\"og:locale\" content=\"it_IT\" \/>\n<meta property=\"og:type\" content=\"article\" \/>\n<meta property=\"og:title\" content=\"D1904T-4AXH - LA PAPAYA | BnGRS\" \/>\n<meta property=\"og:description\" content=\"\u201cLa Papaya\u201d \u00e8 un polacco in stile Basket, realizzato in morbidissima pelle e tessuto con un effetto stropicciato dipinto con la tecnica cosiddetta \u201ca mano\u201d. Successivamente lavorato e invecchiato a mano per dare un aspetto vintage. La fodera \u00e8 in pelle che dona un effetto di totale traspirabilit\u00e0. Il piede \u00e8 completamente avvolto in materiale naturale e salutare. La suola \u00e8 un sandwich in leggerissimo EVA fresato su misura con battistrada in gomma. Interamente fatto a mano in Veneto \u2013 Italia\" \/>\n<meta property=\"og:url\" content=\"https:\/\/bngrealshoes.com\/it\/prodotto\/d2004-t-4axh-la-papaya\/\" \/>\n<meta property=\"og:site_name\" content=\"BnGRS\" \/>\n<meta property=\"article:publisher\" content=\"https:\/\/www.facebook.com\/BnGRealShoes\/\" \/>\n<meta property=\"article:modified_time\" content=\"2024-02-19T16:27:14+00:00\" \/>\n<meta property=\"og:image\" content=\"https:\/\/bngrealshoes.com\/wp-content\/uploads\/2020\/02\/LA-PAPAYA-1.jpg\" \/>\n\t<meta property=\"og:image:width\" content=\"640\" \/>\n\t<meta property=\"og:image:height\" content=\"426\" \/>\n\t<meta property=\"og:image:type\" content=\"image\/jpeg\" \/>\n<meta name=\"twitter:card\" content=\"summary_large_image\" \/>\n<meta name=\"twitter:label1\" content=\"Tempo di lettura stimato\" \/>\n\t<meta name=\"twitter:data1\" content=\"1 minuto\" \/>\n<script type=\"application\/ld+json\" class=\"yoast-schema-graph\">{\"@context\":\"https:\/\/schema.org\",\"@graph\":[{\"@type\":\"WebPage\",\"@id\":\"https:\/\/bngrealshoes.com\/it\/prodotto\/d2004-t-4axh-la-papaya\/\",\"url\":\"https:\/\/bngrealshoes.com\/it\/prodotto\/d2004-t-4axh-la-papaya\/\",\"name\":\"D1904T-4AXH - LA PAPAYA | BnGRS\",\"isPartOf\":{\"@id\":\"https:\/\/bngrealshoes.com\/it\/#website\"},\"primaryImageOfPage\":{\"@id\":\"https:\/\/bngrealshoes.com\/it\/prodotto\/d2004-t-4axh-la-papaya\/#primaryimage\"},\"image\":{\"@id\":\"https:\/\/bngrealshoes.com\/it\/prodotto\/d2004-t-4axh-la-papaya\/#primaryimage\"},\"thumbnailUrl\":\"https:\/\/bngrealshoes.com\/wp-content\/uploads\/2020\/02\/LA-PAPAYA-1.jpg\",\"datePublished\":\"2020-02-18T12:36:21+00:00\",\"dateModified\":\"2024-02-19T16:27:14+00:00\",\"description\":\"\u201cLa Papaya\u201d \u00e8 un polacco in stile Basket, realizzato in morbidissima pelle e tessuto con un effetto stropicciato dipinto con la tecnica cosiddetta \u201ca mano\u201d. Successivamente lavorato e invecchiato a mano per dare un aspetto vintage. La fodera \u00e8 in pelle che dona un effetto di totale traspirabilit\u00e0. Il piede \u00e8 completamente avvolto in materiale naturale e salutare. La suola \u00e8 un sandwich in leggerissimo EVA fresato su misura con battistrada in gomma. Interamente fatto a mano in Veneto \u2013 Italia\",\"breadcrumb\":{\"@id\":\"https:\/\/bngrealshoes.com\/it\/prodotto\/d2004-t-4axh-la-papaya\/#breadcrumb\"},\"inLanguage\":\"it-IT\",\"potentialAction\":[{\"@type\":\"ReadAction\",\"target\":[\"https:\/\/bngrealshoes.com\/it\/prodotto\/d2004-t-4axh-la-papaya\/\"]}]},{\"@type\":\"ImageObject\",\"inLanguage\":\"it-IT\",\"@id\":\"https:\/\/bngrealshoes.com\/it\/prodotto\/d2004-t-4axh-la-papaya\/#primaryimage\",\"url\":\"https:\/\/bngrealshoes.com\/wp-content\/uploads\/2020\/02\/LA-PAPAYA-1.jpg\",\"contentUrl\":\"https:\/\/bngrealshoes.com\/wp-content\/uploads\/2020\/02\/LA-PAPAYA-1.jpg\",\"width\":640,\"height\":426},{\"@type\":\"BreadcrumbList\",\"@id\":\"https:\/\/bngrealshoes.com\/it\/prodotto\/d2004-t-4axh-la-papaya\/#breadcrumb\",\"itemListElement\":[{\"@type\":\"ListItem\",\"position\":1,\"name\":\"Home\",\"item\":\"https:\/\/bngrealshoes.com\/it\/\"},{\"@type\":\"ListItem\",\"position\":2,\"name\":\"Shop\",\"item\":\"https:\/\/bngrealshoes.com\/it\/shop\/\"},{\"@type\":\"ListItem\",\"position\":3,\"name\":\"D1904T-4AXH &#8211; LA PAPAYA\"}]},{\"@type\":\"WebSite\",\"@id\":\"https:\/\/bngrealshoes.com\/it\/#website\",\"url\":\"https:\/\/bngrealshoes.com\/it\/\",\"name\":\"BnGRS\",\"description\":\"Real materials for real people.\",\"publisher\":{\"@id\":\"https:\/\/bngrealshoes.com\/it\/#organization\"},\"potentialAction\":[{\"@type\":\"SearchAction\",\"target\":{\"@type\":\"EntryPoint\",\"urlTemplate\":\"https:\/\/bngrealshoes.com\/it\/?s={search_term_string}\"},\"query-input\":{\"@type\":\"PropertyValueSpecification\",\"valueRequired\":true,\"valueName\":\"search_term_string\"}}],\"inLanguage\":\"it-IT\"},{\"@type\":\"Organization\",\"@id\":\"https:\/\/bngrealshoes.com\/it\/#organization\",\"name\":\"BnGRS\",\"url\":\"https:\/\/bngrealshoes.com\/it\/\",\"logo\":{\"@type\":\"ImageObject\",\"inLanguage\":\"it-IT\",\"@id\":\"https:\/\/bngrealshoes.com\/it\/#\/schema\/logo\/image\/\",\"url\":\"https:\/\/bngrealshoes.com\/wp-content\/uploads\/2020\/12\/4Risorsa-1.png\",\"contentUrl\":\"https:\/\/bngrealshoes.com\/wp-content\/uploads\/2020\/12\/4Risorsa-1.png\",\"width\":573,\"height\":541,\"caption\":\"BnGRS\"},\"image\":{\"@id\":\"https:\/\/bngrealshoes.com\/it\/#\/schema\/logo\/image\/\"},\"sameAs\":[\"https:\/\/www.facebook.com\/BnGRealShoes\/\",\"https:\/\/www.instagram.com\/bng_real_shoes\/\"]}]}<\/script>\n<!-- \/ Yoast SEO plugin. -->","yoast_head_json":{"title":"D1904T-4AXH - LA PAPAYA | BnGRS","description":"\u201cLa Papaya\u201d \u00e8 un polacco in stile Basket, realizzato in morbidissima pelle e tessuto con un effetto stropicciato dipinto con la tecnica cosiddetta \u201ca mano\u201d. Successivamente lavorato e invecchiato a mano per dare un aspetto vintage. La fodera \u00e8 in pelle che dona un effetto di totale traspirabilit\u00e0. Il piede \u00e8 completamente avvolto in materiale naturale e salutare. La suola \u00e8 un sandwich in leggerissimo EVA fresato su misura con battistrada in gomma. Interamente fatto a mano in Veneto \u2013 Italia","robots":{"index":"index","follow":"follow","max-snippet":"max-snippet:-1","max-image-preview":"max-image-preview:large","max-video-preview":"max-video-preview:-1"},"canonical":"https:\/\/bngrealshoes.com\/it\/prodotto\/d2004-t-4axh-la-papaya\/","og_locale":"it_IT","og_type":"article","og_title":"D1904T-4AXH - LA PAPAYA | BnGRS","og_description":"\u201cLa Papaya\u201d \u00e8 un polacco in stile Basket, realizzato in morbidissima pelle e tessuto con un effetto stropicciato dipinto con la tecnica cosiddetta \u201ca mano\u201d. Successivamente lavorato e invecchiato a mano per dare un aspetto vintage. La fodera \u00e8 in pelle che dona un effetto di totale traspirabilit\u00e0. Il piede \u00e8 completamente avvolto in materiale naturale e salutare. La suola \u00e8 un sandwich in leggerissimo EVA fresato su misura con battistrada in gomma. Interamente fatto a mano in Veneto \u2013 Italia","og_url":"https:\/\/bngrealshoes.com\/it\/prodotto\/d2004-t-4axh-la-papaya\/","og_site_name":"BnGRS","article_publisher":"https:\/\/www.facebook.com\/BnGRealShoes\/","article_modified_time":"2024-02-19T16:27:14+00:00","og_image":[{"width":640,"height":426,"url":"https:\/\/bngrealshoes.com\/wp-content\/uploads\/2020\/02\/LA-PAPAYA-1.jpg","type":"image\/jpeg"}],"twitter_card":"summary_large_image","twitter_misc":{"Tempo di lettura stimato":"1 minuto"},"schema":{"@context":"https:\/\/schema.org","@graph":[{"@type":"WebPage","@id":"https:\/\/bngrealshoes.com\/it\/prodotto\/d2004-t-4axh-la-papaya\/","url":"https:\/\/bngrealshoes.com\/it\/prodotto\/d2004-t-4axh-la-papaya\/","name":"D1904T-4AXH - LA PAPAYA | BnGRS","isPartOf":{"@id":"https:\/\/bngrealshoes.com\/it\/#website"},"primaryImageOfPage":{"@id":"https:\/\/bngrealshoes.com\/it\/prodotto\/d2004-t-4axh-la-papaya\/#primaryimage"},"image":{"@id":"https:\/\/bngrealshoes.com\/it\/prodotto\/d2004-t-4axh-la-papaya\/#primaryimage"},"thumbnailUrl":"https:\/\/bngrealshoes.com\/wp-content\/uploads\/2020\/02\/LA-PAPAYA-1.jpg","datePublished":"2020-02-18T12:36:21+00:00","dateModified":"2024-02-19T16:27:14+00:00","description":"\u201cLa Papaya\u201d \u00e8 un polacco in stile Basket, realizzato in morbidissima pelle e tessuto con un effetto stropicciato dipinto con la tecnica cosiddetta \u201ca mano\u201d. Successivamente lavorato e invecchiato a mano per dare un aspetto vintage. La fodera \u00e8 in pelle che dona un effetto di totale traspirabilit\u00e0. Il piede \u00e8 completamente avvolto in materiale naturale e salutare. La suola \u00e8 un sandwich in leggerissimo EVA fresato su misura con battistrada in gomma. Interamente fatto a mano in Veneto \u2013 Italia","breadcrumb":{"@id":"https:\/\/bngrealshoes.com\/it\/prodotto\/d2004-t-4axh-la-papaya\/#breadcrumb"},"inLanguage":"it-IT","potentialAction":[{"@type":"ReadAction","target":["https:\/\/bngrealshoes.com\/it\/prodotto\/d2004-t-4axh-la-papaya\/"]}]},{"@type":"ImageObject","inLanguage":"it-IT","@id":"https:\/\/bngrealshoes.com\/it\/prodotto\/d2004-t-4axh-la-papaya\/#primaryimage","url":"https:\/\/bngrealshoes.com\/wp-content\/uploads\/2020\/02\/LA-PAPAYA-1.jpg","contentUrl":"https:\/\/bngrealshoes.com\/wp-content\/uploads\/2020\/02\/LA-PAPAYA-1.jpg","width":640,"height":426},{"@type":"BreadcrumbList","@id":"https:\/\/bngrealshoes.com\/it\/prodotto\/d2004-t-4axh-la-papaya\/#breadcrumb","itemListElement":[{"@type":"ListItem","position":1,"name":"Home","item":"https:\/\/bngrealshoes.com\/it\/"},{"@type":"ListItem","position":2,"name":"Shop","item":"https:\/\/bngrealshoes.com\/it\/shop\/"},{"@type":"ListItem","position":3,"name":"D1904T-4AXH &#8211; LA PAPAYA"}]},{"@type":"WebSite","@id":"https:\/\/bngrealshoes.com\/it\/#website","url":"https:\/\/bngrealshoes.com\/it\/","name":"BnGRS","description":"Real materials for real people.","publisher":{"@id":"https:\/\/bngrealshoes.com\/it\/#organization"},"potentialAction":[{"@type":"SearchAction","target":{"@type":"EntryPoint","urlTemplate":"https:\/\/bngrealshoes.com\/it\/?s={search_term_string}"},"query-input":{"@type":"PropertyValueSpecification","valueRequired":true,"valueName":"search_term_string"}}],"inLanguage":"it-IT"},{"@type":"Organization","@id":"https:\/\/bngrealshoes.com\/it\/#organization","name":"BnGRS","url":"https:\/\/bngrealshoes.com\/it\/","logo":{"@type":"ImageObject","inLanguage":"it-IT","@id":"https:\/\/bngrealshoes.com\/it\/#\/schema\/logo\/image\/","url":"https:\/\/bngrealshoes.com\/wp-content\/uploads\/2020\/12\/4Risorsa-1.png","contentUrl":"https:\/\/bngrealshoes.com\/wp-content\/uploads\/2020\/12\/4Risorsa-1.png","width":573,"height":541,"caption":"BnGRS"},"image":{"@id":"https:\/\/bngrealshoes.com\/it\/#\/schema\/logo\/image\/"},"sameAs":["https:\/\/www.facebook.com\/BnGRealShoes\/","https:\/\/www.instagram.com\/bng_real_shoes\/"]}]}},"_links":{"self":[{"href":"https:\/\/bngrealshoes.com\/it\/wp-json\/wp\/v2\/product\/5390","targetHints":{"allow":["GET"]}}],"collection":[{"href":"https:\/\/bngrealshoes.com\/it\/wp-json\/wp\/v2\/product"}],"about":[{"href":"https:\/\/bngrealshoes.com\/it\/wp-json\/wp\/v2\/types\/product"}],"wp:featuredmedia":[{"embeddable":true,"href":"https:\/\/bngrealshoes.com\/it\/wp-json\/wp\/v2\/media\/104715"}],"wp:attachment":[{"href":"https:\/\/bngrealshoes.com\/it\/wp-json\/wp\/v2\/media?parent=5390"}],"wp:term":[{"taxonomy":"product_cat","embeddable":true,"href":"https:\/\/bngrealshoes.com\/it\/wp-json\/wp\/v2\/product_cat?post=5390"},{"taxonomy":"product_tag","embeddable":true,"href":"https:\/\/bngrealshoes.com\/it\/wp-json\/wp\/v2\/product_tag?post=5390"}],"curies":[{"name":"wp","href":"https:\/\/api.w.org\/{rel}","templated":true}]}}