{"id":5546,"date":"2020-05-06T09:29:26","date_gmt":"2020-05-06T09:29:30","guid":{"rendered":"https:\/\/bngrealshoes.com\/?post_type=product&#038;p=5546"},"modified":"2022-09-19T08:25:54","modified_gmt":"2022-09-19T08:25:54","slug":"u2002t-9a-pistacchio","status":"publish","type":"product","link":"https:\/\/bngrealshoes.com\/it\/prodotto\/u2002t-9a-pistacchio\/","title":{"rendered":"U2002T-9A &#8211; LA PISTACCHIO"},"content":{"rendered":"<p>\u201c<b>La <\/b><b>Pistacchio<\/b><b>\u201d \u00e8 un polacc<\/b><b>hin<\/b><b>o Stile Basket, realizzato in morbidissim<\/b><b>o Crast <\/b><b>di vitello\u00a0tint<\/b><b>o<\/b><b> a mano con colori a base d&#8217;acqua e tessuto <\/b><b>Canvas color beige chiaro<\/b><b>.\u00a0 Successivamente lavorat<\/b><b>a<\/b><b> e invecchiat<\/b><b>a<\/b><b> a mano per dare un aspetto vintage. <\/b>I lacci sono in pelle naturale. <b>In tutte le nostre scarpe le solette interne, realizzate in memory foam rivestite in pelle di vitello, in caso di necessit\u00e0 sono estraibili aumentando la calzata.<\/b><b> La fodera \u00e8 in pelle di vitello scoperta che da un effetto di traspirabilit\u00e0 totale. Il piede \u00e8 avvolto <\/b><b>completamente <\/b><b>da materiale naturale e sano. La suola \u00e8 in leggerissima EVA fresata su misura. Prodotto interamente a mano in Veneto \u2013 Italia <\/b><\/p>\n","protected":false},"excerpt":{"rendered":"<p>\u201c<b>La <\/b><b>Pistacchio<\/b><b>\u201d \u00e8 un polacc<\/b><b>hin<\/b><b>o Stile Basket, realizzato in morbidissim<\/b><b>o Crast <\/b><b>di vitello\u00a0tint<\/b><b>o<\/b><b> a mano con colori a base d&#8217;acqua e tessuto <\/b><b>Canvas color beige chiaro<\/b><b>.\u00a0 Successivamente lavorat<\/b><b>a<\/b><b> e invecchiat<\/b><b>a<\/b><b> a mano per dare un aspetto vintage. <\/b>I lacci sono in pelle naturale. <b>In tutte le nostre scarpe le solette interne, realizzate in memory foam rivestite in pelle di vitello, in caso di necessit\u00e0 sono estraibili aumentando la calzata.<\/b><b> La fodera \u00e8 in pelle di vitello scoperta che da un effetto di traspirabilit\u00e0 totale. Il piede \u00e8 avvolto <\/b><b>completamente <\/b><b>da materiale naturale e sano. La suola \u00e8 in leggerissima EVA fresata su misura. Prodotto interamente a mano in Veneto \u2013 Italia <\/b><\/p>\n","protected":false},"featured_media":105511,"template":"","meta":{"_acf_changed":false,"inline_featured_image":false},"product_cat":[214,216,219],"product_tag":[249,250,253,255,257,242,243,244,245,246,247,248],"class_list":{"0":"post-5546","1":"product","2":"type-product","3":"status-publish","4":"has-post-thumbnail","6":"product_cat-all-seasons-it","7":"product_cat-high-profile-it","8":"product_cat-men-shoes-it","9":"product_tag-scarpe-artigianali-it-2","10":"product_tag-artigianato-it","11":"product_tag-fashion-it","12":"product_tag-biker-boot-it","13":"product_tag-made-in-italy-it","14":"product_tag-scarpe-it","15":"product_tag-scarpe-uomo-it-2","16":"product_tag-men-shoes-it","17":"product_tag-scarpe-fatte-a-mano","18":"product_tag-sneakers-it","19":"product_tag-fatto-a-mano-it-2","20":"product_tag-scarpe-italiane-it-2","21":"pa_size-39-it","22":"pa_size-40-it","23":"pa_size-41-it","24":"pa_size-42-it","25":"pa_size-43-it","26":"pa_size-44-it","27":"pa_size-45-it","28":"pa_size-46-it","30":"first","31":"instock","32":"shipping-taxable","33":"purchasable","34":"product-type-variable"},"acf":[],"yoast_head":"<!-- This site is optimized with the Yoast SEO plugin v24.1 - https:\/\/yoast.com\/wordpress\/plugins\/seo\/ -->\n<title>U2002T-9A - LA PISTACCHIO | BnGRS<\/title>\n<meta name=\"description\" content=\"\u201cLa Pistacchio\u201d \u00e8 un polacchino Stile Basket, realizzato in morbidissimo Crast di vitello\u00a0tinto a mano con colori a base d&#039;acqua e tessuto Canvas color beige chiaro.\u00a0 Successivamente lavorata e invecchiata a mano per dare un aspetto vintage. I lacci sono in pelle naturale. In tutte le nostre scarpe le solette interne, realizzate in memory foam rivestite in pelle di vitello, in caso di necessit\u00e0 sono estraibili aumentando la calzata. La fodera \u00e8 in pelle di vitello scoperta che da un effetto di traspirabilit\u00e0 totale. Il piede \u00e8 avvolto completamente da materiale naturale e sano. La suola \u00e8 in leggerissima EVA fresata su misura. Prodotto interamente a mano in Veneto \u2013 Italia\" \/>\n<meta name=\"robots\" content=\"index, follow, max-snippet:-1, max-image-preview:large, max-video-preview:-1\" \/>\n<link rel=\"canonical\" href=\"https:\/\/bngrealshoes.com\/it\/prodotto\/u2002t-9a-pistacchio\/\" \/>\n<meta property=\"og:locale\" content=\"it_IT\" \/>\n<meta property=\"og:type\" content=\"article\" \/>\n<meta property=\"og:title\" content=\"U2002T-9A - LA PISTACCHIO | BnGRS\" \/>\n<meta property=\"og:description\" content=\"\u201cLa Pistacchio\u201d \u00e8 un polacchino Stile Basket, realizzato in morbidissimo Crast di vitello\u00a0tinto a mano con colori a base d&#039;acqua e tessuto Canvas color beige chiaro.\u00a0 Successivamente lavorata e invecchiata a mano per dare un aspetto vintage. I lacci sono in pelle naturale. In tutte le nostre scarpe le solette interne, realizzate in memory foam rivestite in pelle di vitello, in caso di necessit\u00e0 sono estraibili aumentando la calzata. La fodera \u00e8 in pelle di vitello scoperta che da un effetto di traspirabilit\u00e0 totale. Il piede \u00e8 avvolto completamente da materiale naturale e sano. La suola \u00e8 in leggerissima EVA fresata su misura. Prodotto interamente a mano in Veneto \u2013 Italia\" \/>\n<meta property=\"og:url\" content=\"https:\/\/bngrealshoes.com\/it\/prodotto\/u2002t-9a-pistacchio\/\" \/>\n<meta property=\"og:site_name\" content=\"BnGRS\" \/>\n<meta property=\"article:publisher\" content=\"https:\/\/www.facebook.com\/BnGRealShoes\/\" \/>\n<meta property=\"article:modified_time\" content=\"2022-09-19T08:25:54+00:00\" \/>\n<meta property=\"og:image\" content=\"https:\/\/bngrealshoes.com\/wp-content\/uploads\/2020\/05\/LA-PISTACCHIO-1-1.jpg\" \/>\n\t<meta property=\"og:image:width\" content=\"640\" \/>\n\t<meta property=\"og:image:height\" content=\"426\" \/>\n\t<meta property=\"og:image:type\" content=\"image\/jpeg\" \/>\n<meta name=\"twitter:card\" content=\"summary_large_image\" \/>\n<meta name=\"twitter:label1\" content=\"Tempo di lettura stimato\" \/>\n\t<meta name=\"twitter:data1\" content=\"1 minuto\" \/>\n<script type=\"application\/ld+json\" class=\"yoast-schema-graph\">{\"@context\":\"https:\/\/schema.org\",\"@graph\":[{\"@type\":\"WebPage\",\"@id\":\"https:\/\/bngrealshoes.com\/it\/prodotto\/u2002t-9a-pistacchio\/\",\"url\":\"https:\/\/bngrealshoes.com\/it\/prodotto\/u2002t-9a-pistacchio\/\",\"name\":\"U2002T-9A - LA PISTACCHIO | BnGRS\",\"isPartOf\":{\"@id\":\"https:\/\/bngrealshoes.com\/it\/#website\"},\"primaryImageOfPage\":{\"@id\":\"https:\/\/bngrealshoes.com\/it\/prodotto\/u2002t-9a-pistacchio\/#primaryimage\"},\"image\":{\"@id\":\"https:\/\/bngrealshoes.com\/it\/prodotto\/u2002t-9a-pistacchio\/#primaryimage\"},\"thumbnailUrl\":\"https:\/\/bngrealshoes.com\/wp-content\/uploads\/2020\/05\/LA-PISTACCHIO-1-1.jpg\",\"datePublished\":\"2020-05-06T09:29:30+00:00\",\"dateModified\":\"2022-09-19T08:25:54+00:00\",\"description\":\"\u201cLa Pistacchio\u201d \u00e8 un polacchino Stile Basket, realizzato in morbidissimo Crast di vitello\u00a0tinto a mano con colori a base d'acqua e tessuto Canvas color beige chiaro.\u00a0 Successivamente lavorata e invecchiata a mano per dare un aspetto vintage. I lacci sono in pelle naturale. In tutte le nostre scarpe le solette interne, realizzate in memory foam rivestite in pelle di vitello, in caso di necessit\u00e0 sono estraibili aumentando la calzata. La fodera \u00e8 in pelle di vitello scoperta che da un effetto di traspirabilit\u00e0 totale. Il piede \u00e8 avvolto completamente da materiale naturale e sano. La suola \u00e8 in leggerissima EVA fresata su misura. Prodotto interamente a mano in Veneto \u2013 Italia\",\"breadcrumb\":{\"@id\":\"https:\/\/bngrealshoes.com\/it\/prodotto\/u2002t-9a-pistacchio\/#breadcrumb\"},\"inLanguage\":\"it-IT\",\"potentialAction\":[{\"@type\":\"ReadAction\",\"target\":[\"https:\/\/bngrealshoes.com\/it\/prodotto\/u2002t-9a-pistacchio\/\"]}]},{\"@type\":\"ImageObject\",\"inLanguage\":\"it-IT\",\"@id\":\"https:\/\/bngrealshoes.com\/it\/prodotto\/u2002t-9a-pistacchio\/#primaryimage\",\"url\":\"https:\/\/bngrealshoes.com\/wp-content\/uploads\/2020\/05\/LA-PISTACCHIO-1-1.jpg\",\"contentUrl\":\"https:\/\/bngrealshoes.com\/wp-content\/uploads\/2020\/05\/LA-PISTACCHIO-1-1.jpg\",\"width\":640,\"height\":426},{\"@type\":\"BreadcrumbList\",\"@id\":\"https:\/\/bngrealshoes.com\/it\/prodotto\/u2002t-9a-pistacchio\/#breadcrumb\",\"itemListElement\":[{\"@type\":\"ListItem\",\"position\":1,\"name\":\"Home\",\"item\":\"https:\/\/bngrealshoes.com\/it\/\"},{\"@type\":\"ListItem\",\"position\":2,\"name\":\"Shop\",\"item\":\"https:\/\/bngrealshoes.com\/it\/shop\/\"},{\"@type\":\"ListItem\",\"position\":3,\"name\":\"U2002T-9A &#8211; LA PISTACCHIO\"}]},{\"@type\":\"WebSite\",\"@id\":\"https:\/\/bngrealshoes.com\/it\/#website\",\"url\":\"https:\/\/bngrealshoes.com\/it\/\",\"name\":\"BnGRS\",\"description\":\"Real materials for real people.\",\"publisher\":{\"@id\":\"https:\/\/bngrealshoes.com\/it\/#organization\"},\"potentialAction\":[{\"@type\":\"SearchAction\",\"target\":{\"@type\":\"EntryPoint\",\"urlTemplate\":\"https:\/\/bngrealshoes.com\/it\/?s={search_term_string}\"},\"query-input\":{\"@type\":\"PropertyValueSpecification\",\"valueRequired\":true,\"valueName\":\"search_term_string\"}}],\"inLanguage\":\"it-IT\"},{\"@type\":\"Organization\",\"@id\":\"https:\/\/bngrealshoes.com\/it\/#organization\",\"name\":\"BnGRS\",\"url\":\"https:\/\/bngrealshoes.com\/it\/\",\"logo\":{\"@type\":\"ImageObject\",\"inLanguage\":\"it-IT\",\"@id\":\"https:\/\/bngrealshoes.com\/it\/#\/schema\/logo\/image\/\",\"url\":\"https:\/\/bngrealshoes.com\/wp-content\/uploads\/2020\/12\/4Risorsa-1.png\",\"contentUrl\":\"https:\/\/bngrealshoes.com\/wp-content\/uploads\/2020\/12\/4Risorsa-1.png\",\"width\":573,\"height\":541,\"caption\":\"BnGRS\"},\"image\":{\"@id\":\"https:\/\/bngrealshoes.com\/it\/#\/schema\/logo\/image\/\"},\"sameAs\":[\"https:\/\/www.facebook.com\/BnGRealShoes\/\",\"https:\/\/www.instagram.com\/bng_real_shoes\/\"]}]}<\/script>\n<!-- \/ Yoast SEO plugin. -->","yoast_head_json":{"title":"U2002T-9A - LA PISTACCHIO | BnGRS","description":"\u201cLa Pistacchio\u201d \u00e8 un polacchino Stile Basket, realizzato in morbidissimo Crast di vitello\u00a0tinto a mano con colori a base d'acqua e tessuto Canvas color beige chiaro.\u00a0 Successivamente lavorata e invecchiata a mano per dare un aspetto vintage. I lacci sono in pelle naturale. In tutte le nostre scarpe le solette interne, realizzate in memory foam rivestite in pelle di vitello, in caso di necessit\u00e0 sono estraibili aumentando la calzata. La fodera \u00e8 in pelle di vitello scoperta che da un effetto di traspirabilit\u00e0 totale. Il piede \u00e8 avvolto completamente da materiale naturale e sano. La suola \u00e8 in leggerissima EVA fresata su misura. Prodotto interamente a mano in Veneto \u2013 Italia","robots":{"index":"index","follow":"follow","max-snippet":"max-snippet:-1","max-image-preview":"max-image-preview:large","max-video-preview":"max-video-preview:-1"},"canonical":"https:\/\/bngrealshoes.com\/it\/prodotto\/u2002t-9a-pistacchio\/","og_locale":"it_IT","og_type":"article","og_title":"U2002T-9A - LA PISTACCHIO | BnGRS","og_description":"\u201cLa Pistacchio\u201d \u00e8 un polacchino Stile Basket, realizzato in morbidissimo Crast di vitello\u00a0tinto a mano con colori a base d'acqua e tessuto Canvas color beige chiaro.\u00a0 Successivamente lavorata e invecchiata a mano per dare un aspetto vintage. I lacci sono in pelle naturale. In tutte le nostre scarpe le solette interne, realizzate in memory foam rivestite in pelle di vitello, in caso di necessit\u00e0 sono estraibili aumentando la calzata. La fodera \u00e8 in pelle di vitello scoperta che da un effetto di traspirabilit\u00e0 totale. Il piede \u00e8 avvolto completamente da materiale naturale e sano. La suola \u00e8 in leggerissima EVA fresata su misura. Prodotto interamente a mano in Veneto \u2013 Italia","og_url":"https:\/\/bngrealshoes.com\/it\/prodotto\/u2002t-9a-pistacchio\/","og_site_name":"BnGRS","article_publisher":"https:\/\/www.facebook.com\/BnGRealShoes\/","article_modified_time":"2022-09-19T08:25:54+00:00","og_image":[{"width":640,"height":426,"url":"https:\/\/bngrealshoes.com\/wp-content\/uploads\/2020\/05\/LA-PISTACCHIO-1-1.jpg","type":"image\/jpeg"}],"twitter_card":"summary_large_image","twitter_misc":{"Tempo di lettura stimato":"1 minuto"},"schema":{"@context":"https:\/\/schema.org","@graph":[{"@type":"WebPage","@id":"https:\/\/bngrealshoes.com\/it\/prodotto\/u2002t-9a-pistacchio\/","url":"https:\/\/bngrealshoes.com\/it\/prodotto\/u2002t-9a-pistacchio\/","name":"U2002T-9A - LA PISTACCHIO | BnGRS","isPartOf":{"@id":"https:\/\/bngrealshoes.com\/it\/#website"},"primaryImageOfPage":{"@id":"https:\/\/bngrealshoes.com\/it\/prodotto\/u2002t-9a-pistacchio\/#primaryimage"},"image":{"@id":"https:\/\/bngrealshoes.com\/it\/prodotto\/u2002t-9a-pistacchio\/#primaryimage"},"thumbnailUrl":"https:\/\/bngrealshoes.com\/wp-content\/uploads\/2020\/05\/LA-PISTACCHIO-1-1.jpg","datePublished":"2020-05-06T09:29:30+00:00","dateModified":"2022-09-19T08:25:54+00:00","description":"\u201cLa Pistacchio\u201d \u00e8 un polacchino Stile Basket, realizzato in morbidissimo Crast di vitello\u00a0tinto a mano con colori a base d'acqua e tessuto Canvas color beige chiaro.\u00a0 Successivamente lavorata e invecchiata a mano per dare un aspetto vintage. I lacci sono in pelle naturale. In tutte le nostre scarpe le solette interne, realizzate in memory foam rivestite in pelle di vitello, in caso di necessit\u00e0 sono estraibili aumentando la calzata. La fodera \u00e8 in pelle di vitello scoperta che da un effetto di traspirabilit\u00e0 totale. Il piede \u00e8 avvolto completamente da materiale naturale e sano. La suola \u00e8 in leggerissima EVA fresata su misura. Prodotto interamente a mano in Veneto \u2013 Italia","breadcrumb":{"@id":"https:\/\/bngrealshoes.com\/it\/prodotto\/u2002t-9a-pistacchio\/#breadcrumb"},"inLanguage":"it-IT","potentialAction":[{"@type":"ReadAction","target":["https:\/\/bngrealshoes.com\/it\/prodotto\/u2002t-9a-pistacchio\/"]}]},{"@type":"ImageObject","inLanguage":"it-IT","@id":"https:\/\/bngrealshoes.com\/it\/prodotto\/u2002t-9a-pistacchio\/#primaryimage","url":"https:\/\/bngrealshoes.com\/wp-content\/uploads\/2020\/05\/LA-PISTACCHIO-1-1.jpg","contentUrl":"https:\/\/bngrealshoes.com\/wp-content\/uploads\/2020\/05\/LA-PISTACCHIO-1-1.jpg","width":640,"height":426},{"@type":"BreadcrumbList","@id":"https:\/\/bngrealshoes.com\/it\/prodotto\/u2002t-9a-pistacchio\/#breadcrumb","itemListElement":[{"@type":"ListItem","position":1,"name":"Home","item":"https:\/\/bngrealshoes.com\/it\/"},{"@type":"ListItem","position":2,"name":"Shop","item":"https:\/\/bngrealshoes.com\/it\/shop\/"},{"@type":"ListItem","position":3,"name":"U2002T-9A &#8211; LA PISTACCHIO"}]},{"@type":"WebSite","@id":"https:\/\/bngrealshoes.com\/it\/#website","url":"https:\/\/bngrealshoes.com\/it\/","name":"BnGRS","description":"Real materials for real people.","publisher":{"@id":"https:\/\/bngrealshoes.com\/it\/#organization"},"potentialAction":[{"@type":"SearchAction","target":{"@type":"EntryPoint","urlTemplate":"https:\/\/bngrealshoes.com\/it\/?s={search_term_string}"},"query-input":{"@type":"PropertyValueSpecification","valueRequired":true,"valueName":"search_term_string"}}],"inLanguage":"it-IT"},{"@type":"Organization","@id":"https:\/\/bngrealshoes.com\/it\/#organization","name":"BnGRS","url":"https:\/\/bngrealshoes.com\/it\/","logo":{"@type":"ImageObject","inLanguage":"it-IT","@id":"https:\/\/bngrealshoes.com\/it\/#\/schema\/logo\/image\/","url":"https:\/\/bngrealshoes.com\/wp-content\/uploads\/2020\/12\/4Risorsa-1.png","contentUrl":"https:\/\/bngrealshoes.com\/wp-content\/uploads\/2020\/12\/4Risorsa-1.png","width":573,"height":541,"caption":"BnGRS"},"image":{"@id":"https:\/\/bngrealshoes.com\/it\/#\/schema\/logo\/image\/"},"sameAs":["https:\/\/www.facebook.com\/BnGRealShoes\/","https:\/\/www.instagram.com\/bng_real_shoes\/"]}]}},"_links":{"self":[{"href":"https:\/\/bngrealshoes.com\/it\/wp-json\/wp\/v2\/product\/5546","targetHints":{"allow":["GET"]}}],"collection":[{"href":"https:\/\/bngrealshoes.com\/it\/wp-json\/wp\/v2\/product"}],"about":[{"href":"https:\/\/bngrealshoes.com\/it\/wp-json\/wp\/v2\/types\/product"}],"wp:featuredmedia":[{"embeddable":true,"href":"https:\/\/bngrealshoes.com\/it\/wp-json\/wp\/v2\/media\/105511"}],"wp:attachment":[{"href":"https:\/\/bngrealshoes.com\/it\/wp-json\/wp\/v2\/media?parent=5546"}],"wp:term":[{"taxonomy":"product_cat","embeddable":true,"href":"https:\/\/bngrealshoes.com\/it\/wp-json\/wp\/v2\/product_cat?post=5546"},{"taxonomy":"product_tag","embeddable":true,"href":"https:\/\/bngrealshoes.com\/it\/wp-json\/wp\/v2\/product_tag?post=5546"}],"curies":[{"name":"wp","href":"https:\/\/api.w.org\/{rel}","templated":true}]}}