{"id":5734,"date":"2020-07-01T09:13:51","date_gmt":"2020-07-01T09:13:50","guid":{"rendered":"https:\/\/bngrealshoes.com\/?post_type=product&#038;p=5734"},"modified":"2022-02-19T11:05:44","modified_gmt":"2022-02-19T11:05:44","slug":"u2011-1a-la-polare","status":"publish","type":"product","link":"https:\/\/bngrealshoes.com\/it\/prodotto\/u2011-1a-la-polare\/","title":{"rendered":"U2011-1A &#8211; La Polare"},"content":{"rendered":"<p>\u201c<b>La <\/b><b>Polare<\/b><b>\u201d<\/b> \u00e8 uno Sneakers Casual, realizzato in morbida pelle di vitello color bianco con stampa Pitone. I lacci sono in cotone bianco con bordi beige colorato artigianalmente a mano. In tutte le nostre scarpe la soletta interna, realizzato in memory foam rivestito in pelle di vitello, e in caso di necessit\u00e0 \u00e8 estraibile aumentando la calzata. La fodera \u00e8 in pelle di vitello scoperta che da un effetto di traspirabilit\u00e0 totale. Il piede \u00e8 avvolto totalmente da materiale naturale e sano. La suola \u00e8 in leggerissima EVA fresata su misura. Prodotto interamente a mano in Veneto \u2013 Italia<\/p>\n","protected":false},"excerpt":{"rendered":"<p>\u201c<b>La <\/b><b>Polare<\/b><b>\u201d<\/b> \u00e8 uno Sneakers Casual, realizzato in morbida pelle di vitello color bianco con stampa Pitone. I lacci sono in cotone bianco con bordi beige colorato artigianalmente a mano. In tutte le nostre scarpe la soletta interna, realizzato in memory foam rivestito in pelle di vitello, e in caso di necessit\u00e0 \u00e8 estraibile aumentando la calzata. La fodera \u00e8 in pelle di vitello scoperta che da un effetto di traspirabilit\u00e0 totale. Il piede \u00e8 avvolto totalmente da materiale naturale e sano. La suola \u00e8 in leggerissima EVA fresata su misura. Prodotto interamente a mano in Veneto \u2013 Italia<\/p>\n","protected":false},"featured_media":6718,"template":"","meta":{"_acf_changed":false,"inline_featured_image":false},"product_cat":[214,218,219],"product_tag":[255,257,242,243,244,245,246,247,248,249,250,253,254],"class_list":{"0":"post-5734","1":"product","2":"type-product","3":"status-publish","4":"has-post-thumbnail","6":"product_cat-all-seasons-it","7":"product_cat-low-profile-it","8":"product_cat-men-shoes-it","9":"product_tag-biker-boot-it","10":"product_tag-made-in-italy-it","11":"product_tag-scarpe-it","12":"product_tag-scarpe-uomo-it-2","13":"product_tag-men-shoes-it","14":"product_tag-scarpe-fatte-a-mano","15":"product_tag-sneakers-it","16":"product_tag-fatto-a-mano-it-2","17":"product_tag-scarpe-italiane-it-2","18":"product_tag-scarpe-artigianali-it-2","19":"product_tag-artigianato-it","20":"product_tag-fashion-it","21":"product_tag-stivali-bikers-it","22":"pa_size-39-it","23":"pa_size-40-it","24":"pa_size-41-it","25":"pa_size-42-it","26":"pa_size-43-it","27":"pa_size-44-it","28":"pa_size-45-it","29":"pa_size-46-it","31":"first","32":"outofstock","33":"shipping-taxable","34":"purchasable","35":"product-type-variable"},"acf":[],"yoast_head":"<!-- This site is optimized with the Yoast SEO plugin v24.1 - https:\/\/yoast.com\/wordpress\/plugins\/seo\/ -->\n<title>U2011-1A - La Polare | BnGRS<\/title>\n<meta name=\"description\" content=\"\u201cLa Polare\u201d \u00e8 uno Sneakers Casual, realizzato in morbida pelle di vitello color bianco con stampa Pitone. I lacci sono in cotone bianco con bordi beige colorato artigianalmente a mano. In tutte le nostre scarpe la soletta interna, realizzato in memory foam rivestito in pelle di vitello, e in caso di necessit\u00e0 \u00e8 estraibile aumentando la calzata. La fodera \u00e8 in pelle di vitello scoperta che da un effetto di traspirabilit\u00e0 totale. Il piede \u00e8 avvolto totalmente da materiale naturale e sano. La suola \u00e8 in leggerissima EVA fresata su misura. Prodotto interamente a mano in Veneto \u2013 Italia\" \/>\n<meta name=\"robots\" content=\"index, follow, max-snippet:-1, max-image-preview:large, max-video-preview:-1\" \/>\n<link rel=\"canonical\" href=\"https:\/\/bngrealshoes.com\/it\/prodotto\/u2011-1a-la-polare\/\" \/>\n<meta property=\"og:locale\" content=\"it_IT\" \/>\n<meta property=\"og:type\" content=\"article\" \/>\n<meta property=\"og:title\" content=\"U2011-1A - La Polare | BnGRS\" \/>\n<meta property=\"og:description\" content=\"\u201cLa Polare\u201d \u00e8 uno Sneakers Casual, realizzato in morbida pelle di vitello color bianco con stampa Pitone. I lacci sono in cotone bianco con bordi beige colorato artigianalmente a mano. In tutte le nostre scarpe la soletta interna, realizzato in memory foam rivestito in pelle di vitello, e in caso di necessit\u00e0 \u00e8 estraibile aumentando la calzata. La fodera \u00e8 in pelle di vitello scoperta che da un effetto di traspirabilit\u00e0 totale. Il piede \u00e8 avvolto totalmente da materiale naturale e sano. La suola \u00e8 in leggerissima EVA fresata su misura. Prodotto interamente a mano in Veneto \u2013 Italia\" \/>\n<meta property=\"og:url\" content=\"https:\/\/bngrealshoes.com\/it\/prodotto\/u2011-1a-la-polare\/\" \/>\n<meta property=\"og:site_name\" content=\"BnGRS\" \/>\n<meta property=\"article:publisher\" content=\"https:\/\/www.facebook.com\/BnGRealShoes\/\" \/>\n<meta property=\"article:modified_time\" content=\"2022-02-19T11:05:44+00:00\" \/>\n<meta property=\"og:image\" content=\"https:\/\/bngrealshoes.com\/wp-content\/uploads\/2020\/07\/U2011-1A-La-Polare-01-1.png\" \/>\n\t<meta property=\"og:image:width\" content=\"640\" \/>\n\t<meta property=\"og:image:height\" content=\"425\" \/>\n\t<meta property=\"og:image:type\" content=\"image\/png\" \/>\n<meta name=\"twitter:card\" content=\"summary_large_image\" \/>\n<script type=\"application\/ld+json\" class=\"yoast-schema-graph\">{\"@context\":\"https:\/\/schema.org\",\"@graph\":[{\"@type\":\"WebPage\",\"@id\":\"https:\/\/bngrealshoes.com\/it\/prodotto\/u2011-1a-la-polare\/\",\"url\":\"https:\/\/bngrealshoes.com\/it\/prodotto\/u2011-1a-la-polare\/\",\"name\":\"U2011-1A - La Polare | BnGRS\",\"isPartOf\":{\"@id\":\"https:\/\/bngrealshoes.com\/it\/#website\"},\"primaryImageOfPage\":{\"@id\":\"https:\/\/bngrealshoes.com\/it\/prodotto\/u2011-1a-la-polare\/#primaryimage\"},\"image\":{\"@id\":\"https:\/\/bngrealshoes.com\/it\/prodotto\/u2011-1a-la-polare\/#primaryimage\"},\"thumbnailUrl\":\"https:\/\/bngrealshoes.com\/wp-content\/uploads\/2020\/07\/U2011-1A-La-Polare-01-1.png\",\"datePublished\":\"2020-07-01T09:13:50+00:00\",\"dateModified\":\"2022-02-19T11:05:44+00:00\",\"description\":\"\u201cLa Polare\u201d \u00e8 uno Sneakers Casual, realizzato in morbida pelle di vitello color bianco con stampa Pitone. I lacci sono in cotone bianco con bordi beige colorato artigianalmente a mano. In tutte le nostre scarpe la soletta interna, realizzato in memory foam rivestito in pelle di vitello, e in caso di necessit\u00e0 \u00e8 estraibile aumentando la calzata. La fodera \u00e8 in pelle di vitello scoperta che da un effetto di traspirabilit\u00e0 totale. Il piede \u00e8 avvolto totalmente da materiale naturale e sano. La suola \u00e8 in leggerissima EVA fresata su misura. Prodotto interamente a mano in Veneto \u2013 Italia\",\"breadcrumb\":{\"@id\":\"https:\/\/bngrealshoes.com\/it\/prodotto\/u2011-1a-la-polare\/#breadcrumb\"},\"inLanguage\":\"it-IT\",\"potentialAction\":[{\"@type\":\"ReadAction\",\"target\":[\"https:\/\/bngrealshoes.com\/it\/prodotto\/u2011-1a-la-polare\/\"]}]},{\"@type\":\"ImageObject\",\"inLanguage\":\"it-IT\",\"@id\":\"https:\/\/bngrealshoes.com\/it\/prodotto\/u2011-1a-la-polare\/#primaryimage\",\"url\":\"https:\/\/bngrealshoes.com\/wp-content\/uploads\/2020\/07\/U2011-1A-La-Polare-01-1.png\",\"contentUrl\":\"https:\/\/bngrealshoes.com\/wp-content\/uploads\/2020\/07\/U2011-1A-La-Polare-01-1.png\",\"width\":640,\"height\":425},{\"@type\":\"BreadcrumbList\",\"@id\":\"https:\/\/bngrealshoes.com\/it\/prodotto\/u2011-1a-la-polare\/#breadcrumb\",\"itemListElement\":[{\"@type\":\"ListItem\",\"position\":1,\"name\":\"Home\",\"item\":\"https:\/\/bngrealshoes.com\/it\/\"},{\"@type\":\"ListItem\",\"position\":2,\"name\":\"Shop\",\"item\":\"https:\/\/bngrealshoes.com\/it\/shop\/\"},{\"@type\":\"ListItem\",\"position\":3,\"name\":\"U2011-1A &#8211; La Polare\"}]},{\"@type\":\"WebSite\",\"@id\":\"https:\/\/bngrealshoes.com\/it\/#website\",\"url\":\"https:\/\/bngrealshoes.com\/it\/\",\"name\":\"BnGRS\",\"description\":\"Real materials for real people.\",\"publisher\":{\"@id\":\"https:\/\/bngrealshoes.com\/it\/#organization\"},\"potentialAction\":[{\"@type\":\"SearchAction\",\"target\":{\"@type\":\"EntryPoint\",\"urlTemplate\":\"https:\/\/bngrealshoes.com\/it\/?s={search_term_string}\"},\"query-input\":{\"@type\":\"PropertyValueSpecification\",\"valueRequired\":true,\"valueName\":\"search_term_string\"}}],\"inLanguage\":\"it-IT\"},{\"@type\":\"Organization\",\"@id\":\"https:\/\/bngrealshoes.com\/it\/#organization\",\"name\":\"BnGRS\",\"url\":\"https:\/\/bngrealshoes.com\/it\/\",\"logo\":{\"@type\":\"ImageObject\",\"inLanguage\":\"it-IT\",\"@id\":\"https:\/\/bngrealshoes.com\/it\/#\/schema\/logo\/image\/\",\"url\":\"https:\/\/bngrealshoes.com\/wp-content\/uploads\/2020\/12\/4Risorsa-1.png\",\"contentUrl\":\"https:\/\/bngrealshoes.com\/wp-content\/uploads\/2020\/12\/4Risorsa-1.png\",\"width\":573,\"height\":541,\"caption\":\"BnGRS\"},\"image\":{\"@id\":\"https:\/\/bngrealshoes.com\/it\/#\/schema\/logo\/image\/\"},\"sameAs\":[\"https:\/\/www.facebook.com\/BnGRealShoes\/\",\"https:\/\/www.instagram.com\/bng_real_shoes\/\"]}]}<\/script>\n<!-- \/ Yoast SEO plugin. -->","yoast_head_json":{"title":"U2011-1A - La Polare | BnGRS","description":"\u201cLa Polare\u201d \u00e8 uno Sneakers Casual, realizzato in morbida pelle di vitello color bianco con stampa Pitone. I lacci sono in cotone bianco con bordi beige colorato artigianalmente a mano. In tutte le nostre scarpe la soletta interna, realizzato in memory foam rivestito in pelle di vitello, e in caso di necessit\u00e0 \u00e8 estraibile aumentando la calzata. La fodera \u00e8 in pelle di vitello scoperta che da un effetto di traspirabilit\u00e0 totale. Il piede \u00e8 avvolto totalmente da materiale naturale e sano. La suola \u00e8 in leggerissima EVA fresata su misura. Prodotto interamente a mano in Veneto \u2013 Italia","robots":{"index":"index","follow":"follow","max-snippet":"max-snippet:-1","max-image-preview":"max-image-preview:large","max-video-preview":"max-video-preview:-1"},"canonical":"https:\/\/bngrealshoes.com\/it\/prodotto\/u2011-1a-la-polare\/","og_locale":"it_IT","og_type":"article","og_title":"U2011-1A - La Polare | BnGRS","og_description":"\u201cLa Polare\u201d \u00e8 uno Sneakers Casual, realizzato in morbida pelle di vitello color bianco con stampa Pitone. I lacci sono in cotone bianco con bordi beige colorato artigianalmente a mano. In tutte le nostre scarpe la soletta interna, realizzato in memory foam rivestito in pelle di vitello, e in caso di necessit\u00e0 \u00e8 estraibile aumentando la calzata. La fodera \u00e8 in pelle di vitello scoperta che da un effetto di traspirabilit\u00e0 totale. Il piede \u00e8 avvolto totalmente da materiale naturale e sano. La suola \u00e8 in leggerissima EVA fresata su misura. Prodotto interamente a mano in Veneto \u2013 Italia","og_url":"https:\/\/bngrealshoes.com\/it\/prodotto\/u2011-1a-la-polare\/","og_site_name":"BnGRS","article_publisher":"https:\/\/www.facebook.com\/BnGRealShoes\/","article_modified_time":"2022-02-19T11:05:44+00:00","og_image":[{"width":640,"height":425,"url":"https:\/\/bngrealshoes.com\/wp-content\/uploads\/2020\/07\/U2011-1A-La-Polare-01-1.png","type":"image\/png"}],"twitter_card":"summary_large_image","schema":{"@context":"https:\/\/schema.org","@graph":[{"@type":"WebPage","@id":"https:\/\/bngrealshoes.com\/it\/prodotto\/u2011-1a-la-polare\/","url":"https:\/\/bngrealshoes.com\/it\/prodotto\/u2011-1a-la-polare\/","name":"U2011-1A - La Polare | BnGRS","isPartOf":{"@id":"https:\/\/bngrealshoes.com\/it\/#website"},"primaryImageOfPage":{"@id":"https:\/\/bngrealshoes.com\/it\/prodotto\/u2011-1a-la-polare\/#primaryimage"},"image":{"@id":"https:\/\/bngrealshoes.com\/it\/prodotto\/u2011-1a-la-polare\/#primaryimage"},"thumbnailUrl":"https:\/\/bngrealshoes.com\/wp-content\/uploads\/2020\/07\/U2011-1A-La-Polare-01-1.png","datePublished":"2020-07-01T09:13:50+00:00","dateModified":"2022-02-19T11:05:44+00:00","description":"\u201cLa Polare\u201d \u00e8 uno Sneakers Casual, realizzato in morbida pelle di vitello color bianco con stampa Pitone. I lacci sono in cotone bianco con bordi beige colorato artigianalmente a mano. In tutte le nostre scarpe la soletta interna, realizzato in memory foam rivestito in pelle di vitello, e in caso di necessit\u00e0 \u00e8 estraibile aumentando la calzata. La fodera \u00e8 in pelle di vitello scoperta che da un effetto di traspirabilit\u00e0 totale. Il piede \u00e8 avvolto totalmente da materiale naturale e sano. La suola \u00e8 in leggerissima EVA fresata su misura. Prodotto interamente a mano in Veneto \u2013 Italia","breadcrumb":{"@id":"https:\/\/bngrealshoes.com\/it\/prodotto\/u2011-1a-la-polare\/#breadcrumb"},"inLanguage":"it-IT","potentialAction":[{"@type":"ReadAction","target":["https:\/\/bngrealshoes.com\/it\/prodotto\/u2011-1a-la-polare\/"]}]},{"@type":"ImageObject","inLanguage":"it-IT","@id":"https:\/\/bngrealshoes.com\/it\/prodotto\/u2011-1a-la-polare\/#primaryimage","url":"https:\/\/bngrealshoes.com\/wp-content\/uploads\/2020\/07\/U2011-1A-La-Polare-01-1.png","contentUrl":"https:\/\/bngrealshoes.com\/wp-content\/uploads\/2020\/07\/U2011-1A-La-Polare-01-1.png","width":640,"height":425},{"@type":"BreadcrumbList","@id":"https:\/\/bngrealshoes.com\/it\/prodotto\/u2011-1a-la-polare\/#breadcrumb","itemListElement":[{"@type":"ListItem","position":1,"name":"Home","item":"https:\/\/bngrealshoes.com\/it\/"},{"@type":"ListItem","position":2,"name":"Shop","item":"https:\/\/bngrealshoes.com\/it\/shop\/"},{"@type":"ListItem","position":3,"name":"U2011-1A &#8211; La Polare"}]},{"@type":"WebSite","@id":"https:\/\/bngrealshoes.com\/it\/#website","url":"https:\/\/bngrealshoes.com\/it\/","name":"BnGRS","description":"Real materials for real people.","publisher":{"@id":"https:\/\/bngrealshoes.com\/it\/#organization"},"potentialAction":[{"@type":"SearchAction","target":{"@type":"EntryPoint","urlTemplate":"https:\/\/bngrealshoes.com\/it\/?s={search_term_string}"},"query-input":{"@type":"PropertyValueSpecification","valueRequired":true,"valueName":"search_term_string"}}],"inLanguage":"it-IT"},{"@type":"Organization","@id":"https:\/\/bngrealshoes.com\/it\/#organization","name":"BnGRS","url":"https:\/\/bngrealshoes.com\/it\/","logo":{"@type":"ImageObject","inLanguage":"it-IT","@id":"https:\/\/bngrealshoes.com\/it\/#\/schema\/logo\/image\/","url":"https:\/\/bngrealshoes.com\/wp-content\/uploads\/2020\/12\/4Risorsa-1.png","contentUrl":"https:\/\/bngrealshoes.com\/wp-content\/uploads\/2020\/12\/4Risorsa-1.png","width":573,"height":541,"caption":"BnGRS"},"image":{"@id":"https:\/\/bngrealshoes.com\/it\/#\/schema\/logo\/image\/"},"sameAs":["https:\/\/www.facebook.com\/BnGRealShoes\/","https:\/\/www.instagram.com\/bng_real_shoes\/"]}]}},"_links":{"self":[{"href":"https:\/\/bngrealshoes.com\/it\/wp-json\/wp\/v2\/product\/5734","targetHints":{"allow":["GET"]}}],"collection":[{"href":"https:\/\/bngrealshoes.com\/it\/wp-json\/wp\/v2\/product"}],"about":[{"href":"https:\/\/bngrealshoes.com\/it\/wp-json\/wp\/v2\/types\/product"}],"wp:featuredmedia":[{"embeddable":true,"href":"https:\/\/bngrealshoes.com\/it\/wp-json\/wp\/v2\/media\/6718"}],"wp:attachment":[{"href":"https:\/\/bngrealshoes.com\/it\/wp-json\/wp\/v2\/media?parent=5734"}],"wp:term":[{"taxonomy":"product_cat","embeddable":true,"href":"https:\/\/bngrealshoes.com\/it\/wp-json\/wp\/v2\/product_cat?post=5734"},{"taxonomy":"product_tag","embeddable":true,"href":"https:\/\/bngrealshoes.com\/it\/wp-json\/wp\/v2\/product_tag?post=5734"}],"curies":[{"name":"wp","href":"https:\/\/api.w.org\/{rel}","templated":true}]}}