{"id":6126,"date":"2020-09-01T11:47:54","date_gmt":"2020-09-01T11:47:55","guid":{"rendered":"https:\/\/www.bngrealshoes.com\/?post_type=product&#038;p=6126"},"modified":"2023-05-30T08:32:53","modified_gmt":"2023-05-30T08:32:53","slug":"u1902mi-1a-pepata","status":"publish","type":"product","link":"https:\/\/bngrealshoes.com\/it\/prodotto\/u1902mi-1a-pepata\/","title":{"rendered":"U1902MI-1A &#8211; LA PEPATA Midi"},"content":{"rendered":"<p>\u201c<b>La <\/b><b>Pepata<\/b><b>\u201d<\/b> \u00e8 un polacchino medio, realizzato in Camoscio grezzo, tinto a mano con colori a base d&#8217;acqua. Successivamente lavorato e spazzolato a mano per dare un aspetto vintage con pelucchi chiari in contrasto. In tutte le nostre scarpe le solette interne, realizzate in memory foam rivestite in pelle di vitello, in caso di necessit\u00e0 sono estraibili aumentando la calzata. La fodera \u00e8 in pelle di vitello scoperta che da un effetto di traspirabilit\u00e0 totale. Il piede \u00e8 avvolto completamente da materiale naturale e sano. La suola \u00e8 in leggerissima EVA fresata su misura. Prodotto interamente a mano in Veneto \u2013 Italia<\/p>\n","protected":false},"excerpt":{"rendered":"<p>\u201c<b>La <\/b><b>Pepata<\/b><b>\u201d<\/b> \u00e8 un polacchino medio, realizzato in Camoscio grezzo, tinto a mano con colori a base d&#8217;acqua. Successivamente lavorato e spazzolato a mano per dare un aspetto vintage con pelucchi chiari in contrasto. In tutte le nostre scarpe le solette interne, realizzate in memory foam rivestite in pelle di vitello, in caso di necessit\u00e0 sono estraibili aumentando la calzata. La fodera \u00e8 in pelle di vitello scoperta che da un effetto di traspirabilit\u00e0 totale. Il piede \u00e8 avvolto completamente da materiale naturale e sano. La suola \u00e8 in leggerissima EVA fresata su misura. Prodotto interamente a mano in Veneto \u2013 Italia<\/p>\n","protected":false},"featured_media":104407,"template":"","meta":{"_acf_changed":false,"inline_featured_image":false},"product_cat":[219,221],"product_tag":[242,243,244,245,246,247,248,249,250,251,253,254,255,257],"class_list":{"0":"post-6126","1":"product","2":"type-product","3":"status-publish","4":"has-post-thumbnail","6":"product_cat-men-shoes-it","7":"product_cat-special-price-it","8":"product_tag-scarpe-it","9":"product_tag-scarpe-uomo-it-2","10":"product_tag-men-shoes-it","11":"product_tag-scarpe-fatte-a-mano","12":"product_tag-sneakers-it","13":"product_tag-fatto-a-mano-it-2","14":"product_tag-scarpe-italiane-it-2","15":"product_tag-scarpe-artigianali-it-2","16":"product_tag-artigianato-it","17":"product_tag-scarpe-donna-it","18":"product_tag-fashion-it","19":"product_tag-stivali-bikers-it","20":"product_tag-biker-boot-it","21":"product_tag-made-in-italy-it","22":"pa_size-41-it","24":"first","25":"instock","26":"sale","27":"shipping-taxable","28":"purchasable","29":"product-type-variable"},"acf":[],"yoast_head":"<!-- This site is optimized with the Yoast SEO plugin v24.1 - https:\/\/yoast.com\/wordpress\/plugins\/seo\/ -->\n<title>U1902MI-1A - LA PEPATA Midi | BnGRS<\/title>\n<meta name=\"description\" content=\"&quot;La Pepata Midi&quot; \u00e8 uno stivaletto medio, realizzato in pelle scamosciata grezza tinta a mano con colori a base d&#039;acqua. Successivamente lavorato e invecchiato a mano per dare un aspetto vintage. I lacci sono in pelle naturale Il bordo perimetrale della pelle \u00e8 tinto a mano nel colore della pelle naturale in tinta con la fodera. La fodera \u00e8 in pelle di vitello scoperta che da un effetto di traspirabilit\u00e0 totale. In tutte le nostre scarpe le solette interne, realizzate in memory foam rivestite in pelle di vitello, in caso di necessit\u00e0 sono estraibili aumentando la calzata. Il piede \u00e8 completamente avvolto in materiale naturale e salutare. La suola \u00e8 realizzata in leggero EVA fresato su misura. Interamente fatte a mano in Veneto - Italia\" \/>\n<meta name=\"robots\" content=\"index, follow, max-snippet:-1, max-image-preview:large, max-video-preview:-1\" \/>\n<link rel=\"canonical\" href=\"https:\/\/bngrealshoes.com\/it\/prodotto\/u1902mi-1a-pepata\/\" \/>\n<meta property=\"og:locale\" content=\"it_IT\" \/>\n<meta property=\"og:type\" content=\"article\" \/>\n<meta property=\"og:title\" content=\"U1902MI-1A - LA PEPATA Midi | BnGRS\" \/>\n<meta property=\"og:description\" content=\"&quot;La Pepata Midi&quot; \u00e8 uno stivaletto medio, realizzato in pelle scamosciata grezza tinta a mano con colori a base d&#039;acqua. Successivamente lavorato e invecchiato a mano per dare un aspetto vintage. I lacci sono in pelle naturale Il bordo perimetrale della pelle \u00e8 tinto a mano nel colore della pelle naturale in tinta con la fodera. La fodera \u00e8 in pelle di vitello scoperta che da un effetto di traspirabilit\u00e0 totale. In tutte le nostre scarpe le solette interne, realizzate in memory foam rivestite in pelle di vitello, in caso di necessit\u00e0 sono estraibili aumentando la calzata. Il piede \u00e8 completamente avvolto in materiale naturale e salutare. La suola \u00e8 realizzata in leggero EVA fresato su misura. Interamente fatte a mano in Veneto - Italia\" \/>\n<meta property=\"og:url\" content=\"https:\/\/bngrealshoes.com\/it\/prodotto\/u1902mi-1a-pepata\/\" \/>\n<meta property=\"og:site_name\" content=\"BnGRS\" \/>\n<meta property=\"article:publisher\" content=\"https:\/\/www.facebook.com\/BnGRealShoes\/\" \/>\n<meta property=\"article:modified_time\" content=\"2023-05-30T08:32:53+00:00\" \/>\n<meta property=\"og:image\" content=\"https:\/\/bngrealshoes.com\/wp-content\/uploads\/2020\/09\/LA-PEPATA-MIDI-1.jpg\" \/>\n\t<meta property=\"og:image:width\" content=\"640\" \/>\n\t<meta property=\"og:image:height\" content=\"426\" \/>\n\t<meta property=\"og:image:type\" content=\"image\/jpeg\" \/>\n<meta name=\"twitter:card\" content=\"summary_large_image\" \/>\n<meta name=\"twitter:label1\" content=\"Tempo di lettura stimato\" \/>\n\t<meta name=\"twitter:data1\" content=\"1 minuto\" \/>\n<script type=\"application\/ld+json\" class=\"yoast-schema-graph\">{\"@context\":\"https:\/\/schema.org\",\"@graph\":[{\"@type\":\"WebPage\",\"@id\":\"https:\/\/bngrealshoes.com\/it\/prodotto\/u1902mi-1a-pepata\/\",\"url\":\"https:\/\/bngrealshoes.com\/it\/prodotto\/u1902mi-1a-pepata\/\",\"name\":\"U1902MI-1A - LA PEPATA Midi | BnGRS\",\"isPartOf\":{\"@id\":\"https:\/\/bngrealshoes.com\/it\/#website\"},\"primaryImageOfPage\":{\"@id\":\"https:\/\/bngrealshoes.com\/it\/prodotto\/u1902mi-1a-pepata\/#primaryimage\"},\"image\":{\"@id\":\"https:\/\/bngrealshoes.com\/it\/prodotto\/u1902mi-1a-pepata\/#primaryimage\"},\"thumbnailUrl\":\"https:\/\/bngrealshoes.com\/wp-content\/uploads\/2020\/09\/LA-PEPATA-MIDI-1.jpg\",\"datePublished\":\"2020-09-01T11:47:55+00:00\",\"dateModified\":\"2023-05-30T08:32:53+00:00\",\"description\":\"\\\"La Pepata Midi\\\" \u00e8 uno stivaletto medio, realizzato in pelle scamosciata grezza tinta a mano con colori a base d'acqua. Successivamente lavorato e invecchiato a mano per dare un aspetto vintage. I lacci sono in pelle naturale Il bordo perimetrale della pelle \u00e8 tinto a mano nel colore della pelle naturale in tinta con la fodera. La fodera \u00e8 in pelle di vitello scoperta che da un effetto di traspirabilit\u00e0 totale. In tutte le nostre scarpe le solette interne, realizzate in memory foam rivestite in pelle di vitello, in caso di necessit\u00e0 sono estraibili aumentando la calzata. Il piede \u00e8 completamente avvolto in materiale naturale e salutare. La suola \u00e8 realizzata in leggero EVA fresato su misura. Interamente fatte a mano in Veneto - Italia\",\"breadcrumb\":{\"@id\":\"https:\/\/bngrealshoes.com\/it\/prodotto\/u1902mi-1a-pepata\/#breadcrumb\"},\"inLanguage\":\"it-IT\",\"potentialAction\":[{\"@type\":\"ReadAction\",\"target\":[\"https:\/\/bngrealshoes.com\/it\/prodotto\/u1902mi-1a-pepata\/\"]}]},{\"@type\":\"ImageObject\",\"inLanguage\":\"it-IT\",\"@id\":\"https:\/\/bngrealshoes.com\/it\/prodotto\/u1902mi-1a-pepata\/#primaryimage\",\"url\":\"https:\/\/bngrealshoes.com\/wp-content\/uploads\/2020\/09\/LA-PEPATA-MIDI-1.jpg\",\"contentUrl\":\"https:\/\/bngrealshoes.com\/wp-content\/uploads\/2020\/09\/LA-PEPATA-MIDI-1.jpg\",\"width\":640,\"height\":426},{\"@type\":\"BreadcrumbList\",\"@id\":\"https:\/\/bngrealshoes.com\/it\/prodotto\/u1902mi-1a-pepata\/#breadcrumb\",\"itemListElement\":[{\"@type\":\"ListItem\",\"position\":1,\"name\":\"Home\",\"item\":\"https:\/\/bngrealshoes.com\/it\/\"},{\"@type\":\"ListItem\",\"position\":2,\"name\":\"Shop\",\"item\":\"https:\/\/bngrealshoes.com\/it\/shop\/\"},{\"@type\":\"ListItem\",\"position\":3,\"name\":\"U1902MI-1A &#8211; LA PEPATA Midi\"}]},{\"@type\":\"WebSite\",\"@id\":\"https:\/\/bngrealshoes.com\/it\/#website\",\"url\":\"https:\/\/bngrealshoes.com\/it\/\",\"name\":\"BnGRS\",\"description\":\"Real materials for real people.\",\"publisher\":{\"@id\":\"https:\/\/bngrealshoes.com\/it\/#organization\"},\"potentialAction\":[{\"@type\":\"SearchAction\",\"target\":{\"@type\":\"EntryPoint\",\"urlTemplate\":\"https:\/\/bngrealshoes.com\/it\/?s={search_term_string}\"},\"query-input\":{\"@type\":\"PropertyValueSpecification\",\"valueRequired\":true,\"valueName\":\"search_term_string\"}}],\"inLanguage\":\"it-IT\"},{\"@type\":\"Organization\",\"@id\":\"https:\/\/bngrealshoes.com\/it\/#organization\",\"name\":\"BnGRS\",\"url\":\"https:\/\/bngrealshoes.com\/it\/\",\"logo\":{\"@type\":\"ImageObject\",\"inLanguage\":\"it-IT\",\"@id\":\"https:\/\/bngrealshoes.com\/it\/#\/schema\/logo\/image\/\",\"url\":\"https:\/\/bngrealshoes.com\/wp-content\/uploads\/2020\/12\/4Risorsa-1.png\",\"contentUrl\":\"https:\/\/bngrealshoes.com\/wp-content\/uploads\/2020\/12\/4Risorsa-1.png\",\"width\":573,\"height\":541,\"caption\":\"BnGRS\"},\"image\":{\"@id\":\"https:\/\/bngrealshoes.com\/it\/#\/schema\/logo\/image\/\"},\"sameAs\":[\"https:\/\/www.facebook.com\/BnGRealShoes\/\",\"https:\/\/www.instagram.com\/bng_real_shoes\/\"]}]}<\/script>\n<!-- \/ Yoast SEO plugin. -->","yoast_head_json":{"title":"U1902MI-1A - LA PEPATA Midi | BnGRS","description":"\"La Pepata Midi\" \u00e8 uno stivaletto medio, realizzato in pelle scamosciata grezza tinta a mano con colori a base d'acqua. Successivamente lavorato e invecchiato a mano per dare un aspetto vintage. I lacci sono in pelle naturale Il bordo perimetrale della pelle \u00e8 tinto a mano nel colore della pelle naturale in tinta con la fodera. La fodera \u00e8 in pelle di vitello scoperta che da un effetto di traspirabilit\u00e0 totale. In tutte le nostre scarpe le solette interne, realizzate in memory foam rivestite in pelle di vitello, in caso di necessit\u00e0 sono estraibili aumentando la calzata. Il piede \u00e8 completamente avvolto in materiale naturale e salutare. La suola \u00e8 realizzata in leggero EVA fresato su misura. Interamente fatte a mano in Veneto - Italia","robots":{"index":"index","follow":"follow","max-snippet":"max-snippet:-1","max-image-preview":"max-image-preview:large","max-video-preview":"max-video-preview:-1"},"canonical":"https:\/\/bngrealshoes.com\/it\/prodotto\/u1902mi-1a-pepata\/","og_locale":"it_IT","og_type":"article","og_title":"U1902MI-1A - LA PEPATA Midi | BnGRS","og_description":"\"La Pepata Midi\" \u00e8 uno stivaletto medio, realizzato in pelle scamosciata grezza tinta a mano con colori a base d'acqua. Successivamente lavorato e invecchiato a mano per dare un aspetto vintage. I lacci sono in pelle naturale Il bordo perimetrale della pelle \u00e8 tinto a mano nel colore della pelle naturale in tinta con la fodera. La fodera \u00e8 in pelle di vitello scoperta che da un effetto di traspirabilit\u00e0 totale. In tutte le nostre scarpe le solette interne, realizzate in memory foam rivestite in pelle di vitello, in caso di necessit\u00e0 sono estraibili aumentando la calzata. Il piede \u00e8 completamente avvolto in materiale naturale e salutare. La suola \u00e8 realizzata in leggero EVA fresato su misura. Interamente fatte a mano in Veneto - Italia","og_url":"https:\/\/bngrealshoes.com\/it\/prodotto\/u1902mi-1a-pepata\/","og_site_name":"BnGRS","article_publisher":"https:\/\/www.facebook.com\/BnGRealShoes\/","article_modified_time":"2023-05-30T08:32:53+00:00","og_image":[{"width":640,"height":426,"url":"https:\/\/bngrealshoes.com\/wp-content\/uploads\/2020\/09\/LA-PEPATA-MIDI-1.jpg","type":"image\/jpeg"}],"twitter_card":"summary_large_image","twitter_misc":{"Tempo di lettura stimato":"1 minuto"},"schema":{"@context":"https:\/\/schema.org","@graph":[{"@type":"WebPage","@id":"https:\/\/bngrealshoes.com\/it\/prodotto\/u1902mi-1a-pepata\/","url":"https:\/\/bngrealshoes.com\/it\/prodotto\/u1902mi-1a-pepata\/","name":"U1902MI-1A - LA PEPATA Midi | BnGRS","isPartOf":{"@id":"https:\/\/bngrealshoes.com\/it\/#website"},"primaryImageOfPage":{"@id":"https:\/\/bngrealshoes.com\/it\/prodotto\/u1902mi-1a-pepata\/#primaryimage"},"image":{"@id":"https:\/\/bngrealshoes.com\/it\/prodotto\/u1902mi-1a-pepata\/#primaryimage"},"thumbnailUrl":"https:\/\/bngrealshoes.com\/wp-content\/uploads\/2020\/09\/LA-PEPATA-MIDI-1.jpg","datePublished":"2020-09-01T11:47:55+00:00","dateModified":"2023-05-30T08:32:53+00:00","description":"\"La Pepata Midi\" \u00e8 uno stivaletto medio, realizzato in pelle scamosciata grezza tinta a mano con colori a base d'acqua. Successivamente lavorato e invecchiato a mano per dare un aspetto vintage. I lacci sono in pelle naturale Il bordo perimetrale della pelle \u00e8 tinto a mano nel colore della pelle naturale in tinta con la fodera. La fodera \u00e8 in pelle di vitello scoperta che da un effetto di traspirabilit\u00e0 totale. In tutte le nostre scarpe le solette interne, realizzate in memory foam rivestite in pelle di vitello, in caso di necessit\u00e0 sono estraibili aumentando la calzata. Il piede \u00e8 completamente avvolto in materiale naturale e salutare. La suola \u00e8 realizzata in leggero EVA fresato su misura. Interamente fatte a mano in Veneto - Italia","breadcrumb":{"@id":"https:\/\/bngrealshoes.com\/it\/prodotto\/u1902mi-1a-pepata\/#breadcrumb"},"inLanguage":"it-IT","potentialAction":[{"@type":"ReadAction","target":["https:\/\/bngrealshoes.com\/it\/prodotto\/u1902mi-1a-pepata\/"]}]},{"@type":"ImageObject","inLanguage":"it-IT","@id":"https:\/\/bngrealshoes.com\/it\/prodotto\/u1902mi-1a-pepata\/#primaryimage","url":"https:\/\/bngrealshoes.com\/wp-content\/uploads\/2020\/09\/LA-PEPATA-MIDI-1.jpg","contentUrl":"https:\/\/bngrealshoes.com\/wp-content\/uploads\/2020\/09\/LA-PEPATA-MIDI-1.jpg","width":640,"height":426},{"@type":"BreadcrumbList","@id":"https:\/\/bngrealshoes.com\/it\/prodotto\/u1902mi-1a-pepata\/#breadcrumb","itemListElement":[{"@type":"ListItem","position":1,"name":"Home","item":"https:\/\/bngrealshoes.com\/it\/"},{"@type":"ListItem","position":2,"name":"Shop","item":"https:\/\/bngrealshoes.com\/it\/shop\/"},{"@type":"ListItem","position":3,"name":"U1902MI-1A &#8211; LA PEPATA Midi"}]},{"@type":"WebSite","@id":"https:\/\/bngrealshoes.com\/it\/#website","url":"https:\/\/bngrealshoes.com\/it\/","name":"BnGRS","description":"Real materials for real people.","publisher":{"@id":"https:\/\/bngrealshoes.com\/it\/#organization"},"potentialAction":[{"@type":"SearchAction","target":{"@type":"EntryPoint","urlTemplate":"https:\/\/bngrealshoes.com\/it\/?s={search_term_string}"},"query-input":{"@type":"PropertyValueSpecification","valueRequired":true,"valueName":"search_term_string"}}],"inLanguage":"it-IT"},{"@type":"Organization","@id":"https:\/\/bngrealshoes.com\/it\/#organization","name":"BnGRS","url":"https:\/\/bngrealshoes.com\/it\/","logo":{"@type":"ImageObject","inLanguage":"it-IT","@id":"https:\/\/bngrealshoes.com\/it\/#\/schema\/logo\/image\/","url":"https:\/\/bngrealshoes.com\/wp-content\/uploads\/2020\/12\/4Risorsa-1.png","contentUrl":"https:\/\/bngrealshoes.com\/wp-content\/uploads\/2020\/12\/4Risorsa-1.png","width":573,"height":541,"caption":"BnGRS"},"image":{"@id":"https:\/\/bngrealshoes.com\/it\/#\/schema\/logo\/image\/"},"sameAs":["https:\/\/www.facebook.com\/BnGRealShoes\/","https:\/\/www.instagram.com\/bng_real_shoes\/"]}]}},"_links":{"self":[{"href":"https:\/\/bngrealshoes.com\/it\/wp-json\/wp\/v2\/product\/6126","targetHints":{"allow":["GET"]}}],"collection":[{"href":"https:\/\/bngrealshoes.com\/it\/wp-json\/wp\/v2\/product"}],"about":[{"href":"https:\/\/bngrealshoes.com\/it\/wp-json\/wp\/v2\/types\/product"}],"wp:featuredmedia":[{"embeddable":true,"href":"https:\/\/bngrealshoes.com\/it\/wp-json\/wp\/v2\/media\/104407"}],"wp:attachment":[{"href":"https:\/\/bngrealshoes.com\/it\/wp-json\/wp\/v2\/media?parent=6126"}],"wp:term":[{"taxonomy":"product_cat","embeddable":true,"href":"https:\/\/bngrealshoes.com\/it\/wp-json\/wp\/v2\/product_cat?post=6126"},{"taxonomy":"product_tag","embeddable":true,"href":"https:\/\/bngrealshoes.com\/it\/wp-json\/wp\/v2\/product_tag?post=6126"}],"curies":[{"name":"wp","href":"https:\/\/api.w.org\/{rel}","templated":true}]}}