{"id":7932,"date":"2021-11-18T12:43:16","date_gmt":"2021-11-18T12:43:17","guid":{"rendered":"https:\/\/bngrealshoes.com\/?post_type=product&#038;p=7932"},"modified":"2024-02-19T13:37:13","modified_gmt":"2024-02-19T13:37:13","slug":"d2004t-o-5al-la-leo-fuxia","status":"publish","type":"product","link":"https:\/\/bngrealshoes.com\/it\/prodotto\/d2004t-o-5al-la-leo-fuxia\/","title":{"rendered":"D2004T\/O-5AL &#8211; LA LEO Fuxia"},"content":{"rendered":"<p>\u201c<b>La <\/b><b>Leo Fuxia<\/b>\u201d \u00e8 un polacchino Stile Basket, realizzato in morbidissima pelle e tessuto Canvas con effetto Leopardato. Successivamente lavorata e invecchiata a mano per dare un aspetto vintage. \u00a0Il Logo BG \u00e8 in pelle fuxia. In tutte le nostre scarpe le solette interne, realizzate in memory foam rivestite in pelle di vitello, in caso di necessit\u00e0 sono estraibili aumentando la calzata. La fodera \u00e8 in pelle di e da un effetto di traspirabilit\u00e0 totale. Il piede \u00e8 avvolto completamente da materiale naturale e sano. La suola \u00e8 un sandwich in leggerissima EVA fresata su misura. Prodotto interamente a mano in Veneto \u2013 Italia<\/p>\n","protected":false},"excerpt":{"rendered":"<p>\u201c<b>La <\/b><b>Leo Fuxia<\/b>\u201d \u00e8 un polacchino Stile Basket, realizzato in morbidissima pelle e tessuto Canvas con effetto Leopardato. Successivamente lavorata e invecchiata a mano per dare un aspetto vintage. \u00a0Il Logo BG \u00e8 in pelle fuxia. In tutte le nostre scarpe le solette interne, realizzate in memory foam rivestite in pelle di vitello, in caso di necessit\u00e0 sono estraibili aumentando la calzata. La fodera \u00e8 in pelle di e da un effetto di traspirabilit\u00e0 totale. Il piede \u00e8 avvolto completamente da materiale naturale e sano. La suola \u00e8 un sandwich in leggerissima EVA fresata su misura. Prodotto interamente a mano in Veneto \u2013 Italia<\/p>\n","protected":false},"featured_media":107169,"template":"","meta":{"_acf_changed":false,"inline_featured_image":false},"product_cat":[214,216,224],"product_tag":[242,243,244,245,246,247,248,249,250,251,252,253,254,255],"class_list":{"0":"post-7932","1":"product","2":"type-product","3":"status-publish","4":"has-post-thumbnail","6":"product_cat-all-seasons-it","7":"product_cat-high-profile-it","8":"product_cat-woman-shoes-it","9":"product_tag-scarpe-it","10":"product_tag-scarpe-uomo-it-2","11":"product_tag-men-shoes-it","12":"product_tag-scarpe-fatte-a-mano","13":"product_tag-sneakers-it","14":"product_tag-fatto-a-mano-it-2","15":"product_tag-scarpe-italiane-it-2","16":"product_tag-scarpe-artigianali-it-2","17":"product_tag-artigianato-it","18":"product_tag-scarpe-donna-it","19":"product_tag-woman-shoes-it","20":"product_tag-fashion-it","21":"product_tag-stivali-bikers-it","22":"product_tag-biker-boot-it","23":"pa_size-36-it","24":"pa_size-37-it","25":"pa_size-38-it","26":"pa_size-39-it","27":"pa_size-40-it","28":"pa_size-41-it","30":"first","31":"instock","32":"featured","33":"shipping-taxable","34":"purchasable","35":"product-type-variable"},"acf":[],"yoast_head":"<!-- This site is optimized with the Yoast SEO plugin v24.1 - https:\/\/yoast.com\/wordpress\/plugins\/seo\/ -->\n<title>D2004T\/O-5AL - LA LEO Fuxia | BnGRS<\/title>\n<meta name=\"description\" content=\"\u201cLa Leo Fuxia\u201d \u00e8 un polacchino Stile Basket, realizzato in morbidissima pelle e tessuto Canvas con effetto Leopardato. Successivamente lavorata e invecchiata a mano per dare un aspetto vintage. \u00a0Il Logo BG \u00e8 in pelle fuxia. In tutte le nostre scarpe le solette interne, realizzate in memory foam rivestite in pelle di vitello, in caso di necessit\u00e0 sono estraibili aumentando la calzata. La fodera \u00e8 in pelle di e da un effetto di traspirabilit\u00e0 totale. Il piede \u00e8 avvolto completamente da materiale naturale e sano. La suola \u00e8 un sandwich in leggerissima EVA fresata su misura. Prodotto interamente a mano in Veneto \u2013 Italia\" \/>\n<meta name=\"robots\" content=\"index, follow, max-snippet:-1, max-image-preview:large, max-video-preview:-1\" \/>\n<link rel=\"canonical\" href=\"https:\/\/bngrealshoes.com\/it\/prodotto\/d2004t-o-5al-la-leo-fuxia\/\" \/>\n<meta property=\"og:locale\" content=\"it_IT\" \/>\n<meta property=\"og:type\" content=\"article\" \/>\n<meta property=\"og:title\" content=\"D2004T\/O-5AL - LA LEO Fuxia | BnGRS\" \/>\n<meta property=\"og:description\" content=\"\u201cLa Leo Fuxia\u201d \u00e8 un polacchino Stile Basket, realizzato in morbidissima pelle e tessuto Canvas con effetto Leopardato. Successivamente lavorata e invecchiata a mano per dare un aspetto vintage. \u00a0Il Logo BG \u00e8 in pelle fuxia. In tutte le nostre scarpe le solette interne, realizzate in memory foam rivestite in pelle di vitello, in caso di necessit\u00e0 sono estraibili aumentando la calzata. La fodera \u00e8 in pelle di e da un effetto di traspirabilit\u00e0 totale. Il piede \u00e8 avvolto completamente da materiale naturale e sano. La suola \u00e8 un sandwich in leggerissima EVA fresata su misura. Prodotto interamente a mano in Veneto \u2013 Italia\" \/>\n<meta property=\"og:url\" content=\"https:\/\/bngrealshoes.com\/it\/prodotto\/d2004t-o-5al-la-leo-fuxia\/\" \/>\n<meta property=\"og:site_name\" content=\"BnGRS\" \/>\n<meta property=\"article:publisher\" content=\"https:\/\/www.facebook.com\/BnGRealShoes\/\" \/>\n<meta property=\"article:modified_time\" content=\"2024-02-19T13:37:13+00:00\" \/>\n<meta property=\"og:image\" content=\"https:\/\/bngrealshoes.com\/wp-content\/uploads\/2021\/11\/LA-LEO-FLUO-1-1-1.jpg\" \/>\n\t<meta property=\"og:image:width\" content=\"640\" \/>\n\t<meta property=\"og:image:height\" content=\"452\" \/>\n\t<meta property=\"og:image:type\" content=\"image\/jpeg\" \/>\n<meta name=\"twitter:card\" content=\"summary_large_image\" \/>\n<meta name=\"twitter:label1\" content=\"Tempo di lettura stimato\" \/>\n\t<meta name=\"twitter:data1\" content=\"1 minuto\" \/>\n<script type=\"application\/ld+json\" class=\"yoast-schema-graph\">{\"@context\":\"https:\/\/schema.org\",\"@graph\":[{\"@type\":\"WebPage\",\"@id\":\"https:\/\/bngrealshoes.com\/it\/prodotto\/d2004t-o-5al-la-leo-fuxia\/\",\"url\":\"https:\/\/bngrealshoes.com\/it\/prodotto\/d2004t-o-5al-la-leo-fuxia\/\",\"name\":\"D2004T\/O-5AL - LA LEO Fuxia | BnGRS\",\"isPartOf\":{\"@id\":\"https:\/\/bngrealshoes.com\/it\/#website\"},\"primaryImageOfPage\":{\"@id\":\"https:\/\/bngrealshoes.com\/it\/prodotto\/d2004t-o-5al-la-leo-fuxia\/#primaryimage\"},\"image\":{\"@id\":\"https:\/\/bngrealshoes.com\/it\/prodotto\/d2004t-o-5al-la-leo-fuxia\/#primaryimage\"},\"thumbnailUrl\":\"https:\/\/bngrealshoes.com\/wp-content\/uploads\/2021\/11\/LA-LEO-FLUO-1-1-1.jpg\",\"datePublished\":\"2021-11-18T12:43:17+00:00\",\"dateModified\":\"2024-02-19T13:37:13+00:00\",\"description\":\"\u201cLa Leo Fuxia\u201d \u00e8 un polacchino Stile Basket, realizzato in morbidissima pelle e tessuto Canvas con effetto Leopardato. Successivamente lavorata e invecchiata a mano per dare un aspetto vintage. \u00a0Il Logo BG \u00e8 in pelle fuxia. In tutte le nostre scarpe le solette interne, realizzate in memory foam rivestite in pelle di vitello, in caso di necessit\u00e0 sono estraibili aumentando la calzata. La fodera \u00e8 in pelle di e da un effetto di traspirabilit\u00e0 totale. Il piede \u00e8 avvolto completamente da materiale naturale e sano. La suola \u00e8 un sandwich in leggerissima EVA fresata su misura. Prodotto interamente a mano in Veneto \u2013 Italia\",\"breadcrumb\":{\"@id\":\"https:\/\/bngrealshoes.com\/it\/prodotto\/d2004t-o-5al-la-leo-fuxia\/#breadcrumb\"},\"inLanguage\":\"it-IT\",\"potentialAction\":[{\"@type\":\"ReadAction\",\"target\":[\"https:\/\/bngrealshoes.com\/it\/prodotto\/d2004t-o-5al-la-leo-fuxia\/\"]}]},{\"@type\":\"ImageObject\",\"inLanguage\":\"it-IT\",\"@id\":\"https:\/\/bngrealshoes.com\/it\/prodotto\/d2004t-o-5al-la-leo-fuxia\/#primaryimage\",\"url\":\"https:\/\/bngrealshoes.com\/wp-content\/uploads\/2021\/11\/LA-LEO-FLUO-1-1-1.jpg\",\"contentUrl\":\"https:\/\/bngrealshoes.com\/wp-content\/uploads\/2021\/11\/LA-LEO-FLUO-1-1-1.jpg\",\"width\":640,\"height\":452},{\"@type\":\"BreadcrumbList\",\"@id\":\"https:\/\/bngrealshoes.com\/it\/prodotto\/d2004t-o-5al-la-leo-fuxia\/#breadcrumb\",\"itemListElement\":[{\"@type\":\"ListItem\",\"position\":1,\"name\":\"Home\",\"item\":\"https:\/\/bngrealshoes.com\/it\/\"},{\"@type\":\"ListItem\",\"position\":2,\"name\":\"Shop\",\"item\":\"https:\/\/bngrealshoes.com\/it\/shop\/\"},{\"@type\":\"ListItem\",\"position\":3,\"name\":\"D2004T\/O-5AL &#8211; LA LEO Fuxia\"}]},{\"@type\":\"WebSite\",\"@id\":\"https:\/\/bngrealshoes.com\/it\/#website\",\"url\":\"https:\/\/bngrealshoes.com\/it\/\",\"name\":\"BnGRS\",\"description\":\"Real materials for real people.\",\"publisher\":{\"@id\":\"https:\/\/bngrealshoes.com\/it\/#organization\"},\"potentialAction\":[{\"@type\":\"SearchAction\",\"target\":{\"@type\":\"EntryPoint\",\"urlTemplate\":\"https:\/\/bngrealshoes.com\/it\/?s={search_term_string}\"},\"query-input\":{\"@type\":\"PropertyValueSpecification\",\"valueRequired\":true,\"valueName\":\"search_term_string\"}}],\"inLanguage\":\"it-IT\"},{\"@type\":\"Organization\",\"@id\":\"https:\/\/bngrealshoes.com\/it\/#organization\",\"name\":\"BnGRS\",\"url\":\"https:\/\/bngrealshoes.com\/it\/\",\"logo\":{\"@type\":\"ImageObject\",\"inLanguage\":\"it-IT\",\"@id\":\"https:\/\/bngrealshoes.com\/it\/#\/schema\/logo\/image\/\",\"url\":\"https:\/\/bngrealshoes.com\/wp-content\/uploads\/2020\/12\/4Risorsa-1.png\",\"contentUrl\":\"https:\/\/bngrealshoes.com\/wp-content\/uploads\/2020\/12\/4Risorsa-1.png\",\"width\":573,\"height\":541,\"caption\":\"BnGRS\"},\"image\":{\"@id\":\"https:\/\/bngrealshoes.com\/it\/#\/schema\/logo\/image\/\"},\"sameAs\":[\"https:\/\/www.facebook.com\/BnGRealShoes\/\",\"https:\/\/www.instagram.com\/bng_real_shoes\/\"]}]}<\/script>\n<!-- \/ Yoast SEO plugin. -->","yoast_head_json":{"title":"D2004T\/O-5AL - LA LEO Fuxia | BnGRS","description":"\u201cLa Leo Fuxia\u201d \u00e8 un polacchino Stile Basket, realizzato in morbidissima pelle e tessuto Canvas con effetto Leopardato. Successivamente lavorata e invecchiata a mano per dare un aspetto vintage. \u00a0Il Logo BG \u00e8 in pelle fuxia. In tutte le nostre scarpe le solette interne, realizzate in memory foam rivestite in pelle di vitello, in caso di necessit\u00e0 sono estraibili aumentando la calzata. La fodera \u00e8 in pelle di e da un effetto di traspirabilit\u00e0 totale. Il piede \u00e8 avvolto completamente da materiale naturale e sano. La suola \u00e8 un sandwich in leggerissima EVA fresata su misura. Prodotto interamente a mano in Veneto \u2013 Italia","robots":{"index":"index","follow":"follow","max-snippet":"max-snippet:-1","max-image-preview":"max-image-preview:large","max-video-preview":"max-video-preview:-1"},"canonical":"https:\/\/bngrealshoes.com\/it\/prodotto\/d2004t-o-5al-la-leo-fuxia\/","og_locale":"it_IT","og_type":"article","og_title":"D2004T\/O-5AL - LA LEO Fuxia | BnGRS","og_description":"\u201cLa Leo Fuxia\u201d \u00e8 un polacchino Stile Basket, realizzato in morbidissima pelle e tessuto Canvas con effetto Leopardato. Successivamente lavorata e invecchiata a mano per dare un aspetto vintage. \u00a0Il Logo BG \u00e8 in pelle fuxia. In tutte le nostre scarpe le solette interne, realizzate in memory foam rivestite in pelle di vitello, in caso di necessit\u00e0 sono estraibili aumentando la calzata. La fodera \u00e8 in pelle di e da un effetto di traspirabilit\u00e0 totale. Il piede \u00e8 avvolto completamente da materiale naturale e sano. La suola \u00e8 un sandwich in leggerissima EVA fresata su misura. Prodotto interamente a mano in Veneto \u2013 Italia","og_url":"https:\/\/bngrealshoes.com\/it\/prodotto\/d2004t-o-5al-la-leo-fuxia\/","og_site_name":"BnGRS","article_publisher":"https:\/\/www.facebook.com\/BnGRealShoes\/","article_modified_time":"2024-02-19T13:37:13+00:00","og_image":[{"width":640,"height":452,"url":"https:\/\/bngrealshoes.com\/wp-content\/uploads\/2021\/11\/LA-LEO-FLUO-1-1-1.jpg","type":"image\/jpeg"}],"twitter_card":"summary_large_image","twitter_misc":{"Tempo di lettura stimato":"1 minuto"},"schema":{"@context":"https:\/\/schema.org","@graph":[{"@type":"WebPage","@id":"https:\/\/bngrealshoes.com\/it\/prodotto\/d2004t-o-5al-la-leo-fuxia\/","url":"https:\/\/bngrealshoes.com\/it\/prodotto\/d2004t-o-5al-la-leo-fuxia\/","name":"D2004T\/O-5AL - LA LEO Fuxia | BnGRS","isPartOf":{"@id":"https:\/\/bngrealshoes.com\/it\/#website"},"primaryImageOfPage":{"@id":"https:\/\/bngrealshoes.com\/it\/prodotto\/d2004t-o-5al-la-leo-fuxia\/#primaryimage"},"image":{"@id":"https:\/\/bngrealshoes.com\/it\/prodotto\/d2004t-o-5al-la-leo-fuxia\/#primaryimage"},"thumbnailUrl":"https:\/\/bngrealshoes.com\/wp-content\/uploads\/2021\/11\/LA-LEO-FLUO-1-1-1.jpg","datePublished":"2021-11-18T12:43:17+00:00","dateModified":"2024-02-19T13:37:13+00:00","description":"\u201cLa Leo Fuxia\u201d \u00e8 un polacchino Stile Basket, realizzato in morbidissima pelle e tessuto Canvas con effetto Leopardato. Successivamente lavorata e invecchiata a mano per dare un aspetto vintage. \u00a0Il Logo BG \u00e8 in pelle fuxia. In tutte le nostre scarpe le solette interne, realizzate in memory foam rivestite in pelle di vitello, in caso di necessit\u00e0 sono estraibili aumentando la calzata. La fodera \u00e8 in pelle di e da un effetto di traspirabilit\u00e0 totale. Il piede \u00e8 avvolto completamente da materiale naturale e sano. La suola \u00e8 un sandwich in leggerissima EVA fresata su misura. Prodotto interamente a mano in Veneto \u2013 Italia","breadcrumb":{"@id":"https:\/\/bngrealshoes.com\/it\/prodotto\/d2004t-o-5al-la-leo-fuxia\/#breadcrumb"},"inLanguage":"it-IT","potentialAction":[{"@type":"ReadAction","target":["https:\/\/bngrealshoes.com\/it\/prodotto\/d2004t-o-5al-la-leo-fuxia\/"]}]},{"@type":"ImageObject","inLanguage":"it-IT","@id":"https:\/\/bngrealshoes.com\/it\/prodotto\/d2004t-o-5al-la-leo-fuxia\/#primaryimage","url":"https:\/\/bngrealshoes.com\/wp-content\/uploads\/2021\/11\/LA-LEO-FLUO-1-1-1.jpg","contentUrl":"https:\/\/bngrealshoes.com\/wp-content\/uploads\/2021\/11\/LA-LEO-FLUO-1-1-1.jpg","width":640,"height":452},{"@type":"BreadcrumbList","@id":"https:\/\/bngrealshoes.com\/it\/prodotto\/d2004t-o-5al-la-leo-fuxia\/#breadcrumb","itemListElement":[{"@type":"ListItem","position":1,"name":"Home","item":"https:\/\/bngrealshoes.com\/it\/"},{"@type":"ListItem","position":2,"name":"Shop","item":"https:\/\/bngrealshoes.com\/it\/shop\/"},{"@type":"ListItem","position":3,"name":"D2004T\/O-5AL &#8211; LA LEO Fuxia"}]},{"@type":"WebSite","@id":"https:\/\/bngrealshoes.com\/it\/#website","url":"https:\/\/bngrealshoes.com\/it\/","name":"BnGRS","description":"Real materials for real people.","publisher":{"@id":"https:\/\/bngrealshoes.com\/it\/#organization"},"potentialAction":[{"@type":"SearchAction","target":{"@type":"EntryPoint","urlTemplate":"https:\/\/bngrealshoes.com\/it\/?s={search_term_string}"},"query-input":{"@type":"PropertyValueSpecification","valueRequired":true,"valueName":"search_term_string"}}],"inLanguage":"it-IT"},{"@type":"Organization","@id":"https:\/\/bngrealshoes.com\/it\/#organization","name":"BnGRS","url":"https:\/\/bngrealshoes.com\/it\/","logo":{"@type":"ImageObject","inLanguage":"it-IT","@id":"https:\/\/bngrealshoes.com\/it\/#\/schema\/logo\/image\/","url":"https:\/\/bngrealshoes.com\/wp-content\/uploads\/2020\/12\/4Risorsa-1.png","contentUrl":"https:\/\/bngrealshoes.com\/wp-content\/uploads\/2020\/12\/4Risorsa-1.png","width":573,"height":541,"caption":"BnGRS"},"image":{"@id":"https:\/\/bngrealshoes.com\/it\/#\/schema\/logo\/image\/"},"sameAs":["https:\/\/www.facebook.com\/BnGRealShoes\/","https:\/\/www.instagram.com\/bng_real_shoes\/"]}]}},"_links":{"self":[{"href":"https:\/\/bngrealshoes.com\/it\/wp-json\/wp\/v2\/product\/7932","targetHints":{"allow":["GET"]}}],"collection":[{"href":"https:\/\/bngrealshoes.com\/it\/wp-json\/wp\/v2\/product"}],"about":[{"href":"https:\/\/bngrealshoes.com\/it\/wp-json\/wp\/v2\/types\/product"}],"wp:featuredmedia":[{"embeddable":true,"href":"https:\/\/bngrealshoes.com\/it\/wp-json\/wp\/v2\/media\/107169"}],"wp:attachment":[{"href":"https:\/\/bngrealshoes.com\/it\/wp-json\/wp\/v2\/media?parent=7932"}],"wp:term":[{"taxonomy":"product_cat","embeddable":true,"href":"https:\/\/bngrealshoes.com\/it\/wp-json\/wp\/v2\/product_cat?post=7932"},{"taxonomy":"product_tag","embeddable":true,"href":"https:\/\/bngrealshoes.com\/it\/wp-json\/wp\/v2\/product_tag?post=7932"}],"curies":[{"name":"wp","href":"https:\/\/api.w.org\/{rel}","templated":true}]}}