{"id":8053,"date":"2021-11-22T14:07:35","date_gmt":"2021-11-22T14:07:37","guid":{"rendered":"https:\/\/bngrealshoes.com\/?post_type=product&#038;p=8053"},"modified":"2026-03-03T10:02:01","modified_gmt":"2026-03-03T10:02:01","slug":"d2004-o-4axh-la-naturale-black","status":"publish","type":"product","link":"https:\/\/bngrealshoes.com\/it\/prodotto\/d2004-o-4axh-la-naturale-black\/","title":{"rendered":"D2004\/O-4AXH &#8211; LA NATURALE Black"},"content":{"rendered":"<p><strong>&#8220;La Naturale Black&#8221;<\/strong> \u00e8 uno polacchino stile Basket, realizzato in morbidissima pelle naturale tinta a mano con colori a base d\u2019acqua.\u00a0 Successivamente lavorata e invecchiata a mano per dare un aspetto vintage. La fodera \u00e8 in pelle che da un effetto di traspirabilit\u00e0 totale. In tutte le nostre scarpe le solette interne, realizzate in memory foam rivestite in pelle, in caso di necessit\u00e0 sono estraibili aumentando la calzata. Il piede \u00e8 avvolto completamente da materiale naturale e sano. La suola \u00e8 in costruita in leggerissima EVA fresata su misura. Prodotto interamente a mano in Veneto \u2013 Italia<\/p>\n","protected":false},"excerpt":{"rendered":"<p><strong>&#8220;La Naturale Black&#8221;<\/strong> \u00e8 uno polacchino stile Basket, realizzato in morbidissima pelle naturale tinta a mano con colori a base d\u2019acqua.\u00a0 Successivamente lavorata e invecchiata a mano per dare un aspetto vintage. La fodera \u00e8 in pelle che da un effetto di traspirabilit\u00e0 totale. In tutte le nostre scarpe le solette interne, realizzate in memory foam rivestite in pelle, in caso di necessit\u00e0 sono estraibili aumentando la calzata. Il piede \u00e8 avvolto completamente da materiale naturale e sano. La suola \u00e8 in costruita in leggerissima EVA fresata su misura. Prodotto interamente a mano in Veneto \u2013 Italia<\/p>\n","protected":false},"featured_media":104529,"template":"","meta":{"_acf_changed":false,"inline_featured_image":false},"product_cat":[214,216,224],"product_tag":[244,245,246,247,248,250,252,253,255,257],"class_list":{"0":"post-8053","1":"product","2":"type-product","3":"status-publish","4":"has-post-thumbnail","6":"product_cat-all-seasons-it","7":"product_cat-high-profile-it","8":"product_cat-woman-shoes-it","9":"product_tag-men-shoes-it","10":"product_tag-scarpe-fatte-a-mano","11":"product_tag-sneakers-it","12":"product_tag-fatto-a-mano-it-2","13":"product_tag-scarpe-italiane-it-2","14":"product_tag-artigianato-it","15":"product_tag-woman-shoes-it","16":"product_tag-fashion-it","17":"product_tag-biker-boot-it","18":"product_tag-made-in-italy-it","19":"pa_size-36-it","20":"pa_size-37-it","21":"pa_size-38-it","22":"pa_size-39-it","23":"pa_size-40-it","24":"pa_size-41-it","26":"first","27":"instock","28":"featured","29":"shipping-taxable","30":"purchasable","31":"product-type-variable"},"acf":[],"yoast_head":"<!-- This site is optimized with the Yoast SEO plugin v24.1 - https:\/\/yoast.com\/wordpress\/plugins\/seo\/ -->\n<title>D2004\/O-4AXH - LA NATURALE Black | BnGRS<\/title>\n<meta name=\"description\" content=\"Polacchino stile Basket, realizzato in morbidissima pelle naturale. Successivamente lavorato e invecchiato a mano per osare un aspetto vintage. I lacci sono in cotone nero. Il bordo perimetrale della pelle \u00e8 tinto a mano in colore naturale in tinta con la fodera. Le cuciture nere danno un tocco di sportivit\u00e0. La fodera \u00e8 in pelle naturale e dona un effetto di totale traspirabilit\u00e0. In tutte le nostre scarpe le solette interne, realizzate in memory foam rivestite in pelle, possono essere rimosse all&#039;occorrenza aumentando la calzata. Il piede \u00e8 completamente avvolto in materiale naturale e salutare. La suola \u00e8 realizzata in leggero EVA fresato su misura. Interamente fatto a mano in Veneto - Italia\" \/>\n<meta name=\"robots\" content=\"index, follow, max-snippet:-1, max-image-preview:large, max-video-preview:-1\" \/>\n<link rel=\"canonical\" href=\"https:\/\/bngrealshoes.com\/it\/prodotto\/d2004-o-4axh-la-naturale-black\/\" \/>\n<meta property=\"og:locale\" content=\"it_IT\" \/>\n<meta property=\"og:type\" content=\"article\" \/>\n<meta property=\"og:title\" content=\"D2004\/O-4AXH - LA NATURALE Black | BnGRS\" \/>\n<meta property=\"og:description\" content=\"Polacchino stile Basket, realizzato in morbidissima pelle naturale. Successivamente lavorato e invecchiato a mano per osare un aspetto vintage. I lacci sono in cotone nero. Il bordo perimetrale della pelle \u00e8 tinto a mano in colore naturale in tinta con la fodera. Le cuciture nere danno un tocco di sportivit\u00e0. La fodera \u00e8 in pelle naturale e dona un effetto di totale traspirabilit\u00e0. In tutte le nostre scarpe le solette interne, realizzate in memory foam rivestite in pelle, possono essere rimosse all&#039;occorrenza aumentando la calzata. Il piede \u00e8 completamente avvolto in materiale naturale e salutare. La suola \u00e8 realizzata in leggero EVA fresato su misura. Interamente fatto a mano in Veneto - Italia\" \/>\n<meta property=\"og:url\" content=\"https:\/\/bngrealshoes.com\/it\/prodotto\/d2004-o-4axh-la-naturale-black\/\" \/>\n<meta property=\"og:site_name\" content=\"BnGRS\" \/>\n<meta property=\"article:publisher\" content=\"https:\/\/www.facebook.com\/BnGRealShoes\/\" \/>\n<meta property=\"article:modified_time\" content=\"2026-03-03T10:02:01+00:00\" \/>\n<meta property=\"og:image\" content=\"https:\/\/bngrealshoes.com\/wp-content\/uploads\/2021\/11\/LA-NATURALE-BLACK-1.jpg\" \/>\n\t<meta property=\"og:image:width\" content=\"640\" \/>\n\t<meta property=\"og:image:height\" content=\"426\" \/>\n\t<meta property=\"og:image:type\" content=\"image\/jpeg\" \/>\n<meta name=\"twitter:card\" content=\"summary_large_image\" \/>\n<meta name=\"twitter:label1\" content=\"Tempo di lettura stimato\" \/>\n\t<meta name=\"twitter:data1\" content=\"1 minuto\" \/>\n<script type=\"application\/ld+json\" class=\"yoast-schema-graph\">{\"@context\":\"https:\/\/schema.org\",\"@graph\":[{\"@type\":\"WebPage\",\"@id\":\"https:\/\/bngrealshoes.com\/it\/prodotto\/d2004-o-4axh-la-naturale-black\/\",\"url\":\"https:\/\/bngrealshoes.com\/it\/prodotto\/d2004-o-4axh-la-naturale-black\/\",\"name\":\"D2004\/O-4AXH - LA NATURALE Black | BnGRS\",\"isPartOf\":{\"@id\":\"https:\/\/bngrealshoes.com\/it\/#website\"},\"primaryImageOfPage\":{\"@id\":\"https:\/\/bngrealshoes.com\/it\/prodotto\/d2004-o-4axh-la-naturale-black\/#primaryimage\"},\"image\":{\"@id\":\"https:\/\/bngrealshoes.com\/it\/prodotto\/d2004-o-4axh-la-naturale-black\/#primaryimage\"},\"thumbnailUrl\":\"https:\/\/bngrealshoes.com\/wp-content\/uploads\/2021\/11\/LA-NATURALE-BLACK-1.jpg\",\"datePublished\":\"2021-11-22T14:07:37+00:00\",\"dateModified\":\"2026-03-03T10:02:01+00:00\",\"description\":\"Polacchino stile Basket, realizzato in morbidissima pelle naturale. Successivamente lavorato e invecchiato a mano per osare un aspetto vintage. I lacci sono in cotone nero. Il bordo perimetrale della pelle \u00e8 tinto a mano in colore naturale in tinta con la fodera. Le cuciture nere danno un tocco di sportivit\u00e0. La fodera \u00e8 in pelle naturale e dona un effetto di totale traspirabilit\u00e0. In tutte le nostre scarpe le solette interne, realizzate in memory foam rivestite in pelle, possono essere rimosse all'occorrenza aumentando la calzata. Il piede \u00e8 completamente avvolto in materiale naturale e salutare. La suola \u00e8 realizzata in leggero EVA fresato su misura. Interamente fatto a mano in Veneto - Italia\",\"breadcrumb\":{\"@id\":\"https:\/\/bngrealshoes.com\/it\/prodotto\/d2004-o-4axh-la-naturale-black\/#breadcrumb\"},\"inLanguage\":\"it-IT\",\"potentialAction\":[{\"@type\":\"ReadAction\",\"target\":[\"https:\/\/bngrealshoes.com\/it\/prodotto\/d2004-o-4axh-la-naturale-black\/\"]}]},{\"@type\":\"ImageObject\",\"inLanguage\":\"it-IT\",\"@id\":\"https:\/\/bngrealshoes.com\/it\/prodotto\/d2004-o-4axh-la-naturale-black\/#primaryimage\",\"url\":\"https:\/\/bngrealshoes.com\/wp-content\/uploads\/2021\/11\/LA-NATURALE-BLACK-1.jpg\",\"contentUrl\":\"https:\/\/bngrealshoes.com\/wp-content\/uploads\/2021\/11\/LA-NATURALE-BLACK-1.jpg\",\"width\":640,\"height\":426},{\"@type\":\"BreadcrumbList\",\"@id\":\"https:\/\/bngrealshoes.com\/it\/prodotto\/d2004-o-4axh-la-naturale-black\/#breadcrumb\",\"itemListElement\":[{\"@type\":\"ListItem\",\"position\":1,\"name\":\"Home\",\"item\":\"https:\/\/bngrealshoes.com\/it\/\"},{\"@type\":\"ListItem\",\"position\":2,\"name\":\"Shop\",\"item\":\"https:\/\/bngrealshoes.com\/it\/shop\/\"},{\"@type\":\"ListItem\",\"position\":3,\"name\":\"D2004\/O-4AXH &#8211; LA NATURALE Black\"}]},{\"@type\":\"WebSite\",\"@id\":\"https:\/\/bngrealshoes.com\/it\/#website\",\"url\":\"https:\/\/bngrealshoes.com\/it\/\",\"name\":\"BnGRS\",\"description\":\"Real materials for real people.\",\"publisher\":{\"@id\":\"https:\/\/bngrealshoes.com\/it\/#organization\"},\"potentialAction\":[{\"@type\":\"SearchAction\",\"target\":{\"@type\":\"EntryPoint\",\"urlTemplate\":\"https:\/\/bngrealshoes.com\/it\/?s={search_term_string}\"},\"query-input\":{\"@type\":\"PropertyValueSpecification\",\"valueRequired\":true,\"valueName\":\"search_term_string\"}}],\"inLanguage\":\"it-IT\"},{\"@type\":\"Organization\",\"@id\":\"https:\/\/bngrealshoes.com\/it\/#organization\",\"name\":\"BnGRS\",\"url\":\"https:\/\/bngrealshoes.com\/it\/\",\"logo\":{\"@type\":\"ImageObject\",\"inLanguage\":\"it-IT\",\"@id\":\"https:\/\/bngrealshoes.com\/it\/#\/schema\/logo\/image\/\",\"url\":\"https:\/\/bngrealshoes.com\/wp-content\/uploads\/2020\/12\/4Risorsa-1.png\",\"contentUrl\":\"https:\/\/bngrealshoes.com\/wp-content\/uploads\/2020\/12\/4Risorsa-1.png\",\"width\":573,\"height\":541,\"caption\":\"BnGRS\"},\"image\":{\"@id\":\"https:\/\/bngrealshoes.com\/it\/#\/schema\/logo\/image\/\"},\"sameAs\":[\"https:\/\/www.facebook.com\/BnGRealShoes\/\",\"https:\/\/www.instagram.com\/bng_real_shoes\/\"]}]}<\/script>\n<!-- \/ Yoast SEO plugin. -->","yoast_head_json":{"title":"D2004\/O-4AXH - LA NATURALE Black | BnGRS","description":"Polacchino stile Basket, realizzato in morbidissima pelle naturale. Successivamente lavorato e invecchiato a mano per osare un aspetto vintage. I lacci sono in cotone nero. Il bordo perimetrale della pelle \u00e8 tinto a mano in colore naturale in tinta con la fodera. Le cuciture nere danno un tocco di sportivit\u00e0. La fodera \u00e8 in pelle naturale e dona un effetto di totale traspirabilit\u00e0. In tutte le nostre scarpe le solette interne, realizzate in memory foam rivestite in pelle, possono essere rimosse all'occorrenza aumentando la calzata. Il piede \u00e8 completamente avvolto in materiale naturale e salutare. La suola \u00e8 realizzata in leggero EVA fresato su misura. Interamente fatto a mano in Veneto - Italia","robots":{"index":"index","follow":"follow","max-snippet":"max-snippet:-1","max-image-preview":"max-image-preview:large","max-video-preview":"max-video-preview:-1"},"canonical":"https:\/\/bngrealshoes.com\/it\/prodotto\/d2004-o-4axh-la-naturale-black\/","og_locale":"it_IT","og_type":"article","og_title":"D2004\/O-4AXH - LA NATURALE Black | BnGRS","og_description":"Polacchino stile Basket, realizzato in morbidissima pelle naturale. Successivamente lavorato e invecchiato a mano per osare un aspetto vintage. I lacci sono in cotone nero. Il bordo perimetrale della pelle \u00e8 tinto a mano in colore naturale in tinta con la fodera. Le cuciture nere danno un tocco di sportivit\u00e0. La fodera \u00e8 in pelle naturale e dona un effetto di totale traspirabilit\u00e0. In tutte le nostre scarpe le solette interne, realizzate in memory foam rivestite in pelle, possono essere rimosse all'occorrenza aumentando la calzata. Il piede \u00e8 completamente avvolto in materiale naturale e salutare. La suola \u00e8 realizzata in leggero EVA fresato su misura. Interamente fatto a mano in Veneto - Italia","og_url":"https:\/\/bngrealshoes.com\/it\/prodotto\/d2004-o-4axh-la-naturale-black\/","og_site_name":"BnGRS","article_publisher":"https:\/\/www.facebook.com\/BnGRealShoes\/","article_modified_time":"2026-03-03T10:02:01+00:00","og_image":[{"width":640,"height":426,"url":"https:\/\/bngrealshoes.com\/wp-content\/uploads\/2021\/11\/LA-NATURALE-BLACK-1.jpg","type":"image\/jpeg"}],"twitter_card":"summary_large_image","twitter_misc":{"Tempo di lettura stimato":"1 minuto"},"schema":{"@context":"https:\/\/schema.org","@graph":[{"@type":"WebPage","@id":"https:\/\/bngrealshoes.com\/it\/prodotto\/d2004-o-4axh-la-naturale-black\/","url":"https:\/\/bngrealshoes.com\/it\/prodotto\/d2004-o-4axh-la-naturale-black\/","name":"D2004\/O-4AXH - LA NATURALE Black | BnGRS","isPartOf":{"@id":"https:\/\/bngrealshoes.com\/it\/#website"},"primaryImageOfPage":{"@id":"https:\/\/bngrealshoes.com\/it\/prodotto\/d2004-o-4axh-la-naturale-black\/#primaryimage"},"image":{"@id":"https:\/\/bngrealshoes.com\/it\/prodotto\/d2004-o-4axh-la-naturale-black\/#primaryimage"},"thumbnailUrl":"https:\/\/bngrealshoes.com\/wp-content\/uploads\/2021\/11\/LA-NATURALE-BLACK-1.jpg","datePublished":"2021-11-22T14:07:37+00:00","dateModified":"2026-03-03T10:02:01+00:00","description":"Polacchino stile Basket, realizzato in morbidissima pelle naturale. Successivamente lavorato e invecchiato a mano per osare un aspetto vintage. I lacci sono in cotone nero. Il bordo perimetrale della pelle \u00e8 tinto a mano in colore naturale in tinta con la fodera. Le cuciture nere danno un tocco di sportivit\u00e0. La fodera \u00e8 in pelle naturale e dona un effetto di totale traspirabilit\u00e0. In tutte le nostre scarpe le solette interne, realizzate in memory foam rivestite in pelle, possono essere rimosse all'occorrenza aumentando la calzata. Il piede \u00e8 completamente avvolto in materiale naturale e salutare. La suola \u00e8 realizzata in leggero EVA fresato su misura. Interamente fatto a mano in Veneto - Italia","breadcrumb":{"@id":"https:\/\/bngrealshoes.com\/it\/prodotto\/d2004-o-4axh-la-naturale-black\/#breadcrumb"},"inLanguage":"it-IT","potentialAction":[{"@type":"ReadAction","target":["https:\/\/bngrealshoes.com\/it\/prodotto\/d2004-o-4axh-la-naturale-black\/"]}]},{"@type":"ImageObject","inLanguage":"it-IT","@id":"https:\/\/bngrealshoes.com\/it\/prodotto\/d2004-o-4axh-la-naturale-black\/#primaryimage","url":"https:\/\/bngrealshoes.com\/wp-content\/uploads\/2021\/11\/LA-NATURALE-BLACK-1.jpg","contentUrl":"https:\/\/bngrealshoes.com\/wp-content\/uploads\/2021\/11\/LA-NATURALE-BLACK-1.jpg","width":640,"height":426},{"@type":"BreadcrumbList","@id":"https:\/\/bngrealshoes.com\/it\/prodotto\/d2004-o-4axh-la-naturale-black\/#breadcrumb","itemListElement":[{"@type":"ListItem","position":1,"name":"Home","item":"https:\/\/bngrealshoes.com\/it\/"},{"@type":"ListItem","position":2,"name":"Shop","item":"https:\/\/bngrealshoes.com\/it\/shop\/"},{"@type":"ListItem","position":3,"name":"D2004\/O-4AXH &#8211; LA NATURALE Black"}]},{"@type":"WebSite","@id":"https:\/\/bngrealshoes.com\/it\/#website","url":"https:\/\/bngrealshoes.com\/it\/","name":"BnGRS","description":"Real materials for real people.","publisher":{"@id":"https:\/\/bngrealshoes.com\/it\/#organization"},"potentialAction":[{"@type":"SearchAction","target":{"@type":"EntryPoint","urlTemplate":"https:\/\/bngrealshoes.com\/it\/?s={search_term_string}"},"query-input":{"@type":"PropertyValueSpecification","valueRequired":true,"valueName":"search_term_string"}}],"inLanguage":"it-IT"},{"@type":"Organization","@id":"https:\/\/bngrealshoes.com\/it\/#organization","name":"BnGRS","url":"https:\/\/bngrealshoes.com\/it\/","logo":{"@type":"ImageObject","inLanguage":"it-IT","@id":"https:\/\/bngrealshoes.com\/it\/#\/schema\/logo\/image\/","url":"https:\/\/bngrealshoes.com\/wp-content\/uploads\/2020\/12\/4Risorsa-1.png","contentUrl":"https:\/\/bngrealshoes.com\/wp-content\/uploads\/2020\/12\/4Risorsa-1.png","width":573,"height":541,"caption":"BnGRS"},"image":{"@id":"https:\/\/bngrealshoes.com\/it\/#\/schema\/logo\/image\/"},"sameAs":["https:\/\/www.facebook.com\/BnGRealShoes\/","https:\/\/www.instagram.com\/bng_real_shoes\/"]}]}},"_links":{"self":[{"href":"https:\/\/bngrealshoes.com\/it\/wp-json\/wp\/v2\/product\/8053","targetHints":{"allow":["GET"]}}],"collection":[{"href":"https:\/\/bngrealshoes.com\/it\/wp-json\/wp\/v2\/product"}],"about":[{"href":"https:\/\/bngrealshoes.com\/it\/wp-json\/wp\/v2\/types\/product"}],"wp:featuredmedia":[{"embeddable":true,"href":"https:\/\/bngrealshoes.com\/it\/wp-json\/wp\/v2\/media\/104529"}],"wp:attachment":[{"href":"https:\/\/bngrealshoes.com\/it\/wp-json\/wp\/v2\/media?parent=8053"}],"wp:term":[{"taxonomy":"product_cat","embeddable":true,"href":"https:\/\/bngrealshoes.com\/it\/wp-json\/wp\/v2\/product_cat?post=8053"},{"taxonomy":"product_tag","embeddable":true,"href":"https:\/\/bngrealshoes.com\/it\/wp-json\/wp\/v2\/product_tag?post=8053"}],"curies":[{"name":"wp","href":"https:\/\/api.w.org\/{rel}","templated":true}]}}